{"id":9079,"date":"2025-12-30T17:19:48","date_gmt":"2025-12-30T17:19:48","guid":{"rendered":"https:\/\/foryoubaby.ma\/?post_type=product&#038;p=9079"},"modified":"2025-12-30T17:58:37","modified_gmt":"2025-12-30T17:58:37","slug":"ikid-lit-bebe-neusy","status":"publish","type":"product","link":"https:\/\/foryoubaby.ma\/ar\/product\/ikid-lit-bebe-neusy\/","title":{"rendered":"IKID LIT B\u00c9B\u00c9 NEUSY"},"content":{"rendered":"<p>Le lit b\u00e9b\u00e9 \u00ab Neusy \u00bb est un bijou de design qui se distingue par ses courbes originales et son adorable graphisme minimaliste, faisant de lui le centre d\u2019attention de toute chambre d\u2019enfant.<br \/>\nSon c\u00f4t\u00e9 pliant, qui s\u2019actionne d\u2019une seule main, facilite l\u2019acc\u00e8s \u00e0 l\u2019enfant, alliant praticit\u00e9 et style.<br \/>\nAvec six positions de hauteur du sommier, le lit s\u2019adapte parfaitement aux besoins de croissance de l\u2019enfant.<\/p>\n<p>\u00c9quip\u00e9 d\u2019un jeu de quatre roulettes avec freins, le lit \u00ab Neusy \u00bb offre mobilit\u00e9 et stabilit\u00e9 \u00e0 tout moment.<br \/>\nSon sommier \u00e0 lattes multicouches offre un soutien optimal, garantissant le confort du b\u00e9b\u00e9.<br \/>\nIl est \u00e9galement adapt\u00e9 au co-sleeping, permettant une plus grande proximit\u00e9 et un meilleur confort nocturne, et peut \u00eatre compl\u00e9t\u00e9 par le kit de co-sleeping achet\u00e9 s\u00e9par\u00e9ment.<\/p>\n<p>Il comprend un garde-corps de protection en plastique, qui assure une plus grande durabilit\u00e9 et une meilleure protection.<br \/>\nPeint dans une \u00e9l\u00e9gante couleur blanche, le lit d\u2019enfant \u00ab Neusy \u00bb s\u2019int\u00e8gre harmonieusement \u00e0 tous les styles de d\u00e9coration.<br \/>\nMesurant 60 x 120 cm, il offre une solution compacte et \u00e9l\u00e9gante sans sacrifier le confort et la s\u00e9curit\u00e9<\/p>\n<p>&nbsp;<\/p>\n<p>Caract\u00e9ristiques sp\u00e9cifiques :Dimensions : 103 cm de haut, 63 cm de large et 124 cm de long. Poids : 20 kg : 20 kg Couleur : blanc : Blanc Mat\u00e9riaux de haute qualit\u00e9 : Fabriqu\u00e9 enti\u00e8rement en MDF et en pin pour une longue dur\u00e9e de vie et une surface facile \u00e0 nettoyer. 6 hauteurs de sommier : s\u2019adaptent parfaitement aux besoins de croissance de l\u2019enfant. Jeu de 4 roues avec freins : Il offre mobilit\u00e9 et stabilit\u00e9 aux parents. Kit de couchage en commun : Possibilit\u00e9 d\u2019acheter un kit de co-sleeping s\u00e9par\u00e9 comprenant le matelas (115\u00d711.5\u00d710 cm), la planche (116.3\u00d712.3 cm) et les sangles (200 cm)<\/p>","protected":false},"excerpt":{"rendered":"<p>Le lit b\u00e9b\u00e9 \u00ab Neusy \u00bb est un bijou de design qui se distingue par ses courbes originales et son adorable graphisme minimaliste, faisant de lui le centre d\u2019attention de toute chambre d\u2019enfant. Son c\u00f4t\u00e9 pliant, qui s\u2019actionne d\u2019une seule main, facilite l\u2019acc\u00e8s \u00e0 l\u2019enfant, alliant praticit\u00e9 et style. Avec six positions de hauteur du [&hellip;]<\/p>\n","protected":false},"featured_media":9086,"comment_status":"open","ping_status":"closed","template":"","meta":[],"product_brand":[],"product_cat":[98],"product_tag":[],"giftcard-category":[],"class_list":{"0":"post-9079","1":"product","2":"type-product","3":"status-publish","4":"has-post-thumbnail","6":"product_cat-cuna","8":"first","9":"instock","10":"sale","11":"taxable","12":"shipping-taxable","13":"purchasable","14":"product-type-simple"},"jetpack_sharing_enabled":true,"_links":{"self":[{"href":"https:\/\/foryoubaby.ma\/ar\/wp-json\/wp\/v2\/product\/9079","targetHints":{"allow":["GET"]}}],"collection":[{"href":"https:\/\/foryoubaby.ma\/ar\/wp-json\/wp\/v2\/product"}],"about":[{"href":"https:\/\/foryoubaby.ma\/ar\/wp-json\/wp\/v2\/types\/product"}],"replies":[{"embeddable":true,"href":"https:\/\/foryoubaby.ma\/ar\/wp-json\/wp\/v2\/comments?post=9079"}],"wp:featuredmedia":[{"embeddable":true,"href":"https:\/\/foryoubaby.ma\/ar\/wp-json\/wp\/v2\/media\/9086"}],"wp:attachment":[{"href":"https:\/\/foryoubaby.ma\/ar\/wp-json\/wp\/v2\/media?parent=9079"}],"wp:term":[{"taxonomy":"product_brand","embeddable":true,"href":"https:\/\/foryoubaby.ma\/ar\/wp-json\/wp\/v2\/product_brand?post=9079"},{"taxonomy":"product_cat","embeddable":true,"href":"https:\/\/foryoubaby.ma\/ar\/wp-json\/wp\/v2\/product_cat?post=9079"},{"taxonomy":"product_tag","embeddable":true,"href":"https:\/\/foryoubaby.ma\/ar\/wp-json\/wp\/v2\/product_tag?post=9079"},{"taxonomy":"giftcard-category","embeddable":true,"href":"https:\/\/foryoubaby.ma\/ar\/wp-json\/wp\/v2\/giftcard-category?post=9079"}],"curies":[{"name":"wp","href":"https:\/\/api.w.org\/{rel}","templated":true}]}}