{"id":9047,"date":"2025-11-17T11:02:39","date_gmt":"2025-11-17T11:02:39","guid":{"rendered":"https:\/\/foryoubaby.ma\/?post_type=product&#038;p=9047"},"modified":"2025-11-17T11:02:50","modified_gmt":"2025-11-17T11:02:50","slug":"biolane-liniment-oleo-calcaire","status":"publish","type":"product","link":"https:\/\/foryoubaby.ma\/ar\/product\/biolane-liniment-oleo-calcaire\/","title":{"rendered":"biolane Liniment ol\u00e9o-calcaire"},"content":{"rendered":"<p><span class=\"metafield-multi_line_text_field\">Le liniment ol\u00e9o-calcaire Biolane nettoie et prot\u00e8ge en un seul geste le si\u00e8ge de votre b\u00e9b\u00e9, en laissant un film protecteur contre les agressions ext\u00e9rieures irritantes (urines, selles, frottement des couches&#8230;).<\/p>\n<p>Notre vocation : prot\u00e9ger la peau sensible de votre b\u00e9b\u00e9<br \/>\n&#8211; Une pr\u00e9paration traditionnelle \u00e0 99% d&rsquo;ingr\u00e9dients d&rsquo;origine naturelle, \u00e0 base d&rsquo;huile d&rsquo;olive et d&rsquo;eau de chaux qui nourrit l&rsquo;\u00e9piderme fessier au quotidien.<br \/>\n&#8211; Une formule test\u00e9e cliniquement sous contr\u00f4le m\u00e9dical pour la plus grande s\u00e9curit\u00e9 des nouveau-n\u00e9s.<\/p>\n<p>Notre engagement : participer \u00e0 un avenir durable<br \/>\n&#8211; Fabrication fran\u00e7aise sur notre site vend\u00e9en qui favorise l&#8217;emploi local<\/span><\/p>","protected":false},"excerpt":{"rendered":"<p>Le liniment ol\u00e9o-calcaire Biolane nettoie et prot\u00e8ge en un seul geste le si\u00e8ge de votre b\u00e9b\u00e9, en laissant un film protecteur contre les agressions ext\u00e9rieures irritantes (urines, selles, frottement des couches&#8230;). Notre vocation : prot\u00e9ger la peau sensible de votre b\u00e9b\u00e9 &#8211; Une pr\u00e9paration traditionnelle \u00e0 99% d&rsquo;ingr\u00e9dients d&rsquo;origine naturelle, \u00e0 base d&rsquo;huile d&rsquo;olive et [&hellip;]<\/p>\n","protected":false},"featured_media":9049,"comment_status":"open","ping_status":"closed","template":"","meta":[],"product_brand":[278],"product_cat":[63],"product_tag":[],"giftcard-category":[],"class_list":{"0":"post-9047","1":"product","2":"type-product","3":"status-publish","4":"has-post-thumbnail","6":"product_brand-biolane","7":"product_cat-hygiene-et-soin","9":"first","10":"instock","11":"taxable","12":"shipping-taxable","13":"purchasable","14":"product-type-variable"},"jetpack_sharing_enabled":true,"_links":{"self":[{"href":"https:\/\/foryoubaby.ma\/ar\/wp-json\/wp\/v2\/product\/9047","targetHints":{"allow":["GET"]}}],"collection":[{"href":"https:\/\/foryoubaby.ma\/ar\/wp-json\/wp\/v2\/product"}],"about":[{"href":"https:\/\/foryoubaby.ma\/ar\/wp-json\/wp\/v2\/types\/product"}],"replies":[{"embeddable":true,"href":"https:\/\/foryoubaby.ma\/ar\/wp-json\/wp\/v2\/comments?post=9047"}],"wp:featuredmedia":[{"embeddable":true,"href":"https:\/\/foryoubaby.ma\/ar\/wp-json\/wp\/v2\/media\/9049"}],"wp:attachment":[{"href":"https:\/\/foryoubaby.ma\/ar\/wp-json\/wp\/v2\/media?parent=9047"}],"wp:term":[{"taxonomy":"product_brand","embeddable":true,"href":"https:\/\/foryoubaby.ma\/ar\/wp-json\/wp\/v2\/product_brand?post=9047"},{"taxonomy":"product_cat","embeddable":true,"href":"https:\/\/foryoubaby.ma\/ar\/wp-json\/wp\/v2\/product_cat?post=9047"},{"taxonomy":"product_tag","embeddable":true,"href":"https:\/\/foryoubaby.ma\/ar\/wp-json\/wp\/v2\/product_tag?post=9047"},{"taxonomy":"giftcard-category","embeddable":true,"href":"https:\/\/foryoubaby.ma\/ar\/wp-json\/wp\/v2\/giftcard-category?post=9047"}],"curies":[{"name":"wp","href":"https:\/\/api.w.org\/{rel}","templated":true}]}}