{"id":9043,"date":"2025-11-17T10:25:39","date_gmt":"2025-11-17T10:25:39","guid":{"rendered":"https:\/\/foryoubaby.ma\/?post_type=product&#038;p=9043"},"modified":"2025-11-17T10:25:39","modified_gmt":"2025-11-17T10:25:39","slug":"biolane-lait-corps-biolane-expert","status":"publish","type":"product","link":"https:\/\/foryoubaby.ma\/ar\/product\/biolane-lait-corps-biolane-expert\/","title":{"rendered":"biolane Lait corps Biolane Expert"},"content":{"rendered":"<p><span class=\"metafield-multi_line_text_field\">Le lait corps nourrit durablement et apaise la peau de votre b\u00e9b\u00e9.<br \/>\nUne efficacit\u00e9 prouv\u00e9e : + 62 % d&rsquo;hydratation 8H apr\u00e8s l&rsquo;application.<\/p>\n<p>Prot\u00e9ger les b\u00e9b\u00e9s, en pr\u00e9servant la nature :<br \/>\n&#8211; Un flacon d&rsquo;origine v\u00e9g\u00e9tale<br \/>\n&#8211; Une fabrication sur notre site vend\u00e9en<br \/>\n&#8211; Une formule \u00e0 98 % d&rsquo;origine naturelle<\/p>\n<p>\u00c0 quoi correspondent les 2% restants ?<br \/>\n&#8211; Un syst\u00e8me conservateur afin de garantir la s\u00e9curit\u00e9 de votre b\u00e9b\u00e9.<br \/>\n&#8211; Des agents qui assurent une formule homog\u00e8ne \u00e0 la texture adapt\u00e9e.<br \/>\n&#8211; Un parfum sans aucune substances allergisantes pour allier douceur et plaisir<\/span><\/p>","protected":false},"excerpt":{"rendered":"<p>Le lait corps nourrit durablement et apaise la peau de votre b\u00e9b\u00e9. Une efficacit\u00e9 prouv\u00e9e : + 62 % d&rsquo;hydratation 8H apr\u00e8s l&rsquo;application. Prot\u00e9ger les b\u00e9b\u00e9s, en pr\u00e9servant la nature : &#8211; Un flacon d&rsquo;origine v\u00e9g\u00e9tale &#8211; Une fabrication sur notre site vend\u00e9en &#8211; Une formule \u00e0 98 % d&rsquo;origine naturelle \u00c0 quoi correspondent les [&hellip;]<\/p>\n","protected":false},"featured_media":9046,"comment_status":"open","ping_status":"closed","template":"","meta":[],"product_brand":[278],"product_cat":[63],"product_tag":[],"giftcard-category":[],"class_list":{"0":"post-9043","1":"product","2":"type-product","3":"status-publish","4":"has-post-thumbnail","6":"product_brand-biolane","7":"product_cat-hygiene-et-soin","9":"first","10":"instock","11":"taxable","12":"shipping-taxable","13":"purchasable","14":"product-type-simple"},"jetpack_sharing_enabled":true,"_links":{"self":[{"href":"https:\/\/foryoubaby.ma\/ar\/wp-json\/wp\/v2\/product\/9043","targetHints":{"allow":["GET"]}}],"collection":[{"href":"https:\/\/foryoubaby.ma\/ar\/wp-json\/wp\/v2\/product"}],"about":[{"href":"https:\/\/foryoubaby.ma\/ar\/wp-json\/wp\/v2\/types\/product"}],"replies":[{"embeddable":true,"href":"https:\/\/foryoubaby.ma\/ar\/wp-json\/wp\/v2\/comments?post=9043"}],"wp:featuredmedia":[{"embeddable":true,"href":"https:\/\/foryoubaby.ma\/ar\/wp-json\/wp\/v2\/media\/9046"}],"wp:attachment":[{"href":"https:\/\/foryoubaby.ma\/ar\/wp-json\/wp\/v2\/media?parent=9043"}],"wp:term":[{"taxonomy":"product_brand","embeddable":true,"href":"https:\/\/foryoubaby.ma\/ar\/wp-json\/wp\/v2\/product_brand?post=9043"},{"taxonomy":"product_cat","embeddable":true,"href":"https:\/\/foryoubaby.ma\/ar\/wp-json\/wp\/v2\/product_cat?post=9043"},{"taxonomy":"product_tag","embeddable":true,"href":"https:\/\/foryoubaby.ma\/ar\/wp-json\/wp\/v2\/product_tag?post=9043"},{"taxonomy":"giftcard-category","embeddable":true,"href":"https:\/\/foryoubaby.ma\/ar\/wp-json\/wp\/v2\/giftcard-category?post=9043"}],"curies":[{"name":"wp","href":"https:\/\/api.w.org\/{rel}","templated":true}]}}