{"id":9037,"date":"2025-11-17T10:21:48","date_gmt":"2025-11-17T10:21:48","guid":{"rendered":"https:\/\/foryoubaby.ma\/?post_type=product&#038;p=9037"},"modified":"2025-11-17T10:21:48","modified_gmt":"2025-11-17T10:21:48","slug":"bioane-eau-de-toilette-fraicheur","status":"publish","type":"product","link":"https:\/\/foryoubaby.ma\/ar\/product\/bioane-eau-de-toilette-fraicheur\/","title":{"rendered":"bioane Eau de toilette fra\u00eecheur"},"content":{"rendered":"<p><span class=\"metafield-multi_line_text_field\">L&rsquo;eau de toilette fra\u00eecheur Biolane compl\u00e8te agr\u00e9ablement la toilette et rafra\u00eechit votre b\u00e9b\u00e9 \u00e0 tout moment de la journ\u00e9e.<\/p>\n<p>Notre vocation : prot\u00e9ger la peau sensible de votre b\u00e9b\u00e9<br \/>\n&#8211; Une eau de toilette \u00e0 99% d&rsquo;ingr\u00e9dients d&rsquo;origine naturelle, formul\u00e9e sans alcool et \u00e0 pH physiologique pour pr\u00e9server l&rsquo;\u00e9quilibre naturel cutan\u00e9.<br \/>\n&#8211; Une formule test\u00e9e cliniquement sous contr\u00f4le m\u00e9dical pour la plus grande s\u00e9curit\u00e9 des nouveau-n\u00e9s<\/p>\n<p>Notre engagement : participer \u00e0 un avenir durable<br \/>\n&#8211; Fabrication fran\u00e7aise sur notre site vend\u00e9en qui favorise l&#8217;emploi local<\/span><\/p>","protected":false},"excerpt":{"rendered":"<p>L&rsquo;eau de toilette fra\u00eecheur Biolane compl\u00e8te agr\u00e9ablement la toilette et rafra\u00eechit votre b\u00e9b\u00e9 \u00e0 tout moment de la journ\u00e9e. Notre vocation : prot\u00e9ger la peau sensible de votre b\u00e9b\u00e9 &#8211; Une eau de toilette \u00e0 99% d&rsquo;ingr\u00e9dients d&rsquo;origine naturelle, formul\u00e9e sans alcool et \u00e0 pH physiologique pour pr\u00e9server l&rsquo;\u00e9quilibre naturel cutan\u00e9. &#8211; Une formule test\u00e9e [&hellip;]<\/p>\n","protected":false},"featured_media":9039,"comment_status":"open","ping_status":"closed","template":"","meta":[],"product_brand":[278],"product_cat":[63],"product_tag":[],"giftcard-category":[],"class_list":{"0":"post-9037","1":"product","2":"type-product","3":"status-publish","4":"has-post-thumbnail","6":"product_brand-biolane","7":"product_cat-hygiene-et-soin","9":"first","10":"instock","11":"taxable","12":"shipping-taxable","13":"purchasable","14":"product-type-simple"},"jetpack_sharing_enabled":true,"_links":{"self":[{"href":"https:\/\/foryoubaby.ma\/ar\/wp-json\/wp\/v2\/product\/9037","targetHints":{"allow":["GET"]}}],"collection":[{"href":"https:\/\/foryoubaby.ma\/ar\/wp-json\/wp\/v2\/product"}],"about":[{"href":"https:\/\/foryoubaby.ma\/ar\/wp-json\/wp\/v2\/types\/product"}],"replies":[{"embeddable":true,"href":"https:\/\/foryoubaby.ma\/ar\/wp-json\/wp\/v2\/comments?post=9037"}],"wp:featuredmedia":[{"embeddable":true,"href":"https:\/\/foryoubaby.ma\/ar\/wp-json\/wp\/v2\/media\/9039"}],"wp:attachment":[{"href":"https:\/\/foryoubaby.ma\/ar\/wp-json\/wp\/v2\/media?parent=9037"}],"wp:term":[{"taxonomy":"product_brand","embeddable":true,"href":"https:\/\/foryoubaby.ma\/ar\/wp-json\/wp\/v2\/product_brand?post=9037"},{"taxonomy":"product_cat","embeddable":true,"href":"https:\/\/foryoubaby.ma\/ar\/wp-json\/wp\/v2\/product_cat?post=9037"},{"taxonomy":"product_tag","embeddable":true,"href":"https:\/\/foryoubaby.ma\/ar\/wp-json\/wp\/v2\/product_tag?post=9037"},{"taxonomy":"giftcard-category","embeddable":true,"href":"https:\/\/foryoubaby.ma\/ar\/wp-json\/wp\/v2\/giftcard-category?post=9037"}],"curies":[{"name":"wp","href":"https:\/\/api.w.org\/{rel}","templated":true}]}}