{"id":9033,"date":"2025-11-17T10:18:00","date_gmt":"2025-11-17T10:18:00","guid":{"rendered":"https:\/\/foryoubaby.ma\/?post_type=product&#038;p=9033"},"modified":"2025-11-17T10:18:00","modified_gmt":"2025-11-17T10:18:00","slug":"biolane-lait-de-toilette-douce","status":"publish","type":"product","link":"https:\/\/foryoubaby.ma\/ar\/product\/biolane-lait-de-toilette-douce\/","title":{"rendered":"Biolane Lait de toilette douce"},"content":{"rendered":"<p><span class=\"metafield-multi_line_text_field\">Le lait de toilette Biolane nettoie le visage, le corps et le si\u00e8ge de votre b\u00e9b\u00e9 pour que sa peau retrouve douceur et confort.<br \/>\nUne efficacit\u00e9 prouv\u00e9e : une peau nourrie \u00e0 +31% apr\u00e8s 28 jours d&rsquo;utilisation.<br \/>\nHydratation +26% apr\u00e8s 3h, test\u00e9 sur 11 volontaires<\/p>\n<p>Notre vocation : prot\u00e9ger la peau sensible de votre b\u00e9b\u00e9<br \/>\nUne formule \u00e0 99% d&rsquo;ingr\u00e9dients d&rsquo;origine naturelle, enrichie en substances adoucissantes, qui nettoie en douceur tout en hydratant intens\u00e9ment et ainsi lutte contre la s\u00e9cheresse cutan\u00e9e.<br \/>\nUne formule test\u00e9e cliniquement sous contr\u00f4le m\u00e9dical pour la plus grande s\u00e9curit\u00e9 des nouveau-n\u00e9s.<\/p>\n<p>Notre engagement : participer \u00e0 un avenir durable<br \/>\nFabrication fran\u00e7aise sur notre site vend\u00e9en qui favorise l&#8217;emploi local<\/span><\/p>","protected":false},"excerpt":{"rendered":"<p>Le lait de toilette Biolane nettoie le visage, le corps et le si\u00e8ge de votre b\u00e9b\u00e9 pour que sa peau retrouve douceur et confort. Une efficacit\u00e9 prouv\u00e9e : une peau nourrie \u00e0 +31% apr\u00e8s 28 jours d&rsquo;utilisation. Hydratation +26% apr\u00e8s 3h, test\u00e9 sur 11 volontaires Notre vocation : prot\u00e9ger la peau sensible de votre b\u00e9b\u00e9 [&hellip;]<\/p>\n","protected":false},"featured_media":9036,"comment_status":"open","ping_status":"closed","template":"","meta":[],"product_brand":[278],"product_cat":[63],"product_tag":[],"giftcard-category":[],"class_list":{"0":"post-9033","1":"product","2":"type-product","3":"status-publish","4":"has-post-thumbnail","6":"product_brand-biolane","7":"product_cat-hygiene-et-soin","9":"first","10":"instock","11":"taxable","12":"shipping-taxable","13":"purchasable","14":"product-type-simple"},"jetpack_sharing_enabled":true,"_links":{"self":[{"href":"https:\/\/foryoubaby.ma\/ar\/wp-json\/wp\/v2\/product\/9033","targetHints":{"allow":["GET"]}}],"collection":[{"href":"https:\/\/foryoubaby.ma\/ar\/wp-json\/wp\/v2\/product"}],"about":[{"href":"https:\/\/foryoubaby.ma\/ar\/wp-json\/wp\/v2\/types\/product"}],"replies":[{"embeddable":true,"href":"https:\/\/foryoubaby.ma\/ar\/wp-json\/wp\/v2\/comments?post=9033"}],"wp:featuredmedia":[{"embeddable":true,"href":"https:\/\/foryoubaby.ma\/ar\/wp-json\/wp\/v2\/media\/9036"}],"wp:attachment":[{"href":"https:\/\/foryoubaby.ma\/ar\/wp-json\/wp\/v2\/media?parent=9033"}],"wp:term":[{"taxonomy":"product_brand","embeddable":true,"href":"https:\/\/foryoubaby.ma\/ar\/wp-json\/wp\/v2\/product_brand?post=9033"},{"taxonomy":"product_cat","embeddable":true,"href":"https:\/\/foryoubaby.ma\/ar\/wp-json\/wp\/v2\/product_cat?post=9033"},{"taxonomy":"product_tag","embeddable":true,"href":"https:\/\/foryoubaby.ma\/ar\/wp-json\/wp\/v2\/product_tag?post=9033"},{"taxonomy":"giftcard-category","embeddable":true,"href":"https:\/\/foryoubaby.ma\/ar\/wp-json\/wp\/v2\/giftcard-category?post=9033"}],"curies":[{"name":"wp","href":"https:\/\/api.w.org\/{rel}","templated":true}]}}