{"id":9024,"date":"2025-11-17T10:13:18","date_gmt":"2025-11-17T10:13:18","guid":{"rendered":"https:\/\/foryoubaby.ma\/?post_type=product&#038;p=9024"},"modified":"2025-11-17T10:13:18","modified_gmt":"2025-11-17T10:13:18","slug":"biolane-gel-lavant-corps-cheveux-2-en-1","status":"publish","type":"product","link":"https:\/\/foryoubaby.ma\/ar\/product\/biolane-gel-lavant-corps-cheveux-2-en-1\/","title":{"rendered":"biolane Gel lavant corps &#038; cheveux 2 en 1"},"content":{"rendered":"<p><span class=\"metafield-multi_line_text_field\">Le gel lavant corps et cheveux Biolane nettoie en douceur et pr\u00e9serve la peau fragile de votre b\u00e9b\u00e9 pour qu&rsquo;elle reste souple, douce et confortable.<\/p>\n<p>Gr\u00e2ce \u00e0 sa pompe, elle d\u00e9livre directement la juste dose dans votre main par une simple pression.<\/p>\n<p>Notre vocation : prot\u00e9ger la peau sensible de votre b\u00e9b\u00e9<br \/>\nUn gel lavant \u00e0 97% d&rsquo;ingr\u00e9dients d&rsquo;origine naturelle, enrichi d&rsquo;un agent surgraissant qui \u00e9vite les sensations d&rsquo;inconfort et de tiraillement.<br \/>\nUne formule test\u00e9e cliniquement sous contr\u00f4le m\u00e9dical pour la plus grande s\u00e9curit\u00e9 des nouveau-n\u00e9s.<\/p>\n<p>Notre engagement : participer \u00e0 un avenir durable<br \/>\nUne fabrication fran\u00e7aise sur notre site vend\u00e9en pour favoriser l&#8217;emploi local<\/span><\/p>","protected":false},"excerpt":{"rendered":"<p>Le gel lavant corps et cheveux Biolane nettoie en douceur et pr\u00e9serve la peau fragile de votre b\u00e9b\u00e9 pour qu&rsquo;elle reste souple, douce et confortable. Gr\u00e2ce \u00e0 sa pompe, elle d\u00e9livre directement la juste dose dans votre main par une simple pression. Notre vocation : prot\u00e9ger la peau sensible de votre b\u00e9b\u00e9 Un gel lavant [&hellip;]<\/p>\n","protected":false},"featured_media":9028,"comment_status":"open","ping_status":"closed","template":"","meta":[],"product_brand":[278],"product_cat":[63],"product_tag":[],"giftcard-category":[],"class_list":{"0":"post-9024","1":"product","2":"type-product","3":"status-publish","4":"has-post-thumbnail","6":"product_brand-biolane","7":"product_cat-hygiene-et-soin","9":"first","10":"instock","11":"taxable","12":"shipping-taxable","13":"purchasable","14":"product-type-variable"},"jetpack_sharing_enabled":true,"_links":{"self":[{"href":"https:\/\/foryoubaby.ma\/ar\/wp-json\/wp\/v2\/product\/9024","targetHints":{"allow":["GET"]}}],"collection":[{"href":"https:\/\/foryoubaby.ma\/ar\/wp-json\/wp\/v2\/product"}],"about":[{"href":"https:\/\/foryoubaby.ma\/ar\/wp-json\/wp\/v2\/types\/product"}],"replies":[{"embeddable":true,"href":"https:\/\/foryoubaby.ma\/ar\/wp-json\/wp\/v2\/comments?post=9024"}],"wp:featuredmedia":[{"embeddable":true,"href":"https:\/\/foryoubaby.ma\/ar\/wp-json\/wp\/v2\/media\/9028"}],"wp:attachment":[{"href":"https:\/\/foryoubaby.ma\/ar\/wp-json\/wp\/v2\/media?parent=9024"}],"wp:term":[{"taxonomy":"product_brand","embeddable":true,"href":"https:\/\/foryoubaby.ma\/ar\/wp-json\/wp\/v2\/product_brand?post=9024"},{"taxonomy":"product_cat","embeddable":true,"href":"https:\/\/foryoubaby.ma\/ar\/wp-json\/wp\/v2\/product_cat?post=9024"},{"taxonomy":"product_tag","embeddable":true,"href":"https:\/\/foryoubaby.ma\/ar\/wp-json\/wp\/v2\/product_tag?post=9024"},{"taxonomy":"giftcard-category","embeddable":true,"href":"https:\/\/foryoubaby.ma\/ar\/wp-json\/wp\/v2\/giftcard-category?post=9024"}],"curies":[{"name":"wp","href":"https:\/\/api.w.org\/{rel}","templated":true}]}}