{"id":9018,"date":"2025-11-17T10:02:32","date_gmt":"2025-11-17T10:02:32","guid":{"rendered":"https:\/\/foryoubaby.ma\/?post_type=product&#038;p=9018"},"modified":"2025-11-17T10:02:34","modified_gmt":"2025-11-17T10:02:34","slug":"biolane-lingettes-epaisses-h2o","status":"publish","type":"product","link":"https:\/\/foryoubaby.ma\/ar\/product\/biolane-lingettes-epaisses-h2o\/","title":{"rendered":"biolane Lingettes \u00e9paisses H2o"},"content":{"rendered":"<p>Les lingettes H2O Biolane nettoient et prot\u00e8gent en un seul geste le si\u00e8ge, le corps et le visage de votre b\u00e9b\u00e9, tout en pr\u00e9servant l&rsquo;\u00e9quilibre naturel cutan\u00e9.<\/p>","protected":false},"excerpt":{"rendered":"<p>Les lingettes H2O Biolane nettoient et prot\u00e8gent en un seul geste le si\u00e8ge, le corps et le visage de votre b\u00e9b\u00e9, tout en pr\u00e9servant l&rsquo;\u00e9quilibre naturel cutan\u00e9.<\/p>","protected":false},"featured_media":9022,"comment_status":"open","ping_status":"closed","template":"","meta":[],"product_brand":[278],"product_cat":[63],"product_tag":[],"giftcard-category":[],"class_list":{"0":"post-9018","1":"product","2":"type-product","3":"status-publish","4":"has-post-thumbnail","6":"product_brand-biolane","7":"product_cat-hygiene-et-soin","9":"first","10":"instock","11":"taxable","12":"shipping-taxable","13":"purchasable","14":"product-type-simple"},"jetpack_sharing_enabled":true,"_links":{"self":[{"href":"https:\/\/foryoubaby.ma\/ar\/wp-json\/wp\/v2\/product\/9018","targetHints":{"allow":["GET"]}}],"collection":[{"href":"https:\/\/foryoubaby.ma\/ar\/wp-json\/wp\/v2\/product"}],"about":[{"href":"https:\/\/foryoubaby.ma\/ar\/wp-json\/wp\/v2\/types\/product"}],"replies":[{"embeddable":true,"href":"https:\/\/foryoubaby.ma\/ar\/wp-json\/wp\/v2\/comments?post=9018"}],"wp:featuredmedia":[{"embeddable":true,"href":"https:\/\/foryoubaby.ma\/ar\/wp-json\/wp\/v2\/media\/9022"}],"wp:attachment":[{"href":"https:\/\/foryoubaby.ma\/ar\/wp-json\/wp\/v2\/media?parent=9018"}],"wp:term":[{"taxonomy":"product_brand","embeddable":true,"href":"https:\/\/foryoubaby.ma\/ar\/wp-json\/wp\/v2\/product_brand?post=9018"},{"taxonomy":"product_cat","embeddable":true,"href":"https:\/\/foryoubaby.ma\/ar\/wp-json\/wp\/v2\/product_cat?post=9018"},{"taxonomy":"product_tag","embeddable":true,"href":"https:\/\/foryoubaby.ma\/ar\/wp-json\/wp\/v2\/product_tag?post=9018"},{"taxonomy":"giftcard-category","embeddable":true,"href":"https:\/\/foryoubaby.ma\/ar\/wp-json\/wp\/v2\/giftcard-category?post=9018"}],"curies":[{"name":"wp","href":"https:\/\/api.w.org\/{rel}","templated":true}]}}