{"id":9013,"date":"2025-11-14T16:24:12","date_gmt":"2025-11-14T16:24:12","guid":{"rendered":"https:\/\/foryoubaby.ma\/?post_type=product&#038;p=9013"},"modified":"2025-11-14T16:24:12","modified_gmt":"2025-11-14T16:24:12","slug":"biolane-eau-pure-h2o","status":"publish","type":"product","link":"https:\/\/foryoubaby.ma\/ar\/product\/biolane-eau-pure-h2o\/","title":{"rendered":"biolane Eau Pure H2O"},"content":{"rendered":"<p>&lsquo;eau pure H2O Biolane nettoie parfaitement et en douceur le visage, le corps et le si\u00e8ge de votre b\u00e9b\u00e9 pour une peau propre et d\u00e9licatement parfum\u00e9e.<\/p>\n<p>Elle d\u00e9livre le produit directement sur le coton par une simple pression et permet de toujours garder une main sur votre b\u00e9b\u00e9 pour sa s\u00e9curit\u00e9<\/p>","protected":false},"excerpt":{"rendered":"<p>&lsquo;eau pure H2O Biolane nettoie parfaitement et en douceur le visage, le corps et le si\u00e8ge de votre b\u00e9b\u00e9 pour une peau propre et d\u00e9licatement parfum\u00e9e. Elle d\u00e9livre le produit directement sur le coton par une simple pression et permet de toujours garder une main sur votre b\u00e9b\u00e9 pour sa s\u00e9curit\u00e9<\/p>","protected":false},"featured_media":9015,"comment_status":"open","ping_status":"closed","template":"","meta":[],"product_brand":[278],"product_cat":[63],"product_tag":[],"giftcard-category":[],"class_list":{"0":"post-9013","1":"product","2":"type-product","3":"status-publish","4":"has-post-thumbnail","6":"product_brand-biolane","7":"product_cat-hygiene-et-soin","9":"first","10":"instock","11":"taxable","12":"shipping-taxable","13":"purchasable","14":"product-type-simple"},"jetpack_sharing_enabled":true,"_links":{"self":[{"href":"https:\/\/foryoubaby.ma\/ar\/wp-json\/wp\/v2\/product\/9013","targetHints":{"allow":["GET"]}}],"collection":[{"href":"https:\/\/foryoubaby.ma\/ar\/wp-json\/wp\/v2\/product"}],"about":[{"href":"https:\/\/foryoubaby.ma\/ar\/wp-json\/wp\/v2\/types\/product"}],"replies":[{"embeddable":true,"href":"https:\/\/foryoubaby.ma\/ar\/wp-json\/wp\/v2\/comments?post=9013"}],"wp:featuredmedia":[{"embeddable":true,"href":"https:\/\/foryoubaby.ma\/ar\/wp-json\/wp\/v2\/media\/9015"}],"wp:attachment":[{"href":"https:\/\/foryoubaby.ma\/ar\/wp-json\/wp\/v2\/media?parent=9013"}],"wp:term":[{"taxonomy":"product_brand","embeddable":true,"href":"https:\/\/foryoubaby.ma\/ar\/wp-json\/wp\/v2\/product_brand?post=9013"},{"taxonomy":"product_cat","embeddable":true,"href":"https:\/\/foryoubaby.ma\/ar\/wp-json\/wp\/v2\/product_cat?post=9013"},{"taxonomy":"product_tag","embeddable":true,"href":"https:\/\/foryoubaby.ma\/ar\/wp-json\/wp\/v2\/product_tag?post=9013"},{"taxonomy":"giftcard-category","embeddable":true,"href":"https:\/\/foryoubaby.ma\/ar\/wp-json\/wp\/v2\/giftcard-category?post=9013"}],"curies":[{"name":"wp","href":"https:\/\/api.w.org\/{rel}","templated":true}]}}