{"id":8962,"date":"2025-11-11T10:06:04","date_gmt":"2025-11-11T10:06:04","guid":{"rendered":"https:\/\/foryoubaby.ma\/?post_type=product&#038;p=8962"},"modified":"2025-11-11T10:06:04","modified_gmt":"2025-11-11T10:06:04","slug":"robot-cuiseur-babycook-smart-gris-anthracite","status":"publish","type":"product","link":"https:\/\/foryoubaby.ma\/ar\/product\/robot-cuiseur-babycook-smart-gris-anthracite\/","title":{"rendered":"Robot cuiseur Babycook Smart\u00ae Gris anthracite"},"content":{"rendered":"<div class=\"c-pdp-block-product__short-description expanded\">\n<ul>\n<li><strong><strong>ROBOT 6 EN 1<\/strong><\/strong>: Cuit \u00e0 la vapeur, mixe, d\u00e9cong\u00e8le, r\u00e9chauffe biberon, r\u00e9chauffe petits pots et st\u00e9rilise<\/li>\n<li><strong>ROBOT CONNECT\u00c9<\/strong>: Intelligent et connect\u00e9 via Wifi<\/li>\n<li><strong>PERSONNALISATION COMPL\u00c8TE<\/strong> : Menus sur mesure propos\u00e9s via l\u2019application B\u00e9aba&amp;moi en fonction du profil de l\u2019enfant (\u00e2ge, besoins nutritionnels, allergies)<\/li>\n<li><strong>RECETTES FACILES \u00c0 PR\u00c9PARER<\/strong> : Recettes incluses pour une pr\u00e9paration guid\u00e9e pas \u00e0 pas via l&rsquo;\u00e9cran et la balance int\u00e9gr\u00e9e<\/li>\n<li><strong>REPAS SAINS<\/strong> : Cuisson vapeur douce pour pr\u00e9server les nutriments. Mat\u00e9riaux sains et durables (bol en verre, cuve et panier en acier inoxydable)<a href=\"https:\/\/www.youtube.com\/watch?list=TLGGeZk7_s7K4TYxMTExMjAyNQ&#038;amp;embeds_referring_euri=https%3A%2F%2Fwww.beaba.com%2F&#038;amp;source_ve_path=Mjg2NjQsMTY0NTAz&#038;amp;v=qaRjSLBUJzI&#038;amp;feature=youtu.be\">https:\/\/www.youtube.com\/watch?list=TLGGeZk7_s7K4TYxMTExMjAyNQ&amp;amp;embeds_referring_euri=https%3A%2F%2Fwww.beaba.com%2F&amp;amp;source_ve_path=Mjg2NjQsMTY0NTAz&amp;amp;v=qaRjSLBUJzI&amp;amp;feature=youtu.be<\/a><\/li>\n<\/ul>\n<\/div>","protected":false},"excerpt":{"rendered":"<p>ROBOT 6 EN 1: Cuit \u00e0 la vapeur, mixe, d\u00e9cong\u00e8le, r\u00e9chauffe biberon, r\u00e9chauffe petits pots et st\u00e9rilise ROBOT CONNECT\u00c9: Intelligent et connect\u00e9 via Wifi PERSONNALISATION COMPL\u00c8TE : Menus sur mesure propos\u00e9s via l\u2019application B\u00e9aba&amp;moi en fonction du profil de l\u2019enfant (\u00e2ge, besoins nutritionnels, allergies) RECETTES FACILES \u00c0 PR\u00c9PARER : Recettes incluses pour une pr\u00e9paration guid\u00e9e [&hellip;]<\/p>\n","protected":false},"featured_media":8976,"comment_status":"open","ping_status":"closed","template":"","meta":[],"product_brand":[276],"product_cat":[62],"product_tag":[],"giftcard-category":[],"class_list":{"0":"post-8962","1":"product","2":"type-product","3":"status-publish","4":"has-post-thumbnail","6":"product_brand-beaba","7":"product_cat-alimentation","9":"first","10":"instock","11":"taxable","12":"shipping-taxable","13":"purchasable","14":"product-type-simple"},"jetpack_sharing_enabled":true,"_links":{"self":[{"href":"https:\/\/foryoubaby.ma\/ar\/wp-json\/wp\/v2\/product\/8962","targetHints":{"allow":["GET"]}}],"collection":[{"href":"https:\/\/foryoubaby.ma\/ar\/wp-json\/wp\/v2\/product"}],"about":[{"href":"https:\/\/foryoubaby.ma\/ar\/wp-json\/wp\/v2\/types\/product"}],"replies":[{"embeddable":true,"href":"https:\/\/foryoubaby.ma\/ar\/wp-json\/wp\/v2\/comments?post=8962"}],"wp:featuredmedia":[{"embeddable":true,"href":"https:\/\/foryoubaby.ma\/ar\/wp-json\/wp\/v2\/media\/8976"}],"wp:attachment":[{"href":"https:\/\/foryoubaby.ma\/ar\/wp-json\/wp\/v2\/media?parent=8962"}],"wp:term":[{"taxonomy":"product_brand","embeddable":true,"href":"https:\/\/foryoubaby.ma\/ar\/wp-json\/wp\/v2\/product_brand?post=8962"},{"taxonomy":"product_cat","embeddable":true,"href":"https:\/\/foryoubaby.ma\/ar\/wp-json\/wp\/v2\/product_cat?post=8962"},{"taxonomy":"product_tag","embeddable":true,"href":"https:\/\/foryoubaby.ma\/ar\/wp-json\/wp\/v2\/product_tag?post=8962"},{"taxonomy":"giftcard-category","embeddable":true,"href":"https:\/\/foryoubaby.ma\/ar\/wp-json\/wp\/v2\/giftcard-category?post=8962"}],"curies":[{"name":"wp","href":"https:\/\/api.w.org\/{rel}","templated":true}]}}