{"id":8956,"date":"2025-10-30T15:51:37","date_gmt":"2025-10-30T15:51:37","guid":{"rendered":"https:\/\/foryoubaby.ma\/?post_type=product&#038;p=8956"},"modified":"2025-10-30T15:51:37","modified_gmt":"2025-10-30T15:51:37","slug":"baignoire-pliable-pour-bebe-avec-thermometre-6-en-1","status":"publish","type":"product","link":"https:\/\/foryoubaby.ma\/ar\/product\/baignoire-pliable-pour-bebe-avec-thermometre-6-en-1\/","title":{"rendered":"Baignoire Pliable pour B\u00e9b\u00e9 avec Thermom\u00e8tre \u2013 6 en 1"},"content":{"rendered":"<ul data-start=\"1220\" data-end=\"1445\">\n<li data-start=\"1220\" data-end=\"1270\">\n<p data-start=\"1222\" data-end=\"1270\">1 x Baignoire pliable avec thermom\u00e8tre int\u00e9gr\u00e9<\/p>\n<\/li>\n<li data-start=\"1271\" data-end=\"1310\">\n<p data-start=\"1273\" data-end=\"1310\">1 x Coussin de l\u00e9vitation (pliable)<\/p>\n<\/li>\n<li data-start=\"1311\" data-end=\"1344\">\n<p data-start=\"1313\" data-end=\"1344\">1 x Pot \u00e0 eau carr\u00e9 (pliable)<\/p>\n<\/li>\n<li data-start=\"1345\" data-end=\"1377\">\n<p data-start=\"1347\" data-end=\"1377\">1 x Cuill\u00e8re \u00e0 eau (pliable)<\/p>\n<\/li>\n<li data-start=\"1378\" data-end=\"1405\">\n<p data-start=\"1380\" data-end=\"1405\">1 x Seau rond (pliable)<\/p>\n<\/li>\n<li data-start=\"1406\" data-end=\"1445\">\n<p data-start=\"1408\" data-end=\"1445\">1 x Planche de douche (non pliable)<\/p>\n<\/li>\n<\/ul>","protected":false},"excerpt":{"rendered":"<p>1 x Baignoire pliable avec thermom\u00e8tre int\u00e9gr\u00e9 1 x Coussin de l\u00e9vitation (pliable) 1 x Pot \u00e0 eau carr\u00e9 (pliable) 1 x Cuill\u00e8re \u00e0 eau (pliable) 1 x Seau rond (pliable) 1 x Planche de douche (non pliable)<\/p>","protected":false},"featured_media":8958,"comment_status":"open","ping_status":"closed","template":"","meta":[],"product_brand":[],"product_cat":[63],"product_tag":[],"giftcard-category":[],"class_list":{"0":"post-8956","1":"product","2":"type-product","3":"status-publish","4":"has-post-thumbnail","6":"product_cat-hygiene-et-soin","8":"first","9":"instock","10":"taxable","11":"shipping-taxable","12":"purchasable","13":"product-type-variable"},"jetpack_sharing_enabled":true,"_links":{"self":[{"href":"https:\/\/foryoubaby.ma\/ar\/wp-json\/wp\/v2\/product\/8956","targetHints":{"allow":["GET"]}}],"collection":[{"href":"https:\/\/foryoubaby.ma\/ar\/wp-json\/wp\/v2\/product"}],"about":[{"href":"https:\/\/foryoubaby.ma\/ar\/wp-json\/wp\/v2\/types\/product"}],"replies":[{"embeddable":true,"href":"https:\/\/foryoubaby.ma\/ar\/wp-json\/wp\/v2\/comments?post=8956"}],"wp:featuredmedia":[{"embeddable":true,"href":"https:\/\/foryoubaby.ma\/ar\/wp-json\/wp\/v2\/media\/8958"}],"wp:attachment":[{"href":"https:\/\/foryoubaby.ma\/ar\/wp-json\/wp\/v2\/media?parent=8956"}],"wp:term":[{"taxonomy":"product_brand","embeddable":true,"href":"https:\/\/foryoubaby.ma\/ar\/wp-json\/wp\/v2\/product_brand?post=8956"},{"taxonomy":"product_cat","embeddable":true,"href":"https:\/\/foryoubaby.ma\/ar\/wp-json\/wp\/v2\/product_cat?post=8956"},{"taxonomy":"product_tag","embeddable":true,"href":"https:\/\/foryoubaby.ma\/ar\/wp-json\/wp\/v2\/product_tag?post=8956"},{"taxonomy":"giftcard-category","embeddable":true,"href":"https:\/\/foryoubaby.ma\/ar\/wp-json\/wp\/v2\/giftcard-category?post=8956"}],"curies":[{"name":"wp","href":"https:\/\/api.w.org\/{rel}","templated":true}]}}