{"id":8876,"date":"2025-10-03T17:27:52","date_gmt":"2025-10-03T17:27:52","guid":{"rendered":"https:\/\/foryoubaby.ma\/?post_type=product&#038;p=8876"},"modified":"2025-10-03T17:27:52","modified_gmt":"2025-10-03T17:27:52","slug":"ms-babyworld-universal-belt-grouper-baby-group","status":"publish","type":"product","link":"https:\/\/foryoubaby.ma\/ar\/product\/ms-babyworld-universal-belt-grouper-baby-group\/","title":{"rendered":"MS BabyWorld &#8211; Universal Belt Grouper &#8211; Baby Group"},"content":{"rendered":"<p data-start=\"352\" data-end=\"620\">El <strong data-start=\"355\" data-end=\"403\">agrupador de cintur\u00f3n universal MS BabyWorld<\/strong> es un <strong data-start=\"410\" data-end=\"445\">accesorio de seguridad infantil<\/strong> imprescindible para el coche. Dise\u00f1ado para mantener el arn\u00e9s de la silla auto en su sitio, <strong data-start=\"538\" data-end=\"576\">evita que el ni\u00f1o saque los brazos<\/strong>, asegurando un viaje m\u00e1s seguro y c\u00f3modo.<\/p>\n<ul data-start=\"622\" data-end=\"1007\">\n<li data-start=\"622\" data-end=\"696\">\n<p data-start=\"624\" data-end=\"696\"><strong data-start=\"624\" data-end=\"667\">Compatible con todas las sillas de auto<\/strong> con arn\u00e9s de 3 o 5 puntos.<\/p>\n<\/li>\n<li data-start=\"697\" data-end=\"744\">\n<p data-start=\"699\" data-end=\"744\"><strong data-start=\"699\" data-end=\"719\">F\u00e1cil de colocar<\/strong> y ajustar en segundos.<\/p>\n<\/li>\n<li data-start=\"745\" data-end=\"817\">\n<p data-start=\"747\" data-end=\"817\"><strong data-start=\"747\" data-end=\"793\">Mantiene los tirantes en posici\u00f3n correcta<\/strong> para mayor seguridad.<\/p>\n<\/li>\n<li data-start=\"818\" data-end=\"918\">\n<p data-start=\"820\" data-end=\"918\"><strong data-start=\"820\" data-end=\"863\">Clip de seguridad resistente y duradero<\/strong>, dise\u00f1ado especialmente para beb\u00e9s y ni\u00f1os peque\u00f1os.<\/p>\n<\/li>\n<li data-start=\"919\" data-end=\"1007\">\n<p data-start=\"921\" data-end=\"1007\"><strong data-start=\"921\" data-end=\"941\">Previene riesgos<\/strong> al impedir que el ni\u00f1o se libere del arn\u00e9s durante el trayecto.<\/p>\n<\/li>\n<\/ul>\n<p data-start=\"1009\" data-end=\"1114\">Con el <strong data-start=\"1016\" data-end=\"1050\">clip de seguridad MS BabyWorld<\/strong>, cada viaje ser\u00e1 m\u00e1s tranquilo y seguro para toda la familia.<\/p>","protected":false},"excerpt":{"rendered":"<p>El agrupador de cintur\u00f3n universal MS BabyWorld es un accesorio de seguridad infantil imprescindible para el coche. Dise\u00f1ado para mantener el arn\u00e9s de la silla auto en su sitio, evita que el ni\u00f1o saque los brazos, asegurando un viaje m\u00e1s seguro y c\u00f3modo. Compatible con todas las sillas de auto con arn\u00e9s de 3 o [&hellip;]<\/p>\n","protected":false},"featured_media":8881,"comment_status":"open","ping_status":"closed","template":"","meta":[],"product_brand":[76],"product_cat":[60,96],"product_tag":[],"giftcard-category":[],"class_list":{"0":"post-8876","1":"product","2":"type-product","3":"status-publish","4":"has-post-thumbnail","6":"product_brand-ms","7":"product_cat-securite","8":"product_cat-siege-auto","10":"first","11":"instock","12":"taxable","13":"shipping-taxable","14":"purchasable","15":"product-type-simple"},"jetpack_sharing_enabled":true,"_links":{"self":[{"href":"https:\/\/foryoubaby.ma\/ar\/wp-json\/wp\/v2\/product\/8876","targetHints":{"allow":["GET"]}}],"collection":[{"href":"https:\/\/foryoubaby.ma\/ar\/wp-json\/wp\/v2\/product"}],"about":[{"href":"https:\/\/foryoubaby.ma\/ar\/wp-json\/wp\/v2\/types\/product"}],"replies":[{"embeddable":true,"href":"https:\/\/foryoubaby.ma\/ar\/wp-json\/wp\/v2\/comments?post=8876"}],"wp:featuredmedia":[{"embeddable":true,"href":"https:\/\/foryoubaby.ma\/ar\/wp-json\/wp\/v2\/media\/8881"}],"wp:attachment":[{"href":"https:\/\/foryoubaby.ma\/ar\/wp-json\/wp\/v2\/media?parent=8876"}],"wp:term":[{"taxonomy":"product_brand","embeddable":true,"href":"https:\/\/foryoubaby.ma\/ar\/wp-json\/wp\/v2\/product_brand?post=8876"},{"taxonomy":"product_cat","embeddable":true,"href":"https:\/\/foryoubaby.ma\/ar\/wp-json\/wp\/v2\/product_cat?post=8876"},{"taxonomy":"product_tag","embeddable":true,"href":"https:\/\/foryoubaby.ma\/ar\/wp-json\/wp\/v2\/product_tag?post=8876"},{"taxonomy":"giftcard-category","embeddable":true,"href":"https:\/\/foryoubaby.ma\/ar\/wp-json\/wp\/v2\/giftcard-category?post=8876"}],"curies":[{"name":"wp","href":"https:\/\/api.w.org\/{rel}","templated":true}]}}