{"id":8867,"date":"2025-10-03T11:46:03","date_gmt":"2025-10-03T11:46:03","guid":{"rendered":"https:\/\/foryoubaby.ma\/?post_type=product&#038;p=8867"},"modified":"2025-10-03T11:47:47","modified_gmt":"2025-10-03T11:47:47","slug":"ms-porte-bebe-elastique","status":"publish","type":"product","link":"https:\/\/foryoubaby.ma\/ar\/product\/ms-porte-bebe-elastique\/","title":{"rendered":"MS Porte-b\u00e9b\u00e9 \u00e9lastique,"},"content":{"rendered":"<p data-start=\"374\" data-end=\"643\">D\u00e9couvrez le <strong data-start=\"387\" data-end=\"423\">porte-b\u00e9b\u00e9 \u00e9lastique ergonomique<\/strong>, con\u00e7u pour offrir \u00e0 la fois <strong data-start=\"453\" data-end=\"477\">confort et praticit\u00e9<\/strong> aux parents comme aux b\u00e9b\u00e9s. Son tissu doux en coton r\u00e9partit le poids de mani\u00e8re \u00e9quilibr\u00e9e entre les <strong data-start=\"581\" data-end=\"602\">\u00e9paules et le dos<\/strong>, r\u00e9duisant la fatigue lors du portage.<\/p>\n<ul data-start=\"645\" data-end=\"1139\">\n<li data-start=\"645\" data-end=\"720\">\n<p data-start=\"647\" data-end=\"720\"><strong data-start=\"647\" data-end=\"681\">Facile \u00e0 enfiler et \u00e0 utiliser<\/strong> \u2013 mise en place rapide et intuitive.<\/p>\n<\/li>\n<li data-start=\"721\" data-end=\"825\">\n<p data-start=\"723\" data-end=\"825\"><strong data-start=\"723\" data-end=\"749\">\u00c9lastique et ajustable<\/strong> \u2013 s\u2019adapte parfaitement \u00e0 la morphologie de chaque parent et de l\u2019enfant.<\/p>\n<\/li>\n<li data-start=\"826\" data-end=\"900\">\n<p data-start=\"828\" data-end=\"900\"><strong data-start=\"828\" data-end=\"843\">Ergonomique<\/strong> \u2013 assure une position naturelle et saine pour le b\u00e9b\u00e9.<\/p>\n<\/li>\n<li data-start=\"901\" data-end=\"981\">\n<p data-start=\"903\" data-end=\"981\"><strong data-start=\"903\" data-end=\"927\">Confort longue dur\u00e9e<\/strong> \u2013 id\u00e9al de la naissance jusqu\u2019\u00e0 <strong data-start=\"960\" data-end=\"969\">15 kg<\/strong> (~3 ans).<\/p>\n<\/li>\n<li data-start=\"982\" data-end=\"1049\">\n<p data-start=\"984\" data-end=\"1049\"><strong data-start=\"984\" data-end=\"998\">Polyvalent<\/strong> \u2013 peut \u00eatre port\u00e9 en \u00e9charpe ou comme sac \u00e0 dos.<\/p>\n<\/li>\n<li data-start=\"1050\" data-end=\"1139\">\n<p data-start=\"1052\" data-end=\"1139\"><strong data-start=\"1052\" data-end=\"1086\">Mat\u00e9riau 100 % coton respirant<\/strong> \u2013 doux pour la peau de b\u00e9b\u00e9, lavable et r\u00e9sistant.<\/p>\n<\/li>\n<\/ul>\n<p data-start=\"1141\" data-end=\"1294\">Avec ce <strong data-start=\"1149\" data-end=\"1186\">porte-b\u00e9b\u00e9 pratique et polyvalent<\/strong>, profitez de vos sorties quotidiennes en gardant votre enfant pr\u00e8s de vous, en toute s\u00e9curit\u00e9 et confort.<\/p>","protected":false},"excerpt":{"rendered":"<p>D\u00e9couvrez le porte-b\u00e9b\u00e9 \u00e9lastique ergonomique, con\u00e7u pour offrir \u00e0 la fois confort et praticit\u00e9 aux parents comme aux b\u00e9b\u00e9s. Son tissu doux en coton r\u00e9partit le poids de mani\u00e8re \u00e9quilibr\u00e9e entre les \u00e9paules et le dos, r\u00e9duisant la fatigue lors du portage. Facile \u00e0 enfiler et \u00e0 utiliser \u2013 mise en place rapide et intuitive. [&hellip;]<\/p>\n","protected":false},"featured_media":8874,"comment_status":"open","ping_status":"closed","template":"","meta":[],"product_brand":[76],"product_cat":[65],"product_tag":[],"giftcard-category":[],"class_list":{"0":"post-8867","1":"product","2":"type-product","3":"status-publish","4":"has-post-thumbnail","6":"product_brand-ms","7":"product_cat-pour-elle-maman","9":"first","10":"instock","11":"taxable","12":"shipping-taxable","13":"purchasable","14":"product-type-simple"},"jetpack_sharing_enabled":true,"_links":{"self":[{"href":"https:\/\/foryoubaby.ma\/ar\/wp-json\/wp\/v2\/product\/8867","targetHints":{"allow":["GET"]}}],"collection":[{"href":"https:\/\/foryoubaby.ma\/ar\/wp-json\/wp\/v2\/product"}],"about":[{"href":"https:\/\/foryoubaby.ma\/ar\/wp-json\/wp\/v2\/types\/product"}],"replies":[{"embeddable":true,"href":"https:\/\/foryoubaby.ma\/ar\/wp-json\/wp\/v2\/comments?post=8867"}],"wp:featuredmedia":[{"embeddable":true,"href":"https:\/\/foryoubaby.ma\/ar\/wp-json\/wp\/v2\/media\/8874"}],"wp:attachment":[{"href":"https:\/\/foryoubaby.ma\/ar\/wp-json\/wp\/v2\/media?parent=8867"}],"wp:term":[{"taxonomy":"product_brand","embeddable":true,"href":"https:\/\/foryoubaby.ma\/ar\/wp-json\/wp\/v2\/product_brand?post=8867"},{"taxonomy":"product_cat","embeddable":true,"href":"https:\/\/foryoubaby.ma\/ar\/wp-json\/wp\/v2\/product_cat?post=8867"},{"taxonomy":"product_tag","embeddable":true,"href":"https:\/\/foryoubaby.ma\/ar\/wp-json\/wp\/v2\/product_tag?post=8867"},{"taxonomy":"giftcard-category","embeddable":true,"href":"https:\/\/foryoubaby.ma\/ar\/wp-json\/wp\/v2\/giftcard-category?post=8867"}],"curies":[{"name":"wp","href":"https:\/\/api.w.org\/{rel}","templated":true}]}}