{"id":8800,"date":"2025-09-30T13:37:45","date_gmt":"2025-09-30T13:37:45","guid":{"rendered":"https:\/\/foryoubaby.ma\/?post_type=product&#038;p=8800"},"modified":"2025-12-08T16:34:28","modified_gmt":"2025-12-08T16:34:28","slug":"beaba-chauffe-biberon-multi-milk-night-blue","status":"publish","type":"product","link":"https:\/\/foryoubaby.ma\/ar\/product\/beaba-chauffe-biberon-multi-milk-night-blue\/","title":{"rendered":"B\u00e9aba Chauffe biberon Multi-Milk Night Blue"},"content":{"rendered":"<div class=\"c-pdp-block-product__short-description\">\n<ul>\n<li>MULTIFONCTION: 5 programmes en 1 : bain marie, petit pot, st\u00e9rilisation, d\u00e9cong\u00e9lation, fast<\/li>\n<li>CHAUFFE DOUCE: Mode bain marie pour pr\u00e9server les nutriments du lait maternel<\/li>\n<li>CHAUFFE RAPIDE: Mode fast pour chauffer un biberon de lait rapidement \u00e0 la vapeur<\/li>\n<li>ST\u00c9RILISATION: St\u00e9rilisateur pour biberons et t\u00e9tines<\/li>\n<li>DESIGN PREMIUM: \u00c9cran tactile et finitions \u00e0 la dorure \u00e0 chaud<\/li>\n<\/ul>\n<\/div>\n<p><iframe title=\"MULTI MILK, le tout nouveau chauffe biberon multifonction !\" width=\"780\" height=\"439\" src=\"https:\/\/www.youtube.com\/embed\/FVyaghmRUgk?feature=oembed\" frameborder=\"0\" allow=\"accelerometer; autoplay; clipboard-write; encrypted-media; gyroscope; picture-in-picture; web-share\" referrerpolicy=\"strict-origin-when-cross-origin\" allowfullscreen><\/iframe><\/p>","protected":false},"excerpt":{"rendered":"<p>MULTIFONCTION: 5 programmes en 1 : bain marie, petit pot, st\u00e9rilisation, d\u00e9cong\u00e9lation, fast CHAUFFE DOUCE: Mode bain marie pour pr\u00e9server les nutriments du lait maternel CHAUFFE RAPIDE: Mode fast pour chauffer un biberon de lait rapidement \u00e0 la vapeur ST\u00c9RILISATION: St\u00e9rilisateur pour biberons et t\u00e9tines DESIGN PREMIUM: \u00c9cran tactile et finitions \u00e0 la dorure \u00e0 [&hellip;]<\/p>\n","protected":false},"featured_media":8801,"comment_status":"open","ping_status":"closed","template":"","meta":[],"product_brand":[276],"product_cat":[62],"product_tag":[],"giftcard-category":[],"class_list":{"0":"post-8800","1":"product","2":"type-product","3":"status-publish","4":"has-post-thumbnail","6":"product_brand-beaba","7":"product_cat-alimentation","9":"first","10":"outofstock","11":"taxable","12":"shipping-taxable","13":"purchasable","14":"product-type-simple"},"jetpack_sharing_enabled":true,"_links":{"self":[{"href":"https:\/\/foryoubaby.ma\/ar\/wp-json\/wp\/v2\/product\/8800","targetHints":{"allow":["GET"]}}],"collection":[{"href":"https:\/\/foryoubaby.ma\/ar\/wp-json\/wp\/v2\/product"}],"about":[{"href":"https:\/\/foryoubaby.ma\/ar\/wp-json\/wp\/v2\/types\/product"}],"replies":[{"embeddable":true,"href":"https:\/\/foryoubaby.ma\/ar\/wp-json\/wp\/v2\/comments?post=8800"}],"wp:featuredmedia":[{"embeddable":true,"href":"https:\/\/foryoubaby.ma\/ar\/wp-json\/wp\/v2\/media\/8801"}],"wp:attachment":[{"href":"https:\/\/foryoubaby.ma\/ar\/wp-json\/wp\/v2\/media?parent=8800"}],"wp:term":[{"taxonomy":"product_brand","embeddable":true,"href":"https:\/\/foryoubaby.ma\/ar\/wp-json\/wp\/v2\/product_brand?post=8800"},{"taxonomy":"product_cat","embeddable":true,"href":"https:\/\/foryoubaby.ma\/ar\/wp-json\/wp\/v2\/product_cat?post=8800"},{"taxonomy":"product_tag","embeddable":true,"href":"https:\/\/foryoubaby.ma\/ar\/wp-json\/wp\/v2\/product_tag?post=8800"},{"taxonomy":"giftcard-category","embeddable":true,"href":"https:\/\/foryoubaby.ma\/ar\/wp-json\/wp\/v2\/giftcard-category?post=8800"}],"curies":[{"name":"wp","href":"https:\/\/api.w.org\/{rel}","templated":true}]}}