{"id":8786,"date":"2025-09-30T13:21:17","date_gmt":"2025-09-30T13:21:17","guid":{"rendered":"https:\/\/foryoubaby.ma\/?post_type=product&#038;p=8786"},"modified":"2025-09-30T13:21:17","modified_gmt":"2025-09-30T13:21:17","slug":"premium-bebe-bouteille-sterilisateur-tue-999-des-germes-en-6-minutes","status":"publish","type":"product","link":"https:\/\/foryoubaby.ma\/ar\/product\/premium-bebe-bouteille-sterilisateur-tue-999-des-germes-en-6-minutes\/","title":{"rendered":"Premium B\u00e9b\u00e9 Bouteille St\u00e9rilisateur | Tue 99,9% des Germes en 6 Minutes"},"content":{"rendered":"<div class=\"product-detail\">\n<div id=\"rewrite_description\" class=\"Product Details\">\n<ul class=\"product-points\">\n<li>Philips Avent Premium St\u00e9rilisateur pour B\u00e9b\u00e9 avec S\u00e8che-linge<\/li>\n<li>Tue 99,9% des germes avec de la vapeur naturelle; aucun produit chimique requis<\/li>\n<li>St\u00e9rilise en seulement 6 minutes en appuyant sur un bouton<\/li>\n<li>S\u00e8che avec de l&rsquo;air chaud et filtr\u00e9; le contenu est pr\u00eat dans les 40 minutes<\/li>\n<li>Conception modulaire avec espace pour 6 bouteilles et autres produits pour b\u00e9b\u00e9s<\/li>\n<li>Le bac \u00e0 goutte emp\u00eache l&rsquo;odeur de combustion des r\u00e9sidus de lait<\/li>\n<\/ul>\n<\/div>\n<div id=\"additional-info\">\n<div>\n<table id=\"product-attribute-specs-table\" class=\"featureTable\">\n<tbody>\n<tr>\n<td>Caract\u00e9ristiques<\/td>\n<td>R\u00e9glable, Arr\u00eat Automatique<\/td>\n<\/tr>\n<tr>\n<td>Couleur<\/td>\n<td>TBC<\/td>\n<\/tr>\n<tr>\n<td>Poids du produit assembl\u00e9<\/td>\n<td>6,44 lb (2,92 kg)<\/td>\n<\/tr>\n<tr>\n<td>Marque<\/td>\n<td>Philips-AVENT<\/td>\n<\/tr>\n<tr>\n<td>Type de puissance<\/td>\n<td>\u00c9lectrique<\/td>\n<\/tr>\n<tr>\n<td>Rec. utilisation<\/td>\n<td>Bouteilles b\u00e9b\u00e9<\/td>\n<\/tr>\n<tr>\n<td>Compatibilit\u00e9<\/td>\n<td>Philips AVENT<\/td>\n<\/tr>\n<tr>\n<td>Poids<\/td>\n<td>6,44 lb (2,92 kg)<\/td>\n<\/tr>\n<tr>\n<td>Hauteur du produit assembl\u00e9<\/td>\n<td>15,75 pouces (40 cm)<\/td>\n<\/tr>\n<tr>\n<td>Nombre de pi\u00e8ces<\/td>\n<td>1<\/td>\n<\/tr>\n<tr>\n<td>Activit\u00e9<\/td>\n<td>Formule Alimentation<\/td>\n<\/tr>\n<\/tbody>\n<\/table>\n<\/div>\n<\/div>\n<\/div>\n<div class=\"who-should-buy\">\n<div class=\"heading-sec\">\n<h2 class=\"heading\"><\/h2>\n<\/div>\n<\/div>","protected":false},"excerpt":{"rendered":"<p>Philips Avent Premium St\u00e9rilisateur pour B\u00e9b\u00e9 avec S\u00e8che-linge Tue 99,9% des germes avec de la vapeur naturelle; aucun produit chimique requis St\u00e9rilise en seulement 6 minutes en appuyant sur un bouton S\u00e8che avec de l&rsquo;air chaud et filtr\u00e9; le contenu est pr\u00eat dans les 40 minutes Conception modulaire avec espace pour 6 bouteilles et autres [&hellip;]<\/p>\n","protected":false},"featured_media":8793,"comment_status":"open","ping_status":"closed","template":"","meta":[],"product_brand":[],"product_cat":[62,63],"product_tag":[],"giftcard-category":[],"class_list":{"0":"post-8786","1":"product","2":"type-product","3":"status-publish","4":"has-post-thumbnail","6":"product_cat-alimentation","7":"product_cat-hygiene-et-soin","9":"first","10":"instock","11":"taxable","12":"shipping-taxable","13":"purchasable","14":"product-type-simple"},"jetpack_sharing_enabled":true,"_links":{"self":[{"href":"https:\/\/foryoubaby.ma\/ar\/wp-json\/wp\/v2\/product\/8786","targetHints":{"allow":["GET"]}}],"collection":[{"href":"https:\/\/foryoubaby.ma\/ar\/wp-json\/wp\/v2\/product"}],"about":[{"href":"https:\/\/foryoubaby.ma\/ar\/wp-json\/wp\/v2\/types\/product"}],"replies":[{"embeddable":true,"href":"https:\/\/foryoubaby.ma\/ar\/wp-json\/wp\/v2\/comments?post=8786"}],"wp:featuredmedia":[{"embeddable":true,"href":"https:\/\/foryoubaby.ma\/ar\/wp-json\/wp\/v2\/media\/8793"}],"wp:attachment":[{"href":"https:\/\/foryoubaby.ma\/ar\/wp-json\/wp\/v2\/media?parent=8786"}],"wp:term":[{"taxonomy":"product_brand","embeddable":true,"href":"https:\/\/foryoubaby.ma\/ar\/wp-json\/wp\/v2\/product_brand?post=8786"},{"taxonomy":"product_cat","embeddable":true,"href":"https:\/\/foryoubaby.ma\/ar\/wp-json\/wp\/v2\/product_cat?post=8786"},{"taxonomy":"product_tag","embeddable":true,"href":"https:\/\/foryoubaby.ma\/ar\/wp-json\/wp\/v2\/product_tag?post=8786"},{"taxonomy":"giftcard-category","embeddable":true,"href":"https:\/\/foryoubaby.ma\/ar\/wp-json\/wp\/v2\/giftcard-category?post=8786"}],"curies":[{"name":"wp","href":"https:\/\/api.w.org\/{rel}","templated":true}]}}