{"id":8780,"date":"2025-09-30T11:30:51","date_gmt":"2025-09-30T11:30:51","guid":{"rendered":"https:\/\/foryoubaby.ma\/?post_type=product&#038;p=8780"},"modified":"2025-09-30T11:30:51","modified_gmt":"2025-09-30T11:30:51","slug":"tire-lait-electrique-double-mains-libres-duoflex-mammia","status":"publish","type":"product","link":"https:\/\/foryoubaby.ma\/ar\/product\/tire-lait-electrique-double-mains-libres-duoflex-mammia\/","title":{"rendered":"Tire-Lait \u00c9lectrique Double Mains libres Duoflex \u2013 Mammia"},"content":{"rendered":"<p>Mammia Tire-Lait \u00c9lectrique Double Mains libres Duoflex.<\/p>\n<p>Le Tire-Lait \u00c9lectrique Double Duoflex de Mammia est un dispositif compact, ergonomique et mains libres, sp\u00e9cialement con\u00e7u pour r\u00e9pondre aux besoins des mamans allaitantes actives. Dot\u00e9 d\u2019une technologie de double pompage, il permet une expression efficace, confortable et silencieuse, tout en garantissant une hygi\u00e8ne optimale.<\/p>\n<p>Le Duoflex de Mammia est un tire-lait \u00e9lectrique double mains libres con\u00e7u pour les mamans modernes \u00e0 la recherche de praticit\u00e9, de confort et d\u2019efficacit\u00e9<\/p>","protected":false},"excerpt":{"rendered":"<p>Mammia Tire-Lait \u00c9lectrique Double Mains libres Duoflex. Le Tire-Lait \u00c9lectrique Double Duoflex de Mammia est un dispositif compact, ergonomique et mains libres, sp\u00e9cialement con\u00e7u pour r\u00e9pondre aux besoins des mamans allaitantes actives. Dot\u00e9 d\u2019une technologie de double pompage, il permet une expression efficace, confortable et silencieuse, tout en garantissant une hygi\u00e8ne optimale. Le Duoflex de [&hellip;]<\/p>\n","protected":false},"featured_media":8781,"comment_status":"open","ping_status":"closed","template":"","meta":[],"product_brand":[],"product_cat":[65],"product_tag":[],"giftcard-category":[],"class_list":{"0":"post-8780","1":"product","2":"type-product","3":"status-publish","4":"has-post-thumbnail","6":"product_cat-pour-elle-maman","8":"first","9":"instock","10":"taxable","11":"shipping-taxable","12":"purchasable","13":"product-type-simple"},"jetpack_sharing_enabled":true,"_links":{"self":[{"href":"https:\/\/foryoubaby.ma\/ar\/wp-json\/wp\/v2\/product\/8780","targetHints":{"allow":["GET"]}}],"collection":[{"href":"https:\/\/foryoubaby.ma\/ar\/wp-json\/wp\/v2\/product"}],"about":[{"href":"https:\/\/foryoubaby.ma\/ar\/wp-json\/wp\/v2\/types\/product"}],"replies":[{"embeddable":true,"href":"https:\/\/foryoubaby.ma\/ar\/wp-json\/wp\/v2\/comments?post=8780"}],"wp:featuredmedia":[{"embeddable":true,"href":"https:\/\/foryoubaby.ma\/ar\/wp-json\/wp\/v2\/media\/8781"}],"wp:attachment":[{"href":"https:\/\/foryoubaby.ma\/ar\/wp-json\/wp\/v2\/media?parent=8780"}],"wp:term":[{"taxonomy":"product_brand","embeddable":true,"href":"https:\/\/foryoubaby.ma\/ar\/wp-json\/wp\/v2\/product_brand?post=8780"},{"taxonomy":"product_cat","embeddable":true,"href":"https:\/\/foryoubaby.ma\/ar\/wp-json\/wp\/v2\/product_cat?post=8780"},{"taxonomy":"product_tag","embeddable":true,"href":"https:\/\/foryoubaby.ma\/ar\/wp-json\/wp\/v2\/product_tag?post=8780"},{"taxonomy":"giftcard-category","embeddable":true,"href":"https:\/\/foryoubaby.ma\/ar\/wp-json\/wp\/v2\/giftcard-category?post=8780"}],"curies":[{"name":"wp","href":"https:\/\/api.w.org\/{rel}","templated":true}]}}