{"id":8771,"date":"2025-09-29T16:45:04","date_gmt":"2025-09-29T16:45:04","guid":{"rendered":"https:\/\/foryoubaby.ma\/?post_type=product&#038;p=8771"},"modified":"2025-09-29T16:45:04","modified_gmt":"2025-09-29T16:45:04","slug":"beaba-robot-cuiseur-babycook-express-gris-velours","status":"publish","type":"product","link":"https:\/\/foryoubaby.ma\/ar\/product\/beaba-robot-cuiseur-babycook-express-gris-velours\/","title":{"rendered":"B\u00e9aba Robot cuiseur Babycook Express\u00ae Gris velours"},"content":{"rendered":"<div class=\"c-pdp-block-product__short-description\">\n<ul>\n<li><strong>ROBOT 6 EN 1 <\/strong>: Cuit \u00e0 la vapeur, mixe, d\u00e9cong\u00e8le, r\u00e9chauffe les petits pots, r\u00e9chauffe et st\u00e9rilise les petits biberons<\/li>\n<li><strong>LE PLUS RAPIDE<\/strong> : Des repas sains, faits maison, pr\u00eats en moins de 15mn<\/li>\n<li><strong>2 MODES DE CUISSON<\/strong> : Cuisson Express pour un gain de temps et cuisson Eco pour une chauffe classique<\/li>\n<li><strong>CUISSON SAINE<\/strong> : Pr\u00e9serve les bienfaits nutritifs, les qualit\u00e9s gustatives des aliments gr\u00e2ce \u00e0 la cuisson vapeur douce dans les 2 modes<\/li>\n<li><strong>\u00c9CO-CONCEPTION<\/strong> : R\u00e9duction de la consommation d&rsquo;eau et d&rsquo;\u00e9lectricit\u00e9, et des \u00e9missions de CO2<\/li>\n<\/ul>\n<\/div>","protected":false},"excerpt":{"rendered":"<p>ROBOT 6 EN 1 : Cuit \u00e0 la vapeur, mixe, d\u00e9cong\u00e8le, r\u00e9chauffe les petits pots, r\u00e9chauffe et st\u00e9rilise les petits biberons LE PLUS RAPIDE : Des repas sains, faits maison, pr\u00eats en moins de 15mn 2 MODES DE CUISSON : Cuisson Express pour un gain de temps et cuisson Eco pour une chauffe classique CUISSON [&hellip;]<\/p>\n","protected":false},"featured_media":8773,"comment_status":"open","ping_status":"closed","template":"","meta":[],"product_brand":[],"product_cat":[62,63],"product_tag":[],"giftcard-category":[],"class_list":{"0":"post-8771","1":"product","2":"type-product","3":"status-publish","4":"has-post-thumbnail","6":"product_cat-alimentation","7":"product_cat-hygiene-et-soin","9":"first","10":"instock","11":"taxable","12":"shipping-taxable","13":"purchasable","14":"product-type-simple"},"jetpack_sharing_enabled":true,"_links":{"self":[{"href":"https:\/\/foryoubaby.ma\/ar\/wp-json\/wp\/v2\/product\/8771","targetHints":{"allow":["GET"]}}],"collection":[{"href":"https:\/\/foryoubaby.ma\/ar\/wp-json\/wp\/v2\/product"}],"about":[{"href":"https:\/\/foryoubaby.ma\/ar\/wp-json\/wp\/v2\/types\/product"}],"replies":[{"embeddable":true,"href":"https:\/\/foryoubaby.ma\/ar\/wp-json\/wp\/v2\/comments?post=8771"}],"wp:featuredmedia":[{"embeddable":true,"href":"https:\/\/foryoubaby.ma\/ar\/wp-json\/wp\/v2\/media\/8773"}],"wp:attachment":[{"href":"https:\/\/foryoubaby.ma\/ar\/wp-json\/wp\/v2\/media?parent=8771"}],"wp:term":[{"taxonomy":"product_brand","embeddable":true,"href":"https:\/\/foryoubaby.ma\/ar\/wp-json\/wp\/v2\/product_brand?post=8771"},{"taxonomy":"product_cat","embeddable":true,"href":"https:\/\/foryoubaby.ma\/ar\/wp-json\/wp\/v2\/product_cat?post=8771"},{"taxonomy":"product_tag","embeddable":true,"href":"https:\/\/foryoubaby.ma\/ar\/wp-json\/wp\/v2\/product_tag?post=8771"},{"taxonomy":"giftcard-category","embeddable":true,"href":"https:\/\/foryoubaby.ma\/ar\/wp-json\/wp\/v2\/giftcard-category?post=8771"}],"curies":[{"name":"wp","href":"https:\/\/api.w.org\/{rel}","templated":true}]}}