{"id":8760,"date":"2025-09-29T16:37:26","date_gmt":"2025-09-29T16:37:26","guid":{"rendered":"https:\/\/foryoubaby.ma\/?post_type=product&#038;p=8760"},"modified":"2025-09-29T16:37:26","modified_gmt":"2025-09-29T16:37:26","slug":"beaba-robot-cuiseur-babycook-neo-night-blue","status":"publish","type":"product","link":"https:\/\/foryoubaby.ma\/ar\/product\/beaba-robot-cuiseur-babycook-neo-night-blue\/","title":{"rendered":"B\u00e9aba Robot cuiseur Babycook Neo\u00ae Night Blue"},"content":{"rendered":"<div class=\"c-pdp-block-product__short-description\">\n<ul>\n<li><strong>ROBOT 6 EN 1<\/strong> : Cuit \u00e0 la vapeur, mixe, d\u00e9cong\u00e8le, r\u00e9chauffe les petits pots, r\u00e9chauffe et st\u00e9rilise les petits biberons<\/li>\n<li><strong>MAT\u00c9RIAUX DURABLES ET SAINS<\/strong> : Bol en verre, panier et cuve en acier inoxydable<\/li>\n<li><strong>CUISSON SAINE A LA VAPEUR DOUCE<\/strong> : Pr\u00e9serve les bienfaits nutritifs, les qualit\u00e9s gustatives des aliments<\/li>\n<li><strong>MIXAGE ULTRA PERFOMANT<\/strong> : lame haute qualit\u00e9 Sabatier Diamant fabriqu\u00e9 en France, pour un mixage optimis\u00e9<\/li>\n<li><strong>ECO-CON\u00c7U &amp; FABRIQU\u00c9 EN FRANCE<\/strong>: R\u00e9duction de 50% de la consommation d&rsquo;eau et d&rsquo;\u00e9nergie par rapport au Babycook Solo\u00ae<\/li>\n<\/ul>\n<\/div>","protected":false},"excerpt":{"rendered":"<p>ROBOT 6 EN 1 : Cuit \u00e0 la vapeur, mixe, d\u00e9cong\u00e8le, r\u00e9chauffe les petits pots, r\u00e9chauffe et st\u00e9rilise les petits biberons MAT\u00c9RIAUX DURABLES ET SAINS : Bol en verre, panier et cuve en acier inoxydable CUISSON SAINE A LA VAPEUR DOUCE : Pr\u00e9serve les bienfaits nutritifs, les qualit\u00e9s gustatives des aliments MIXAGE ULTRA PERFOMANT : [&hellip;]<\/p>\n","protected":false},"featured_media":8770,"comment_status":"open","ping_status":"closed","template":"","meta":[],"product_brand":[],"product_cat":[62,63],"product_tag":[],"giftcard-category":[],"class_list":{"0":"post-8760","1":"product","2":"type-product","3":"status-publish","4":"has-post-thumbnail","6":"product_cat-alimentation","7":"product_cat-hygiene-et-soin","9":"first","10":"instock","11":"taxable","12":"shipping-taxable","13":"purchasable","14":"product-type-simple"},"jetpack_sharing_enabled":true,"_links":{"self":[{"href":"https:\/\/foryoubaby.ma\/ar\/wp-json\/wp\/v2\/product\/8760","targetHints":{"allow":["GET"]}}],"collection":[{"href":"https:\/\/foryoubaby.ma\/ar\/wp-json\/wp\/v2\/product"}],"about":[{"href":"https:\/\/foryoubaby.ma\/ar\/wp-json\/wp\/v2\/types\/product"}],"replies":[{"embeddable":true,"href":"https:\/\/foryoubaby.ma\/ar\/wp-json\/wp\/v2\/comments?post=8760"}],"wp:featuredmedia":[{"embeddable":true,"href":"https:\/\/foryoubaby.ma\/ar\/wp-json\/wp\/v2\/media\/8770"}],"wp:attachment":[{"href":"https:\/\/foryoubaby.ma\/ar\/wp-json\/wp\/v2\/media?parent=8760"}],"wp:term":[{"taxonomy":"product_brand","embeddable":true,"href":"https:\/\/foryoubaby.ma\/ar\/wp-json\/wp\/v2\/product_brand?post=8760"},{"taxonomy":"product_cat","embeddable":true,"href":"https:\/\/foryoubaby.ma\/ar\/wp-json\/wp\/v2\/product_cat?post=8760"},{"taxonomy":"product_tag","embeddable":true,"href":"https:\/\/foryoubaby.ma\/ar\/wp-json\/wp\/v2\/product_tag?post=8760"},{"taxonomy":"giftcard-category","embeddable":true,"href":"https:\/\/foryoubaby.ma\/ar\/wp-json\/wp\/v2\/giftcard-category?post=8760"}],"curies":[{"name":"wp","href":"https:\/\/api.w.org\/{rel}","templated":true}]}}