{"id":8744,"date":"2025-09-29T16:08:57","date_gmt":"2025-09-29T16:08:57","guid":{"rendered":"https:\/\/foryoubaby.ma\/?post_type=product&#038;p=8744"},"modified":"2025-09-29T16:08:57","modified_gmt":"2025-09-29T16:08:57","slug":"beaba-sterilisateur-steril-express-evolutif-night-blue","status":"publish","type":"product","link":"https:\/\/foryoubaby.ma\/ar\/product\/beaba-sterilisateur-steril-express-evolutif-night-blue\/","title":{"rendered":"B\u00e9aba St\u00e9rilisateur St\u00e9ril Express Evolutif Night blue"},"content":{"rendered":"<div class=\"c-pdp-block-product__short-description\">\n<ul>\n<li>STERILISATEUR ELECTRIQUE VAPEUR: simple et efficace pour \u00e9liminer les bact\u00e9ries et compatible avec tous les biberons du march\u00e9<\/li>\n<li>ULTRA RAPIDE: st\u00e9rilisation en 6 minutes<\/li>\n<li>GRANDE EFFICACITE: \u00e9limine 99,9% des bact\u00e9ries (salmonelle, ent\u00e9robact\u00e9rie, listeria)<\/li>\n<li>2 ESPACE AUTONOMES MODULABLES: mode maxi et\/ou mode mini (pour les accessoires) en fonction de la capacit\u00e9 n\u00e9cessaire<\/li>\n<li>ARRET AUTOMATIQUE: fonctionne en toute autonomie<\/li>\n<li>SIMPLE D\u2019UTILISATION: Un seul bouton on\/off<\/li>\n<li>ACCESSOIRES: livr\u00e9 avec un verre doseur et une pince \u00e0 biberon<\/li>\n<\/ul>\n<\/div>","protected":false},"excerpt":{"rendered":"<p>STERILISATEUR ELECTRIQUE VAPEUR: simple et efficace pour \u00e9liminer les bact\u00e9ries et compatible avec tous les biberons du march\u00e9 ULTRA RAPIDE: st\u00e9rilisation en 6 minutes GRANDE EFFICACITE: \u00e9limine 99,9% des bact\u00e9ries (salmonelle, ent\u00e9robact\u00e9rie, listeria) 2 ESPACE AUTONOMES MODULABLES: mode maxi et\/ou mode mini (pour les accessoires) en fonction de la capacit\u00e9 n\u00e9cessaire ARRET AUTOMATIQUE: fonctionne en [&hellip;]<\/p>\n","protected":false},"featured_media":8745,"comment_status":"open","ping_status":"closed","template":"","meta":[],"product_brand":[],"product_cat":[62,63],"product_tag":[],"giftcard-category":[],"class_list":{"0":"post-8744","1":"product","2":"type-product","3":"status-publish","4":"has-post-thumbnail","6":"product_cat-alimentation","7":"product_cat-hygiene-et-soin","9":"first","10":"instock","11":"taxable","12":"shipping-taxable","13":"purchasable","14":"product-type-simple"},"jetpack_sharing_enabled":true,"_links":{"self":[{"href":"https:\/\/foryoubaby.ma\/ar\/wp-json\/wp\/v2\/product\/8744","targetHints":{"allow":["GET"]}}],"collection":[{"href":"https:\/\/foryoubaby.ma\/ar\/wp-json\/wp\/v2\/product"}],"about":[{"href":"https:\/\/foryoubaby.ma\/ar\/wp-json\/wp\/v2\/types\/product"}],"replies":[{"embeddable":true,"href":"https:\/\/foryoubaby.ma\/ar\/wp-json\/wp\/v2\/comments?post=8744"}],"wp:featuredmedia":[{"embeddable":true,"href":"https:\/\/foryoubaby.ma\/ar\/wp-json\/wp\/v2\/media\/8745"}],"wp:attachment":[{"href":"https:\/\/foryoubaby.ma\/ar\/wp-json\/wp\/v2\/media?parent=8744"}],"wp:term":[{"taxonomy":"product_brand","embeddable":true,"href":"https:\/\/foryoubaby.ma\/ar\/wp-json\/wp\/v2\/product_brand?post=8744"},{"taxonomy":"product_cat","embeddable":true,"href":"https:\/\/foryoubaby.ma\/ar\/wp-json\/wp\/v2\/product_cat?post=8744"},{"taxonomy":"product_tag","embeddable":true,"href":"https:\/\/foryoubaby.ma\/ar\/wp-json\/wp\/v2\/product_tag?post=8744"},{"taxonomy":"giftcard-category","embeddable":true,"href":"https:\/\/foryoubaby.ma\/ar\/wp-json\/wp\/v2\/giftcard-category?post=8744"}],"curies":[{"name":"wp","href":"https:\/\/api.w.org\/{rel}","templated":true}]}}