{"id":8735,"date":"2025-09-29T15:56:15","date_gmt":"2025-09-29T15:56:15","guid":{"rendered":"https:\/\/foryoubaby.ma\/?post_type=product&#038;p=8735"},"modified":"2025-09-29T15:56:15","modified_gmt":"2025-09-29T15:56:15","slug":"beaba-sterilisateur-sechant-2-en-1-steril-n-dry-night-blue","status":"publish","type":"product","link":"https:\/\/foryoubaby.ma\/ar\/product\/beaba-sterilisateur-sechant-2-en-1-steril-n-dry-night-blue\/","title":{"rendered":"B\u00e9aba St\u00e9rilisateur s\u00e9chant 2 en 1 Steril N Dry &#8211; Night blue"},"content":{"rendered":"<div class=\"c-pdp-block-product__short-description expanded\">\n<ul>\n<li>RAPIDE: st\u00e9rilise en seulement 8 minutes<\/li>\n<li>TEST\u00c9 EN LABORATOIRE: le Steril&rsquo;n&rsquo;dry a \u00e9t\u00e9 test\u00e9 en laboratoire pour garantir une \u00e9limination efficace \u00e0 99,9% des bact\u00e9ries courantes<\/li>\n<li>2 EN 1: st\u00e9rilise et s\u00e8che<\/li>\n<li>MULTIFONCTION: 3 modes au choix<\/li>\n<li>2 ESPACE AUTONOMES MODULABLES: mode maxi (jusqu&rsquo;\u00e0 6 biberons) et\/ou mode mini (pour les accessoires) en fonction de la capacit\u00e9 n\u00e9cessaire<\/li>\n<li>3 CYCLES DISPONIBLES: avec les modes st\u00e9rilisation et s\u00e9chage, ou le mode 2 en 1, le St\u00e9ril&rsquo;n&rsquo;dry s&rsquo;adapte \u00e0 vos besoins et habitudes<\/li>\n<li>SIMPLE D&rsquo;UTILISATION: un unique bouton, un timer avec \u00e9cran LED, et un couvercle avec poign\u00e9e pour une manipulation facile<\/li>\n<li>\u00c9CRAN LED POUR INDICATION DU TEMPS RESTANT: suivez facilement le temps restant gr\u00e2ce \u00e0 l&rsquo;\u00e9cran LED int\u00e9gr\u00e9<iframe title=\"St\u00e9rilisateur s\u00e9chant St\u00e9ril &#039;N &#039;Dry B\u00e9aba\" width=\"780\" height=\"439\" src=\"https:\/\/www.youtube.com\/embed\/Ksh0-J7ewo8?feature=oembed\" frameborder=\"0\" allow=\"accelerometer; autoplay; clipboard-write; encrypted-media; gyroscope; picture-in-picture; web-share\" referrerpolicy=\"strict-origin-when-cross-origin\" allowfullscreen><\/iframe><\/li>\n<\/ul>\n<\/div>","protected":false},"excerpt":{"rendered":"<p>RAPIDE: st\u00e9rilise en seulement 8 minutes TEST\u00c9 EN LABORATOIRE: le Steril&rsquo;n&rsquo;dry a \u00e9t\u00e9 test\u00e9 en laboratoire pour garantir une \u00e9limination efficace \u00e0 99,9% des bact\u00e9ries courantes 2 EN 1: st\u00e9rilise et s\u00e8che MULTIFONCTION: 3 modes au choix 2 ESPACE AUTONOMES MODULABLES: mode maxi (jusqu&rsquo;\u00e0 6 biberons) et\/ou mode mini (pour les accessoires) en fonction de [&hellip;]<\/p>\n","protected":false},"featured_media":8740,"comment_status":"open","ping_status":"closed","template":"","meta":[],"product_brand":[276],"product_cat":[62,63],"product_tag":[],"giftcard-category":[],"class_list":{"0":"post-8735","1":"product","2":"type-product","3":"status-publish","4":"has-post-thumbnail","6":"product_brand-beaba","7":"product_cat-alimentation","8":"product_cat-hygiene-et-soin","10":"first","11":"instock","12":"taxable","13":"shipping-taxable","14":"purchasable","15":"product-type-simple"},"jetpack_sharing_enabled":true,"_links":{"self":[{"href":"https:\/\/foryoubaby.ma\/ar\/wp-json\/wp\/v2\/product\/8735","targetHints":{"allow":["GET"]}}],"collection":[{"href":"https:\/\/foryoubaby.ma\/ar\/wp-json\/wp\/v2\/product"}],"about":[{"href":"https:\/\/foryoubaby.ma\/ar\/wp-json\/wp\/v2\/types\/product"}],"replies":[{"embeddable":true,"href":"https:\/\/foryoubaby.ma\/ar\/wp-json\/wp\/v2\/comments?post=8735"}],"wp:featuredmedia":[{"embeddable":true,"href":"https:\/\/foryoubaby.ma\/ar\/wp-json\/wp\/v2\/media\/8740"}],"wp:attachment":[{"href":"https:\/\/foryoubaby.ma\/ar\/wp-json\/wp\/v2\/media?parent=8735"}],"wp:term":[{"taxonomy":"product_brand","embeddable":true,"href":"https:\/\/foryoubaby.ma\/ar\/wp-json\/wp\/v2\/product_brand?post=8735"},{"taxonomy":"product_cat","embeddable":true,"href":"https:\/\/foryoubaby.ma\/ar\/wp-json\/wp\/v2\/product_cat?post=8735"},{"taxonomy":"product_tag","embeddable":true,"href":"https:\/\/foryoubaby.ma\/ar\/wp-json\/wp\/v2\/product_tag?post=8735"},{"taxonomy":"giftcard-category","embeddable":true,"href":"https:\/\/foryoubaby.ma\/ar\/wp-json\/wp\/v2\/giftcard-category?post=8735"}],"curies":[{"name":"wp","href":"https:\/\/api.w.org\/{rel}","templated":true}]}}