{"id":8708,"date":"2025-08-28T14:45:12","date_gmt":"2025-08-28T14:45:12","guid":{"rendered":"https:\/\/foryoubaby.ma\/?post_type=product&#038;p=8708"},"modified":"2025-08-28T14:45:12","modified_gmt":"2025-08-28T14:45:12","slug":"pepe-jeans-cartable-4","status":"publish","type":"product","link":"https:\/\/foryoubaby.ma\/ar\/product\/pepe-jeans-cartable-4\/","title":{"rendered":"PEPE JEANS CARTABLE"},"content":{"rendered":"<ul>\n<li data-start=\"491\" data-end=\"576\">\n<p data-start=\"493\" data-end=\"576\"><strong data-start=\"493\" data-end=\"508\">Composition<\/strong> : 100 % polyester \u2013 tissu l\u00e9ger, r\u00e9sistant et facile \u00e0 entretenir<\/p>\n<\/li>\n<li data-start=\"577\" data-end=\"632\">\n<p data-start=\"579\" data-end=\"632\"><strong data-start=\"579\" data-end=\"610\">Fermeture principale zipp\u00e9e<\/strong> avec double curseur<\/p>\n<\/li>\n<li data-start=\"633\" data-end=\"701\">\n<p data-start=\"635\" data-end=\"701\"><strong data-start=\"635\" data-end=\"672\">Poche frontale \u00e0 fermeture \u00e9clair<\/strong> pour les petits essentiels<\/p>\n<\/li>\n<li data-start=\"702\" data-end=\"745\">\n<p data-start=\"704\" data-end=\"745\"><strong data-start=\"704\" data-end=\"723\">Logo PEPE JEANS<\/strong> brod\u00e9 sur le devant<\/p>\n<\/li>\n<li data-start=\"746\" data-end=\"824\">\n<p data-start=\"748\" data-end=\"824\"><strong data-start=\"748\" data-end=\"774\">Compartiment int\u00e9rieur<\/strong> pour gadgets \u00e9lectroniques, tablette ou cahiers<\/p>\n<\/li>\n<li data-start=\"825\" data-end=\"926\">\n<p data-start=\"827\" data-end=\"926\"><strong data-start=\"827\" data-end=\"857\">Port de charge USB int\u00e9gr\u00e9<\/strong> (powerbank non incluse) pour recharger vos appareils \u00e0 tout moment<\/p>\n<\/li>\n<li data-start=\"927\" data-end=\"972\">\n<p data-start=\"929\" data-end=\"972\"><strong data-start=\"929\" data-end=\"946\">Dos matelass\u00e9<\/strong> pour un confort optimal<\/p>\n<\/li>\n<li data-start=\"973\" data-end=\"1068\">\n<p data-start=\"975\" data-end=\"1068\"><strong data-start=\"975\" data-end=\"1014\">Bretelles ajustables et rembourr\u00e9es<\/strong> pour un port confortable tout au long de la journ\u00e9e<\/p>\n<\/li>\n<li data-start=\"1069\" data-end=\"1129\">\n<p data-start=\"1071\" data-end=\"1129\"><strong data-start=\"1071\" data-end=\"1098\">Tirettes en corde nou\u00e9e<\/strong> au style moderne et original<\/p>\n<\/li>\n<\/ul>","protected":false},"excerpt":{"rendered":"<p>Composition : 100 % polyester \u2013 tissu l\u00e9ger, r\u00e9sistant et facile \u00e0 entretenir Fermeture principale zipp\u00e9e avec double curseur Poche frontale \u00e0 fermeture \u00e9clair pour les petits essentiels Logo PEPE JEANS brod\u00e9 sur le devant Compartiment int\u00e9rieur pour gadgets \u00e9lectroniques, tablette ou cahiers Port de charge USB int\u00e9gr\u00e9 (powerbank non incluse) pour recharger vos appareils [&hellip;]<\/p>\n","protected":false},"featured_media":8709,"comment_status":"open","ping_status":"closed","template":"","meta":[],"product_brand":[],"product_cat":[275],"product_tag":[],"giftcard-category":[],"class_list":{"0":"post-8708","1":"product","2":"type-product","3":"status-publish","4":"has-post-thumbnail","6":"product_cat-school","8":"first","9":"instock","10":"taxable","11":"shipping-taxable","12":"purchasable","13":"product-type-simple"},"jetpack_sharing_enabled":true,"_links":{"self":[{"href":"https:\/\/foryoubaby.ma\/ar\/wp-json\/wp\/v2\/product\/8708","targetHints":{"allow":["GET"]}}],"collection":[{"href":"https:\/\/foryoubaby.ma\/ar\/wp-json\/wp\/v2\/product"}],"about":[{"href":"https:\/\/foryoubaby.ma\/ar\/wp-json\/wp\/v2\/types\/product"}],"replies":[{"embeddable":true,"href":"https:\/\/foryoubaby.ma\/ar\/wp-json\/wp\/v2\/comments?post=8708"}],"wp:featuredmedia":[{"embeddable":true,"href":"https:\/\/foryoubaby.ma\/ar\/wp-json\/wp\/v2\/media\/8709"}],"wp:attachment":[{"href":"https:\/\/foryoubaby.ma\/ar\/wp-json\/wp\/v2\/media?parent=8708"}],"wp:term":[{"taxonomy":"product_brand","embeddable":true,"href":"https:\/\/foryoubaby.ma\/ar\/wp-json\/wp\/v2\/product_brand?post=8708"},{"taxonomy":"product_cat","embeddable":true,"href":"https:\/\/foryoubaby.ma\/ar\/wp-json\/wp\/v2\/product_cat?post=8708"},{"taxonomy":"product_tag","embeddable":true,"href":"https:\/\/foryoubaby.ma\/ar\/wp-json\/wp\/v2\/product_tag?post=8708"},{"taxonomy":"giftcard-category","embeddable":true,"href":"https:\/\/foryoubaby.ma\/ar\/wp-json\/wp\/v2\/giftcard-category?post=8708"}],"curies":[{"name":"wp","href":"https:\/\/api.w.org\/{rel}","templated":true}]}}