{"id":8682,"date":"2025-08-25T10:52:06","date_gmt":"2025-08-25T10:52:06","guid":{"rendered":"https:\/\/foryoubaby.ma\/?post_type=product&#038;p=8682"},"modified":"2025-08-25T10:52:07","modified_gmt":"2025-08-25T10:52:07","slug":"cartable-safta-paul-frank","status":"publish","type":"product","link":"https:\/\/foryoubaby.ma\/ar\/product\/cartable-safta-paul-frank\/","title":{"rendered":"CARTABLE Safta Paul Frank"},"content":{"rendered":"<p>Safta Paul Frank se joint \u00e0 The Fun &#8211; Grand sac \u00e0 dos avec roues, compact, amovible, id\u00e9al pour les enfants de diff\u00e9rents \u00e2ges Confortable et polyvalent, de qualit\u00e9 et de r\u00e9silience, 33 x 22 x 45 cm, Noir<\/p>","protected":false},"excerpt":{"rendered":"<p>Safta Paul Frank se joint \u00e0 The Fun &#8211; Grand sac \u00e0 dos avec roues, compact, amovible, id\u00e9al pour les enfants de diff\u00e9rents \u00e2ges Confortable et polyvalent, de qualit\u00e9 et de r\u00e9silience, 33 x 22 x 45 cm, Noir<\/p>","protected":false},"featured_media":8683,"comment_status":"open","ping_status":"closed","template":"","meta":[],"product_brand":[],"product_cat":[275],"product_tag":[],"giftcard-category":[],"class_list":{"0":"post-8682","1":"product","2":"type-product","3":"status-publish","4":"has-post-thumbnail","6":"product_cat-school","8":"first","9":"instock","10":"taxable","11":"shipping-taxable","12":"purchasable","13":"product-type-simple"},"jetpack_sharing_enabled":true,"_links":{"self":[{"href":"https:\/\/foryoubaby.ma\/ar\/wp-json\/wp\/v2\/product\/8682","targetHints":{"allow":["GET"]}}],"collection":[{"href":"https:\/\/foryoubaby.ma\/ar\/wp-json\/wp\/v2\/product"}],"about":[{"href":"https:\/\/foryoubaby.ma\/ar\/wp-json\/wp\/v2\/types\/product"}],"replies":[{"embeddable":true,"href":"https:\/\/foryoubaby.ma\/ar\/wp-json\/wp\/v2\/comments?post=8682"}],"wp:featuredmedia":[{"embeddable":true,"href":"https:\/\/foryoubaby.ma\/ar\/wp-json\/wp\/v2\/media\/8683"}],"wp:attachment":[{"href":"https:\/\/foryoubaby.ma\/ar\/wp-json\/wp\/v2\/media?parent=8682"}],"wp:term":[{"taxonomy":"product_brand","embeddable":true,"href":"https:\/\/foryoubaby.ma\/ar\/wp-json\/wp\/v2\/product_brand?post=8682"},{"taxonomy":"product_cat","embeddable":true,"href":"https:\/\/foryoubaby.ma\/ar\/wp-json\/wp\/v2\/product_cat?post=8682"},{"taxonomy":"product_tag","embeddable":true,"href":"https:\/\/foryoubaby.ma\/ar\/wp-json\/wp\/v2\/product_tag?post=8682"},{"taxonomy":"giftcard-category","embeddable":true,"href":"https:\/\/foryoubaby.ma\/ar\/wp-json\/wp\/v2\/giftcard-category?post=8682"}],"curies":[{"name":"wp","href":"https:\/\/api.w.org\/{rel}","templated":true}]}}