{"id":8623,"date":"2025-08-22T14:46:46","date_gmt":"2025-08-22T14:46:46","guid":{"rendered":"https:\/\/foryoubaby.ma\/?post_type=product&#038;p=8623"},"modified":"2025-08-22T14:55:19","modified_gmt":"2025-08-22T14:55:19","slug":"sac-de-depil-de-degustation-de-lequipe-de-lequipe-de-mustage-22x16x28-cm-feuille-dragon-000586222","status":"publish","type":"product","link":"https:\/\/foryoubaby.ma\/ar\/product\/sac-de-depil-de-degustation-de-lequipe-de-lequipe-de-mustage-22x16x28-cm-feuille-dragon-000586222\/","title":{"rendered":"LUNCH BAG LITTLE DRAGONE"},"content":{"rendered":"<p data-start=\"1221\" data-end=\"1523\">Le sac \u00e0 d\u00e9jeuner isol\u00e9 de l&rsquo;\u00e9quipe Yummy Little Dragon est parfait pour les braves petits aventuriers avec de grands app\u00e9tits. Dot\u00e9 d&rsquo;un design de dragon ludique et d&rsquo;une isolation intelligente, il garde les repas frais, savoureux et pr\u00eats partout o\u00f9 la journ\u00e9e m\u00e8ne.<\/p>\n<p data-start=\"1525\" data-end=\"1977\"><strong data-start=\"1525\" data-end=\"1538\">Caract\u00e9ristiques:<\/strong> <br data-start=\"1538\" data-end=\"1541\" \/>Marque: \u00c9quipe Must Yummy <br data-start=\"1565\" data-end=\"1568\" \/>Dimensions: 22x16x28 cm <br data-start=\"1593\" data-end=\"1596\" \/>:: Capacit\u00e9 : 7L <br data-start=\"1610\" data-end=\"1613\" \/>Mat\u00e9riau: polyester durable <br data-start=\"1642\" data-end=\"1645\" \/>Poids : 300 g <br data-start=\"1659\" data-end=\"1662\" \/>2s: 1 sommet spacieux et 1 section inf\u00e9rieure pour la s\u00e9paration <br data-start=\"1729\" data-end=\"1732\" \/>Doublure isol\u00e9e pour la r\u00e9tention de temp\u00e9rature et la fra\u00eecheur des aliments <br data-start=\"1795\" data-end=\"1798\" \/>Poign\u00e9e renforc\u00e9e et sangle d&rsquo;\u00e9paule r\u00e9glable <br data-start=\"1847\" data-end=\"1850\" \/>Sangle de chariot pour fixation aux sacs d&rsquo;\u00e9cole roulants <br data-start=\"1902\" data-end=\"1905\" \/>&#8211; Bande \u00e9lastique int\u00e9rieure pour support de bouteille <br data-start=\"1944\" data-end=\"1947\" \/>Nom de l&rsquo;\u00e9tiquette pour la personnalisation<\/p>","protected":false},"excerpt":{"rendered":"<p>Le sac \u00e0 d\u00e9jeuner isol\u00e9 de l&rsquo;\u00e9quipe Yummy Little Dragon est parfait pour les braves petits aventuriers avec de grands app\u00e9tits. Dot\u00e9 d&rsquo;un design de dragon ludique et d&rsquo;une isolation intelligente, il garde les repas frais, savoureux et pr\u00eats partout o\u00f9 la journ\u00e9e m\u00e8ne. Caract\u00e9ristiques: Marque: \u00c9quipe Must Yummy Dimensions: 22x16x28 cm :: Capacit\u00e9 : [&hellip;]<\/p>\n","protected":false},"featured_media":8600,"comment_status":"open","ping_status":"closed","template":"","meta":[],"product_brand":[],"product_cat":[275],"product_tag":[],"giftcard-category":[],"class_list":{"0":"post-8623","1":"product","2":"type-product","3":"status-publish","4":"has-post-thumbnail","6":"product_cat-school","8":"first","9":"instock","10":"taxable","11":"shipping-taxable","12":"purchasable","13":"product-type-simple"},"jetpack_sharing_enabled":true,"_links":{"self":[{"href":"https:\/\/foryoubaby.ma\/ar\/wp-json\/wp\/v2\/product\/8623","targetHints":{"allow":["GET"]}}],"collection":[{"href":"https:\/\/foryoubaby.ma\/ar\/wp-json\/wp\/v2\/product"}],"about":[{"href":"https:\/\/foryoubaby.ma\/ar\/wp-json\/wp\/v2\/types\/product"}],"replies":[{"embeddable":true,"href":"https:\/\/foryoubaby.ma\/ar\/wp-json\/wp\/v2\/comments?post=8623"}],"wp:featuredmedia":[{"embeddable":true,"href":"https:\/\/foryoubaby.ma\/ar\/wp-json\/wp\/v2\/media\/8600"}],"wp:attachment":[{"href":"https:\/\/foryoubaby.ma\/ar\/wp-json\/wp\/v2\/media?parent=8623"}],"wp:term":[{"taxonomy":"product_brand","embeddable":true,"href":"https:\/\/foryoubaby.ma\/ar\/wp-json\/wp\/v2\/product_brand?post=8623"},{"taxonomy":"product_cat","embeddable":true,"href":"https:\/\/foryoubaby.ma\/ar\/wp-json\/wp\/v2\/product_cat?post=8623"},{"taxonomy":"product_tag","embeddable":true,"href":"https:\/\/foryoubaby.ma\/ar\/wp-json\/wp\/v2\/product_tag?post=8623"},{"taxonomy":"giftcard-category","embeddable":true,"href":"https:\/\/foryoubaby.ma\/ar\/wp-json\/wp\/v2\/giftcard-category?post=8623"}],"curies":[{"name":"wp","href":"https:\/\/api.w.org\/{rel}","templated":true}]}}