{"id":8583,"date":"2025-08-22T12:16:17","date_gmt":"2025-08-22T12:16:17","guid":{"rendered":"https:\/\/foryoubaby.ma\/?post_type=product&#038;p=8583"},"modified":"2025-10-01T09:16:38","modified_gmt":"2025-10-01T09:16:38","slug":"cartable-miki-mouse","status":"publish","type":"product","link":"https:\/\/foryoubaby.ma\/ar\/product\/cartable-miki-mouse\/","title":{"rendered":"CARTABLE MIKI MOUSE"},"content":{"rendered":"<p>Dimensions: 34 x 26 x 11 cm.<\/p>\n<p>Coins en caoutchouc anti-rayures des deux c\u00f4t\u00e9s pour augmenter la durabilit\u00e9 (BREV\u00c9 SAFTA). Adaptable au chariot \u00e0 dos. Deux grands d\u00e9partements zipp\u00e9s. Double poche avant avec organisateur int\u00e9rieur. Poche porte-bouteille lat\u00e9rale. Double tirette sur les fermetures \u00e9clair principales pour faciliter l\u2019ouverture. \u00c9paulettes et dos ergonomiques et rembourr\u00e9s. Poign\u00e9e doubl\u00e9e en haut. Mat\u00e9riau recyclable.<\/p>\n<p>Ref: 612233609<\/p>","protected":false},"excerpt":{"rendered":"<p>Dimensions: 34 x 26 x 11 cm. Coins en caoutchouc anti-rayures des deux c\u00f4t\u00e9s pour augmenter la durabilit\u00e9 (BREV\u00c9 SAFTA). Adaptable au chariot \u00e0 dos. Deux grands d\u00e9partements zipp\u00e9s. Double poche avant avec organisateur int\u00e9rieur. Poche porte-bouteille lat\u00e9rale. Double tirette sur les fermetures \u00e9clair principales pour faciliter l\u2019ouverture. \u00c9paulettes et dos ergonomiques et rembourr\u00e9s. Poign\u00e9e [&hellip;]<\/p>\n","protected":false},"featured_media":8580,"comment_status":"open","ping_status":"closed","template":"","meta":[],"product_brand":[],"product_cat":[275],"product_tag":[],"giftcard-category":[],"class_list":{"0":"post-8583","1":"product","2":"type-product","3":"status-publish","4":"has-post-thumbnail","6":"product_cat-school","8":"first","9":"outofstock","10":"taxable","11":"shipping-taxable","12":"purchasable","13":"product-type-simple"},"jetpack_sharing_enabled":true,"_links":{"self":[{"href":"https:\/\/foryoubaby.ma\/ar\/wp-json\/wp\/v2\/product\/8583","targetHints":{"allow":["GET"]}}],"collection":[{"href":"https:\/\/foryoubaby.ma\/ar\/wp-json\/wp\/v2\/product"}],"about":[{"href":"https:\/\/foryoubaby.ma\/ar\/wp-json\/wp\/v2\/types\/product"}],"replies":[{"embeddable":true,"href":"https:\/\/foryoubaby.ma\/ar\/wp-json\/wp\/v2\/comments?post=8583"}],"wp:featuredmedia":[{"embeddable":true,"href":"https:\/\/foryoubaby.ma\/ar\/wp-json\/wp\/v2\/media\/8580"}],"wp:attachment":[{"href":"https:\/\/foryoubaby.ma\/ar\/wp-json\/wp\/v2\/media?parent=8583"}],"wp:term":[{"taxonomy":"product_brand","embeddable":true,"href":"https:\/\/foryoubaby.ma\/ar\/wp-json\/wp\/v2\/product_brand?post=8583"},{"taxonomy":"product_cat","embeddable":true,"href":"https:\/\/foryoubaby.ma\/ar\/wp-json\/wp\/v2\/product_cat?post=8583"},{"taxonomy":"product_tag","embeddable":true,"href":"https:\/\/foryoubaby.ma\/ar\/wp-json\/wp\/v2\/product_tag?post=8583"},{"taxonomy":"giftcard-category","embeddable":true,"href":"https:\/\/foryoubaby.ma\/ar\/wp-json\/wp\/v2\/giftcard-category?post=8583"}],"curies":[{"name":"wp","href":"https:\/\/api.w.org\/{rel}","templated":true}]}}