{"id":8328,"date":"2025-08-19T15:01:23","date_gmt":"2025-08-19T15:01:23","guid":{"rendered":"https:\/\/foryoubaby.ma\/?post_type=product&#038;p=8328"},"modified":"2025-08-19T15:01:23","modified_gmt":"2025-08-19T15:01:23","slug":"robe-culotte-en-popeline-rose-et-beige-fleuri-a-manches-volantees","status":"publish","type":"product","link":"https:\/\/foryoubaby.ma\/ar\/product\/robe-culotte-en-popeline-rose-et-beige-fleuri-a-manches-volantees\/","title":{"rendered":"Robe culotte en popeline rose et beige fleuri \u00e0 manches volant\u00e9es"},"content":{"rendered":"<p><span data-sheets-root=\"1\">Robe culotte en popeline rose et beige fleuri \u00e0 manches volant\u00e9es qui apportent une touche de douceur et de l\u00e9g\u00e9ret\u00e9 \u00e0 la tenue, zip sur le dos rend cette robe facile \u00e0 enfiler<\/span><\/p>","protected":false},"excerpt":{"rendered":"<p>Robe culotte en popeline rose et beige fleuri \u00e0 manches volant\u00e9es qui apportent une touche de douceur et de l\u00e9g\u00e9ret\u00e9 \u00e0 la tenue, zip sur le dos rend cette robe facile \u00e0 enfiler<\/p>","protected":false},"featured_media":8330,"comment_status":"open","ping_status":"closed","template":"","meta":[],"product_brand":[260],"product_cat":[64],"product_tag":[],"giftcard-category":[],"class_list":{"0":"post-8328","1":"product","2":"type-product","3":"status-publish","4":"has-post-thumbnail","6":"product_brand-noory","7":"product_cat-vetements","9":"first","10":"instock","11":"taxable","12":"shipping-taxable","13":"purchasable","14":"product-type-variable"},"jetpack_sharing_enabled":true,"_links":{"self":[{"href":"https:\/\/foryoubaby.ma\/ar\/wp-json\/wp\/v2\/product\/8328","targetHints":{"allow":["GET"]}}],"collection":[{"href":"https:\/\/foryoubaby.ma\/ar\/wp-json\/wp\/v2\/product"}],"about":[{"href":"https:\/\/foryoubaby.ma\/ar\/wp-json\/wp\/v2\/types\/product"}],"replies":[{"embeddable":true,"href":"https:\/\/foryoubaby.ma\/ar\/wp-json\/wp\/v2\/comments?post=8328"}],"wp:featuredmedia":[{"embeddable":true,"href":"https:\/\/foryoubaby.ma\/ar\/wp-json\/wp\/v2\/media\/8330"}],"wp:attachment":[{"href":"https:\/\/foryoubaby.ma\/ar\/wp-json\/wp\/v2\/media?parent=8328"}],"wp:term":[{"taxonomy":"product_brand","embeddable":true,"href":"https:\/\/foryoubaby.ma\/ar\/wp-json\/wp\/v2\/product_brand?post=8328"},{"taxonomy":"product_cat","embeddable":true,"href":"https:\/\/foryoubaby.ma\/ar\/wp-json\/wp\/v2\/product_cat?post=8328"},{"taxonomy":"product_tag","embeddable":true,"href":"https:\/\/foryoubaby.ma\/ar\/wp-json\/wp\/v2\/product_tag?post=8328"},{"taxonomy":"giftcard-category","embeddable":true,"href":"https:\/\/foryoubaby.ma\/ar\/wp-json\/wp\/v2\/giftcard-category?post=8328"}],"curies":[{"name":"wp","href":"https:\/\/api.w.org\/{rel}","templated":true}]}}