{"id":8269,"date":"2025-08-15T17:54:57","date_gmt":"2025-08-15T17:54:57","guid":{"rendered":"https:\/\/foryoubaby.ma\/?post_type=product&#038;p=8269"},"modified":"2025-08-15T17:54:57","modified_gmt":"2025-08-15T17:54:57","slug":"siege-auto-isofix-pour-enfant","status":"publish","type":"product","link":"https:\/\/foryoubaby.ma\/ar\/product\/siege-auto-isofix-pour-enfant\/","title":{"rendered":"Si\u00e8ge Auto Isofix pour enfant"},"content":{"rendered":"<div class=\"wrap\">\n<ul class=\"tabs wc-tabs col-lg-12\" role=\"tablist\">\n<li id=\"tab-title-reviews\" class=\"reviews_tab\" role=\"tab\" aria-controls=\"tab-reviews\"><\/li>\n<\/ul>\n<\/div>\n<div id=\"tab-description\" class=\"woocommerce-Tabs-panel woocommerce-Tabs-panel--description panel entry-content wc-tab  current col-md-10 col-md-offset-1\" role=\"tabpanel\" data-title=\"Description\" aria-labelledby=\"tab-title-description\">\n<p>Si\u00e8ge Auto isofix pour enfant<br \/>\nCe si\u00e8ge auto est l\u00e0 pour assurer la s\u00e9curit\u00e9 de votre tout-petit dans toutes ses aventures, de la naissance \u00e0 environ 12 ans (36 kg). La base pivotante \u00e0 360 degr\u00e9s assure le confort pour d\u00e9placer facilement votre enfant dans et hors de la voiture.<\/p>\n<\/div>","protected":false},"excerpt":{"rendered":"<p>Si\u00e8ge Auto isofix pour enfant Ce si\u00e8ge auto est l\u00e0 pour assurer la s\u00e9curit\u00e9 de votre tout-petit dans toutes ses aventures, de la naissance \u00e0 environ 12 ans (36 kg). La base pivotante \u00e0 360 degr\u00e9s assure le confort pour d\u00e9placer facilement votre enfant dans et hors de la voiture.<\/p>","protected":false},"featured_media":8273,"comment_status":"open","ping_status":"closed","template":"","meta":[],"product_brand":[],"product_cat":[96],"product_tag":[],"giftcard-category":[],"class_list":{"0":"post-8269","1":"product","2":"type-product","3":"status-publish","4":"has-post-thumbnail","6":"product_cat-siege-auto","8":"first","9":"instock","10":"taxable","11":"shipping-taxable","12":"purchasable","13":"product-type-simple"},"jetpack_sharing_enabled":true,"_links":{"self":[{"href":"https:\/\/foryoubaby.ma\/ar\/wp-json\/wp\/v2\/product\/8269","targetHints":{"allow":["GET"]}}],"collection":[{"href":"https:\/\/foryoubaby.ma\/ar\/wp-json\/wp\/v2\/product"}],"about":[{"href":"https:\/\/foryoubaby.ma\/ar\/wp-json\/wp\/v2\/types\/product"}],"replies":[{"embeddable":true,"href":"https:\/\/foryoubaby.ma\/ar\/wp-json\/wp\/v2\/comments?post=8269"}],"wp:featuredmedia":[{"embeddable":true,"href":"https:\/\/foryoubaby.ma\/ar\/wp-json\/wp\/v2\/media\/8273"}],"wp:attachment":[{"href":"https:\/\/foryoubaby.ma\/ar\/wp-json\/wp\/v2\/media?parent=8269"}],"wp:term":[{"taxonomy":"product_brand","embeddable":true,"href":"https:\/\/foryoubaby.ma\/ar\/wp-json\/wp\/v2\/product_brand?post=8269"},{"taxonomy":"product_cat","embeddable":true,"href":"https:\/\/foryoubaby.ma\/ar\/wp-json\/wp\/v2\/product_cat?post=8269"},{"taxonomy":"product_tag","embeddable":true,"href":"https:\/\/foryoubaby.ma\/ar\/wp-json\/wp\/v2\/product_tag?post=8269"},{"taxonomy":"giftcard-category","embeddable":true,"href":"https:\/\/foryoubaby.ma\/ar\/wp-json\/wp\/v2\/giftcard-category?post=8269"}],"curies":[{"name":"wp","href":"https:\/\/api.w.org\/{rel}","templated":true}]}}