{"id":8241,"date":"2025-08-14T19:22:27","date_gmt":"2025-08-14T19:22:27","guid":{"rendered":"https:\/\/foryoubaby.ma\/?post_type=product&#038;p=8241"},"modified":"2025-08-14T19:22:27","modified_gmt":"2025-08-14T19:22:27","slug":"siege-auto-bebe-burbay","status":"publish","type":"product","link":"https:\/\/foryoubaby.ma\/ar\/product\/siege-auto-bebe-burbay\/","title":{"rendered":"Si\u00e8ge Auto B\u00e9b\u00e9 BURBAY"},"content":{"rendered":"<p>la s\u00e9curit\u00e9 de votre b\u00e9b\u00e9 passe avant tout !<br \/>\nD\u00e9couvrez notre Si\u00e8ge Auto B\u00e9b\u00e9 BURBAY :<br \/>\n\u2705 Fixation Isofix pour une s\u00e9curit\u00e9 optimale<br \/>\n\u2705 Rotation 360\u00b0 pour une installation facile<br \/>\n\u2705 Convient aux b\u00e9b\u00e9s de 0 \u00e0 36 kg<br \/>\n\ud83d\udda4 Design \u00e9l\u00e9gant<br \/>\nOffrez \u00e0 votre enfant un voyage en toute tranquillit\u00e9 ! Disponible d\u00e8s maintenant chez Youbi Toys \ud83d\udce9<br \/>\nChez Youbi Toys, nous vous proposons le meilleur pour vos petits :<br \/>\n\ud83d\udc76 \u00c9volutif de 0 \u00e0 36 kg \u2013 grandit avec votre enfant<br \/>\n\ud83d\udd04 Rotation 360\u00b0 pour une installation pratique<br \/>\n\ud83d\udee1\ufe0f Syst\u00e8me Isofix pour une s\u00e9curit\u00e9 renforc\u00e9e<br \/>\n\ud83d\udda4 Un design Rouge sobre et moderne<\/p>","protected":false},"excerpt":{"rendered":"<p>la s\u00e9curit\u00e9 de votre b\u00e9b\u00e9 passe avant tout ! D\u00e9couvrez notre Si\u00e8ge Auto B\u00e9b\u00e9 BURBAY : \u2705 Fixation Isofix pour une s\u00e9curit\u00e9 optimale \u2705 Rotation 360\u00b0 pour une installation facile \u2705 Convient aux b\u00e9b\u00e9s de 0 \u00e0 36 kg \ud83d\udda4 Design \u00e9l\u00e9gant Offrez \u00e0 votre enfant un voyage en toute tranquillit\u00e9 ! Disponible d\u00e8s maintenant [&hellip;]<\/p>\n","protected":false},"featured_media":8246,"comment_status":"open","ping_status":"closed","template":"","meta":[],"product_brand":[],"product_cat":[96],"product_tag":[],"giftcard-category":[],"class_list":{"0":"post-8241","1":"product","2":"type-product","3":"status-publish","4":"has-post-thumbnail","6":"product_cat-siege-auto","8":"first","9":"instock","10":"taxable","11":"shipping-taxable","12":"purchasable","13":"product-type-variable"},"jetpack_sharing_enabled":true,"_links":{"self":[{"href":"https:\/\/foryoubaby.ma\/ar\/wp-json\/wp\/v2\/product\/8241","targetHints":{"allow":["GET"]}}],"collection":[{"href":"https:\/\/foryoubaby.ma\/ar\/wp-json\/wp\/v2\/product"}],"about":[{"href":"https:\/\/foryoubaby.ma\/ar\/wp-json\/wp\/v2\/types\/product"}],"replies":[{"embeddable":true,"href":"https:\/\/foryoubaby.ma\/ar\/wp-json\/wp\/v2\/comments?post=8241"}],"wp:featuredmedia":[{"embeddable":true,"href":"https:\/\/foryoubaby.ma\/ar\/wp-json\/wp\/v2\/media\/8246"}],"wp:attachment":[{"href":"https:\/\/foryoubaby.ma\/ar\/wp-json\/wp\/v2\/media?parent=8241"}],"wp:term":[{"taxonomy":"product_brand","embeddable":true,"href":"https:\/\/foryoubaby.ma\/ar\/wp-json\/wp\/v2\/product_brand?post=8241"},{"taxonomy":"product_cat","embeddable":true,"href":"https:\/\/foryoubaby.ma\/ar\/wp-json\/wp\/v2\/product_cat?post=8241"},{"taxonomy":"product_tag","embeddable":true,"href":"https:\/\/foryoubaby.ma\/ar\/wp-json\/wp\/v2\/product_tag?post=8241"},{"taxonomy":"giftcard-category","embeddable":true,"href":"https:\/\/foryoubaby.ma\/ar\/wp-json\/wp\/v2\/giftcard-category?post=8241"}],"curies":[{"name":"wp","href":"https:\/\/api.w.org\/{rel}","templated":true}]}}