{"id":8212,"date":"2025-08-14T12:03:36","date_gmt":"2025-08-14T12:03:36","guid":{"rendered":"https:\/\/foryoubaby.ma\/?post_type=product&#038;p=8212"},"modified":"2025-08-14T12:37:34","modified_gmt":"2025-08-14T12:37:34","slug":"siege-auto-rotatif-grp-0-1-2-3-isofix-confort","status":"publish","type":"product","link":"https:\/\/foryoubaby.ma\/ar\/product\/siege-auto-rotatif-grp-0-1-2-3-isofix-confort\/","title":{"rendered":"Si\u00e8ge auto rotatif grp 0\/1\/2\/3 isofix \u2013 Confort"},"content":{"rendered":"<h1 class=\"product_title entry-title\">Si\u00e8ge auto rotatif grp 0\/1\/2\/3 isofix \u2013 Confort<\/h1>\n<div class=\"woocommerce-product-details__short-description\">\n<p>Pratique et confortable, ce si\u00e8ge auto \u00e9volutif rotatif accompagne la croissance de votre enfant, garantissant confort et s\u00e9curit\u00e9 \u00e0 chaque \u00e9tape de son d\u00e9veloppement<\/p>\n<\/div>","protected":false},"excerpt":{"rendered":"<p>Si\u00e8ge auto rotatif grp 0\/1\/2\/3 isofix \u2013 Confort Pratique et confortable, ce si\u00e8ge auto \u00e9volutif rotatif accompagne la croissance de votre enfant, garantissant confort et s\u00e9curit\u00e9 \u00e0 chaque \u00e9tape de son d\u00e9veloppement<\/p>","protected":false},"featured_media":8219,"comment_status":"open","ping_status":"closed","template":"","meta":[],"product_brand":[258],"product_cat":[96],"product_tag":[],"giftcard-category":[],"class_list":{"0":"post-8212","1":"product","2":"type-product","3":"status-publish","4":"has-post-thumbnail","6":"product_brand-confort","7":"product_cat-siege-auto","9":"first","10":"instock","11":"taxable","12":"shipping-taxable","13":"purchasable","14":"product-type-variable"},"jetpack_sharing_enabled":true,"_links":{"self":[{"href":"https:\/\/foryoubaby.ma\/ar\/wp-json\/wp\/v2\/product\/8212","targetHints":{"allow":["GET"]}}],"collection":[{"href":"https:\/\/foryoubaby.ma\/ar\/wp-json\/wp\/v2\/product"}],"about":[{"href":"https:\/\/foryoubaby.ma\/ar\/wp-json\/wp\/v2\/types\/product"}],"replies":[{"embeddable":true,"href":"https:\/\/foryoubaby.ma\/ar\/wp-json\/wp\/v2\/comments?post=8212"}],"wp:featuredmedia":[{"embeddable":true,"href":"https:\/\/foryoubaby.ma\/ar\/wp-json\/wp\/v2\/media\/8219"}],"wp:attachment":[{"href":"https:\/\/foryoubaby.ma\/ar\/wp-json\/wp\/v2\/media?parent=8212"}],"wp:term":[{"taxonomy":"product_brand","embeddable":true,"href":"https:\/\/foryoubaby.ma\/ar\/wp-json\/wp\/v2\/product_brand?post=8212"},{"taxonomy":"product_cat","embeddable":true,"href":"https:\/\/foryoubaby.ma\/ar\/wp-json\/wp\/v2\/product_cat?post=8212"},{"taxonomy":"product_tag","embeddable":true,"href":"https:\/\/foryoubaby.ma\/ar\/wp-json\/wp\/v2\/product_tag?post=8212"},{"taxonomy":"giftcard-category","embeddable":true,"href":"https:\/\/foryoubaby.ma\/ar\/wp-json\/wp\/v2\/giftcard-category?post=8212"}],"curies":[{"name":"wp","href":"https:\/\/api.w.org\/{rel}","templated":true}]}}