{"id":8189,"date":"2025-08-13T13:45:47","date_gmt":"2025-08-13T13:45:47","guid":{"rendered":"https:\/\/foryoubaby.ma\/?post_type=product&#038;p=8189"},"modified":"2025-08-13T13:45:48","modified_gmt":"2025-08-13T13:45:48","slug":"britax-romer-siege-auto-dualfix-2-r-cosmos-black","status":"publish","type":"product","link":"https:\/\/foryoubaby.ma\/ar\/product\/britax-romer-siege-auto-dualfix-2-r-cosmos-black\/","title":{"rendered":"Britax R\u00f6mer Si\u00e8ge-auto Dualfix 2 R Cosmos Black"},"content":{"rendered":"<p>Vous avez besoin d\u2019un si\u00e8ge auto qui assure \u00e0 la fois s\u00e9curit\u00e9, confort et maniabilit\u00e9\u00a0? D\u00e9couvrez le<strong>\u00a0Dualfix\u00b2 R<\/strong>\u00a0con\u00e7u par Britax-R\u00f6mer pour faciliter les voyages en voiture et assurer le bien-\u00eatre de b\u00e9b\u00e9.<\/p>\n<p>Le\u00a0<strong>Dualfix 2R est la nouvelle version du Dualfix<\/strong>\u00a0mais avec des\u00a0<strong>am\u00e9liorations<\/strong>\u00a0au niveau de l\u2019utilisation, la performance et le design:<\/p>\n<ul>\n<li>Il dispose d\u2019un nouveau repose-t\u00eate en V qui offre plus de s\u00e9curit\u00e9<\/li>\n<li>Les coussinets de poitrine sont con\u00e7us en n\u00e9opr\u00e8ne souple<\/li>\n<li>La barre anti-rebond est r\u00e9duite pour une rotation \u00e0 360\u00b0 dans toutes les positions<\/li>\n<li>Le harnais \u00e0 5 points est optimis\u00e9 pour les plus petits<\/li>\n<li>Une coque noire design<\/li>\n<\/ul>\n<p>Les parents qui ont essay\u00e9 le si\u00e8ge-auto de Britax-R\u00f6mer sont unanimes\u00a0: en mati\u00e8re de s\u00e9curit\u00e9, c\u2019est le meilleur cadeau que vous puissiez faire \u00e0 votre enfant pour les d\u00e9placements en voiture. Il pr\u00e9sente un excellent rapport qualit\u00e9\/prix, et il est adapt\u00e9 aux enfants\u00a0<strong>de 3 mois jusqu\u2019\u00e0 quatre ans environ<\/strong>. Avec le coussin r\u00e9ducteur nouveau-n\u00e9 (vendu s\u00e9par\u00e9ment), le Dualfix 2 R sera utilisable d\u00e8s la naissance de b\u00e9b\u00e9. Vous pourrez ainsi faire un investissement \u00e0 long terme en une seule fois. Avec son design \u00e9l\u00e9gant et ses finitions \u00e9labor\u00e9es, le si\u00e8ge auto Dualfix 2 R est aussi confortable que s\u00e9curis\u00e9 pour b\u00e9b\u00e9.<\/p>\n<h3>Confort et s\u00e9curit\u00e9 assur\u00e9s pour votre petit ch\u00e9rubin dans son Dualfix 2 R<\/h3>\n<p>Pour ce qui est du confort, il dispose de parois\u00a0<strong>enti\u00e8rement rembourr\u00e9es<\/strong>\u00a0qui offrent une protection accrue \u00e0 votre enfant tout en le pr\u00e9servant des chocs lat\u00e9raux \u00e9ventuels. Des coussinets de poitrine tr\u00e8s r\u00e9sistants en n\u00e9opr\u00e8ne sont pr\u00e9vus pour minimiser les mouvements de votre petit tr\u00e9sor vers l\u2019avant et absorber les chocs en cas d\u2019accident. Le coussinet de ventre et la housse sont rembourr\u00e9s avec une mousse ultra souple et dense pour que b\u00e9b\u00e9 soit parfaitement \u00e0 l\u2019aise.<\/p>\n<p>En mati\u00e8re de s\u00e9curit\u00e9, votre si\u00e8ge auto pour b\u00e9b\u00e9 dispose d\u2019un<strong>\u00a0harnais de s\u00e9curit\u00e9 \u00e0 5 points<\/strong>\u00a0facilement r\u00e9glable. Il est \u00e9galement muni d\u2019un syst\u00e8me\u00a0<strong>ISOFIX<\/strong>\u00a0(le syst\u00e8me de fixation le plus s\u00e9curis\u00e9 disponible sur le march\u00e9), qui permet une connexion renforc\u00e9e du si\u00e8ge auto aux points d\u2019ancrage de votre v\u00e9hicule.<\/p>\n<h3>Pratique, \u00e9l\u00e9gant et facile \u00e0 manier<\/h3>\n<p>Le Dualfix 2 R vient \u00e9galement faciliter la vie aux parents\u00a0: il est accompagn\u00e9 de guides d\u2019insertion en plastiques pour les points d\u2019ancrage ISOFIX et il dispose d\u2019<strong>indicateurs<\/strong>\u00a0pour vous aider \u00e0 installer le si\u00e8ge de votre enfant correctement. Les indicateurs passent automatiquement au vert lorsque le si\u00e8ge est bien plac\u00e9. En outre, votre si\u00e8ge auto est \u00e9quip\u00e9 d\u2019un\u00a0<strong>syst\u00e8me de pivotement de 360\u00b0<\/strong>, tr\u00e8s facile et pratique pour installer votre enfant dans la position qui vous convient le mieux\u00a0: dos \u00e0 la route (pour les enfants de 0 \u00e0 18\u00a0kg) ou face \u00e0 la route (pour les enfants plus grands, de 9 \u00e0 18 kilos). Gr\u00e2ce au syst\u00e8me de s\u00e9curit\u00e9 renforc\u00e9, votre si\u00e8ge-auto Dualfix 2 R sera votre compagnon pr\u00e9f\u00e9r\u00e9 lors des d\u00e9placements avec b\u00e9b\u00e9. Chaque position d\u2019installation dispose de\u00a0<strong>3 positions d\u2019inclinaison<\/strong>\u00a0pour permettre \u00e0 b\u00e9b\u00e9 de s\u2019endormir plus facilement ou de se reposer. Enfin, vous pourrez faire pivoter votre si\u00e8ge auto pour installer ou sortir votre enfant face \u00e0 vous.<\/p>\n<p>Le nouveau si\u00e8ge auto Dualfix 2 R de Britax-R\u00f6mer est parmi les meilleurs si\u00e8ges auto, facilement maniable, d\u00e9finitivement s\u00e9curisant et hyper confortable aussi bien pour votre petit tr\u00e9sor, que pour vous.<\/p>\n<h3>Caract\u00e9ristiques du si\u00e8ge-auto Dualfix 2 R de Britax-R\u00f6mer:<\/h3>\n<ul>\n<li>Id\u00e9al pour le transport des enfants \u00e0 partir de 3 mois jusqu\u2019\u00e0 quatre ans<\/li>\n<li>Utilisable d\u00e8s la naissance avec le coussin r\u00e9ducteur nouveau-n\u00e9 (vendu s\u00e9par\u00e9ment)<\/li>\n<li>Si\u00e8ge hyper confortable et rembourr\u00e9 d\u2019une mousse souple<\/li>\n<li>Dispose d\u2019un syst\u00e8me de pivotement de 360\u00b0<\/li>\n<li>Si\u00e8ge muni de deux positions (face ou dos \u00e0 la route) d\u2019installation et six inclinaisons possibles<\/li>\n<li>Installation dos \u00e0 la route possible de 0 \u00e0 18 kilos (environ 4 ans)<\/li>\n<li>Installation face \u00e0 la route possible \u00e0 partir de 9 kilos<\/li>\n<li>Pratique et facile \u00e0 manier pour les parents<\/li>\n<li>Harnais de s\u00e9curit\u00e9 \u00e0 5 points r\u00e9glable d\u2019un seul geste, id\u00e9al pour assurer une s\u00e9curit\u00e9 renforc\u00e9e<\/li>\n<li>Dispose d\u2019indicateurs permettant de v\u00e9rifier la position d\u2019installation<\/li>\n<li>Syst\u00e8me Isofix pour une fixation encore plus renforc\u00e9e<\/li>\n<li>Coussinets de poitrine en n\u00e9opr\u00e8ne pour absorber les mouvements vers l\u2019avant et les chocs \u00e9ventuels<\/li>\n<li>Coussinet de ventre et housse rembourr\u00e9e<\/li>\n<li>Guides d\u2019insertion en plastiques fournis avec le si\u00e8ge<\/li>\n<li>R\u00e9glage du si\u00e8ge auto en fonction du poids de votre enfant<\/li>\n<li>Si\u00e8ge \u00e9volutif qui s\u2019adapte \u00e0 la taille de votre enfant<\/li>\n<li>Housse amovible lavable en machine ind\u00e9pendamment du harnais<\/li>\n<li>Homologu\u00e9 ECE R44 GR0+\/1<\/li>\n<\/ul>\n<h3>Caract\u00e9ristiques techniques du si\u00e8ge-auto Dualfix 2 R de Britax-R\u00f6mer:<\/h3>\n<ul>\n<li>Dimensions: 63 x 45 x 53 cm<\/li>\n<li>Poids: 14 kilos<\/li>\n<\/ul>\n<p>Britax R\u00f6mer Si\u00e8ge-auto Dualfix 2 R Cosmos Black<\/p>","protected":false},"excerpt":{"rendered":"<p>Vous avez besoin d\u2019un si\u00e8ge auto qui assure \u00e0 la fois s\u00e9curit\u00e9, confort et maniabilit\u00e9\u00a0? D\u00e9couvrez le\u00a0Dualfix\u00b2 R\u00a0con\u00e7u par Britax-R\u00f6mer pour faciliter les voyages en voiture et assurer le bien-\u00eatre de b\u00e9b\u00e9. Le\u00a0Dualfix 2R est la nouvelle version du Dualfix\u00a0mais avec des\u00a0am\u00e9liorations\u00a0au niveau de l\u2019utilisation, la performance et le design: Il dispose d\u2019un nouveau repose-t\u00eate [&hellip;]<\/p>\n","protected":false},"featured_media":8195,"comment_status":"open","ping_status":"closed","template":"","meta":[],"product_brand":[257],"product_cat":[96],"product_tag":[],"giftcard-category":[],"class_list":{"0":"post-8189","1":"product","2":"type-product","3":"status-publish","4":"has-post-thumbnail","6":"product_brand-britax","7":"product_cat-siege-auto","9":"first","10":"instock","11":"taxable","12":"shipping-taxable","13":"purchasable","14":"product-type-simple"},"jetpack_sharing_enabled":true,"_links":{"self":[{"href":"https:\/\/foryoubaby.ma\/ar\/wp-json\/wp\/v2\/product\/8189","targetHints":{"allow":["GET"]}}],"collection":[{"href":"https:\/\/foryoubaby.ma\/ar\/wp-json\/wp\/v2\/product"}],"about":[{"href":"https:\/\/foryoubaby.ma\/ar\/wp-json\/wp\/v2\/types\/product"}],"replies":[{"embeddable":true,"href":"https:\/\/foryoubaby.ma\/ar\/wp-json\/wp\/v2\/comments?post=8189"}],"wp:featuredmedia":[{"embeddable":true,"href":"https:\/\/foryoubaby.ma\/ar\/wp-json\/wp\/v2\/media\/8195"}],"wp:attachment":[{"href":"https:\/\/foryoubaby.ma\/ar\/wp-json\/wp\/v2\/media?parent=8189"}],"wp:term":[{"taxonomy":"product_brand","embeddable":true,"href":"https:\/\/foryoubaby.ma\/ar\/wp-json\/wp\/v2\/product_brand?post=8189"},{"taxonomy":"product_cat","embeddable":true,"href":"https:\/\/foryoubaby.ma\/ar\/wp-json\/wp\/v2\/product_cat?post=8189"},{"taxonomy":"product_tag","embeddable":true,"href":"https:\/\/foryoubaby.ma\/ar\/wp-json\/wp\/v2\/product_tag?post=8189"},{"taxonomy":"giftcard-category","embeddable":true,"href":"https:\/\/foryoubaby.ma\/ar\/wp-json\/wp\/v2\/giftcard-category?post=8189"}],"curies":[{"name":"wp","href":"https:\/\/api.w.org\/{rel}","templated":true}]}}