{"id":8183,"date":"2025-08-13T12:32:20","date_gmt":"2025-08-13T12:32:20","guid":{"rendered":"https:\/\/foryoubaby.ma\/?post_type=product&#038;p=8183"},"modified":"2025-08-13T12:32:20","modified_gmt":"2025-08-13T12:32:20","slug":"evolva-1-2-3-sl-sict-caracteristiques-avadiees-et-flexibilite","status":"publish","type":"product","link":"https:\/\/foryoubaby.ma\/ar\/product\/evolva-1-2-3-sl-sict-caracteristiques-avadiees-et-flexibilite\/","title":{"rendered":"EVOLVA 1-2-3 SL SICT CARACT\u00c9RISTIQUES AVADI\u00c9ES ET FLEXIBILIT\u00c9"},"content":{"rendered":"<p>La gamme EVOLVA est populaire aupr\u00e8s des parents depuis plus de 10 ans. Le dernier ajout, l&rsquo;EVOLVA 1-2-3 SL SICT, offre des performances de s\u00e9curit\u00e9 avanc\u00e9es et un aspect premium. Notre technologie am\u00e9lior\u00e9e de coussin \u00e0 impact lat\u00e9ral (SICT) minimise la force d&rsquo;un choc lors d&rsquo;une collision lat\u00e9rale, et l&rsquo;installation ISOFIX \u00e0 la station de selle raccorde directement le si\u00e8ge \u00e0 la voiture. Il convient aux enfants de 9 kg \u00e0 36 kg et peut \u00eatre install\u00e9 dans la plupart des voitures, avec un syst\u00e8me ISOFIX et une ceinture de s\u00e9curit\u00e9 \u00e0 trois points, ou la ceinture de s\u00e9curit\u00e9 \u00e0 trois points, seule.<\/p>","protected":false},"excerpt":{"rendered":"<p>La gamme EVOLVA est populaire aupr\u00e8s des parents depuis plus de 10 ans. Le dernier ajout, l&rsquo;EVOLVA 1-2-3 SL SICT, offre des performances de s\u00e9curit\u00e9 avanc\u00e9es et un aspect premium. Notre technologie am\u00e9lior\u00e9e de coussin \u00e0 impact lat\u00e9ral (SICT) minimise la force d&rsquo;un choc lors d&rsquo;une collision lat\u00e9rale, et l&rsquo;installation ISOFIX \u00e0 la station de [&hellip;]<\/p>\n","protected":false},"featured_media":8184,"comment_status":"open","ping_status":"closed","template":"","meta":[],"product_brand":[257],"product_cat":[96],"product_tag":[],"giftcard-category":[],"class_list":{"0":"post-8183","1":"product","2":"type-product","3":"status-publish","4":"has-post-thumbnail","6":"product_brand-britax","7":"product_cat-siege-auto","9":"first","10":"instock","11":"taxable","12":"shipping-taxable","13":"purchasable","14":"product-type-simple"},"jetpack_sharing_enabled":true,"_links":{"self":[{"href":"https:\/\/foryoubaby.ma\/ar\/wp-json\/wp\/v2\/product\/8183","targetHints":{"allow":["GET"]}}],"collection":[{"href":"https:\/\/foryoubaby.ma\/ar\/wp-json\/wp\/v2\/product"}],"about":[{"href":"https:\/\/foryoubaby.ma\/ar\/wp-json\/wp\/v2\/types\/product"}],"replies":[{"embeddable":true,"href":"https:\/\/foryoubaby.ma\/ar\/wp-json\/wp\/v2\/comments?post=8183"}],"wp:featuredmedia":[{"embeddable":true,"href":"https:\/\/foryoubaby.ma\/ar\/wp-json\/wp\/v2\/media\/8184"}],"wp:attachment":[{"href":"https:\/\/foryoubaby.ma\/ar\/wp-json\/wp\/v2\/media?parent=8183"}],"wp:term":[{"taxonomy":"product_brand","embeddable":true,"href":"https:\/\/foryoubaby.ma\/ar\/wp-json\/wp\/v2\/product_brand?post=8183"},{"taxonomy":"product_cat","embeddable":true,"href":"https:\/\/foryoubaby.ma\/ar\/wp-json\/wp\/v2\/product_cat?post=8183"},{"taxonomy":"product_tag","embeddable":true,"href":"https:\/\/foryoubaby.ma\/ar\/wp-json\/wp\/v2\/product_tag?post=8183"},{"taxonomy":"giftcard-category","embeddable":true,"href":"https:\/\/foryoubaby.ma\/ar\/wp-json\/wp\/v2\/giftcard-category?post=8183"}],"curies":[{"name":"wp","href":"https:\/\/api.w.org\/{rel}","templated":true}]}}