{"id":8179,"date":"2025-08-13T12:18:35","date_gmt":"2025-08-13T12:18:35","guid":{"rendered":"https:\/\/foryoubaby.ma\/?post_type=product&#038;p=8179"},"modified":"2025-08-13T12:18:35","modified_gmt":"2025-08-13T12:18:35","slug":"siege-auto-evolvafix-i-size","status":"publish","type":"product","link":"https:\/\/foryoubaby.ma\/ar\/product\/siege-auto-evolvafix-i-size\/","title":{"rendered":"Si\u00e8ge-auto Evolvafix i-Size"},"content":{"rendered":"<h2 id=\"product_description\" class=\"babylux-product-header\" style=\"text-align: center;\">Si\u00e8ge-auto Evolvafix i-Size &#8211; Britax-Romer<\/h2>\n<div class=\"product attribute description\">\n<div class=\"value\">\n<p>Avec l&rsquo;<strong>Evolvafix i-Size de Britax-R\u00f6mer<\/strong>, vous partez en voiture en toute s\u00e9r\u00e9nit\u00e9. Ce si\u00e8ge-auto s\u00fbr est le compagnon de voyage id\u00e9al pour les <strong>enfants \u00e2g\u00e9s de 15 mois \u00e0 12 ans environ<\/strong> et mesurant entre <strong>76 et 150 cm<\/strong>. Il r\u00e9pond \u00e0 la norme stricte<strong> i-Size<\/strong> pour une s\u00e9curit\u00e9 maximale lors de chaque trajet en voiture.<\/p>\n<h3>De 15 mois \u00e0 12 ans<\/h3>\n<p>Vous pourrez utiliser le<strong> Britax-R\u00f6mer Evolvafix <\/strong>pour votre enfant pendant pr\u00e8s de 11 ans, l&rsquo;achat d&rsquo;un nouveau si\u00e8ge auto appartient d\u00e9sormais au pass\u00e9. D\u00e8s que votre enfant atteint une taille de 76 cm, il peut s&rsquo;asseoir dans le si\u00e8ge-auto. Il est alors attach\u00e9 en toute s\u00e9curit\u00e9 \u00e0 l&rsquo;aide du <strong>harnais \u00e0 cinq points.<\/strong> Les sangles sont \u00e9quip\u00e9es de <strong>coussinets<\/strong> doux qui \u00e9vitent d&rsquo;irriter la peau sensible des jeunes enfants. Elles sont <strong>amovibles pour \u00eatre lav\u00e9es <\/strong>et r\u00e9duisent les mouvements en cas de collision.<\/p>\n<p>Le harnais de s\u00e9curit\u00e9 est <strong>utilisable jusque 105 cm<\/strong> ou l&rsquo;\u00e2ge de 4 ans. La fonction pratique <strong>Flip&amp;Grow<\/strong> vous permet de ranger le harnais \u00e0 cinq points int\u00e9gr\u00e9 en quelques \u00e9tapes simples pour utiliser la ceinture de s\u00e9curit\u00e9 de la voiture. Le harnais est rang\u00e9 dans le dossier du si\u00e8ge-auto afin que vous ne puissiez pas le perdre et qu&rsquo;il reste toujours \u00e0 port\u00e9e de main si vous souhaitez transporter un enfant plus jeune.<\/p>\n<h3>SecureGuard<\/h3>\n<p>Lorsque votre enfant sera assez grand pour utiliser la ceinture de s\u00e9curit\u00e9, il voudra s&rsquo;attacher tout seul. Gr\u00e2ce \u00e0 Flip&amp;Grow, le <strong>SecureGuard se met \u00e9galement en place <\/strong>et positionne la ceinture de s\u00e9curit\u00e9 correctement sur le corps du jeune passager. En ajoutant <strong>un quatri\u00e8me point d&rsquo;attache<\/strong> \u00e0 la ceinture de s\u00e9curit\u00e9, le SecureGuard prot\u00e8ge la zone vuln\u00e9rable du ventre de votre enfant. Il r\u00e9duit la pression de 35 % en cas de collision frontale ou d&rsquo;impact.<\/p>\n<h3>Evolvafix i-Size, un choix intelligent pour les parents et les enfants<\/h3>\n<p>Chez Britax-R\u00f6mer, la s\u00e9curit\u00e9 des enfants est une priorit\u00e9 absolue, mais les parents ne sont pas oubli\u00e9s. Ainsi, l&rsquo;<strong>Evolvafix i-Size <\/strong>peut \u00eatre install\u00e9 dans la voiture plus rapidement et plus facilement gr\u00e2ce aux <strong>connecteurs Isofix r\u00e9glables individuellement.<\/strong> Un bouton vert confirme \u00e9galement que l&rsquo;installation est correcte, ce qui permet aux parents de prendre la route en toute s\u00e9r\u00e9nit\u00e9. En plus des connecteurs Isofix, l&rsquo;Evolvafix i-Size est <strong>\u00e9galement \u00e9quip\u00e9 de sangles Top Tether<\/strong> qui emp\u00eachent le si\u00e8ge auto de pivoter, \u00e9vitant ainsi les blessures en cas de freinage brusque ou de collision.<\/p>\n<h3>La s\u00e9curit\u00e9 avant tout<\/h3>\n<p>Le si\u00e8ge-auto <strong>Evolvafix<\/strong> est toujours plac\u00e9 dans la voiture face \u00e0 l&rsquo;avant. Le dossier est dot\u00e9 de <strong>coussins lat\u00e9raux<\/strong> qui offrent \u00e0 votre enfant une protection compl\u00e8te des \u00e9paules aux hanches en cas de choc lat\u00e9ral. Le grand appui-t\u00eate rembourr\u00e9 offre un confort et un soutien optimaux \u00e0 la t\u00eate et au cou. L&rsquo;<strong>appui-t\u00eate<\/strong> est con\u00e7u <strong>en forme de V <\/strong>sp\u00e9cifique pour contr\u00f4ler le mouvement de la t\u00eate en cas de collision. L&rsquo;appui-t\u00eate et la ceinture de s\u00e9curit\u00e9 peuvent \u00eatre <strong>facilement r\u00e9gl\u00e9s en hauteur<\/strong> pour suivre la croissance de votre enfant. La fonction <strong>Easyrecline<\/strong>, qui permet aux parents d&rsquo;incliner le si\u00e8ge auto dans plusieurs positions, apporte un confort suppl\u00e9mentaire. Votre enfant arrivera sans aucun doute \u00e0 destination repos\u00e9 et heureux. La housse est facile \u00e0 retirer pour \u00eatre lav\u00e9e dans la machine.<\/p>\n<h3>Caract\u00e9ristiques du si\u00e8ge-auto Evolvafix i-Size de Britax-R\u00f6mer :<\/h3>\n<ul>\n<li>Pour les enfants d&rsquo;une taille de 76 \u00e0 150 cm (max. 36 kg)<\/li>\n<li>Longue dur\u00e9e d&rsquo;utilisation : de 15 mois \u00e0 12 ans environ<\/li>\n<li>Harnais r\u00e9glable \u00e0 cinq points<\/li>\n<li>Les coussinets de poitrine emp\u00eachent l&rsquo;irritation de la ceinture<\/li>\n<li>Installation avec la ceinture de la voiture pour les enfants plus \u00e2g\u00e9s \u00e0 partir de 100 cm<\/li>\n<li>Fixation Isofix avec connecteurs r\u00e9glables individuellement<\/li>\n<li>La sangle Top Tether offre plus de stabilit\u00e9<\/li>\n<li>Isofix + Top Tether de 76 cm \u00e0 105 cm<\/li>\n<li>Installation vers l&rsquo;avant dans la voiture<\/li>\n<li>Appui-t\u00eate en V pour un soutien et une protection optimaux<\/li>\n<li>Protection lat\u00e9rale des \u00e9paules aux hanches<\/li>\n<li>SecureGuard maintient la ceinture de s\u00e9curit\u00e9 dans une position correcte<\/li>\n<li>Dossier inclinable gr\u00e2ce \u00e0 la fonction EasyRecline<\/li>\n<li>Conforme \u00e0 la norme i-Size<\/li>\n<li>Le rev\u00eatement est amovible et lavable<\/li>\n<li>Con\u00e7u en Allemagne<\/li>\n<li>Dimensions : 48 x 44 x 60 cm<\/li>\n<li>Poids : 9,8 kg<\/li>\n<\/ul>\n<\/div>\n<\/div>","protected":false},"excerpt":{"rendered":"<p>Si\u00e8ge-auto Evolvafix i-Size &#8211; Britax-Romer Avec l&rsquo;Evolvafix i-Size de Britax-R\u00f6mer, vous partez en voiture en toute s\u00e9r\u00e9nit\u00e9. Ce si\u00e8ge-auto s\u00fbr est le compagnon de voyage id\u00e9al pour les enfants \u00e2g\u00e9s de 15 mois \u00e0 12 ans environ et mesurant entre 76 et 150 cm. Il r\u00e9pond \u00e0 la norme stricte i-Size pour une s\u00e9curit\u00e9 maximale [&hellip;]<\/p>\n","protected":false},"featured_media":8181,"comment_status":"open","ping_status":"closed","template":"","meta":[],"product_brand":[257],"product_cat":[96],"product_tag":[],"giftcard-category":[],"class_list":{"0":"post-8179","1":"product","2":"type-product","3":"status-publish","4":"has-post-thumbnail","6":"product_brand-britax","7":"product_cat-siege-auto","9":"first","10":"instock","11":"taxable","12":"shipping-taxable","13":"purchasable","14":"product-type-simple"},"jetpack_sharing_enabled":true,"_links":{"self":[{"href":"https:\/\/foryoubaby.ma\/ar\/wp-json\/wp\/v2\/product\/8179","targetHints":{"allow":["GET"]}}],"collection":[{"href":"https:\/\/foryoubaby.ma\/ar\/wp-json\/wp\/v2\/product"}],"about":[{"href":"https:\/\/foryoubaby.ma\/ar\/wp-json\/wp\/v2\/types\/product"}],"replies":[{"embeddable":true,"href":"https:\/\/foryoubaby.ma\/ar\/wp-json\/wp\/v2\/comments?post=8179"}],"wp:featuredmedia":[{"embeddable":true,"href":"https:\/\/foryoubaby.ma\/ar\/wp-json\/wp\/v2\/media\/8181"}],"wp:attachment":[{"href":"https:\/\/foryoubaby.ma\/ar\/wp-json\/wp\/v2\/media?parent=8179"}],"wp:term":[{"taxonomy":"product_brand","embeddable":true,"href":"https:\/\/foryoubaby.ma\/ar\/wp-json\/wp\/v2\/product_brand?post=8179"},{"taxonomy":"product_cat","embeddable":true,"href":"https:\/\/foryoubaby.ma\/ar\/wp-json\/wp\/v2\/product_cat?post=8179"},{"taxonomy":"product_tag","embeddable":true,"href":"https:\/\/foryoubaby.ma\/ar\/wp-json\/wp\/v2\/product_tag?post=8179"},{"taxonomy":"giftcard-category","embeddable":true,"href":"https:\/\/foryoubaby.ma\/ar\/wp-json\/wp\/v2\/giftcard-category?post=8179"}],"curies":[{"name":"wp","href":"https:\/\/api.w.org\/{rel}","templated":true}]}}