{"id":8173,"date":"2025-08-13T12:02:28","date_gmt":"2025-08-13T12:02:28","guid":{"rendered":"https:\/\/foryoubaby.ma\/?post_type=product&#038;p=8173"},"modified":"2025-08-13T12:04:09","modified_gmt":"2025-08-13T12:04:09","slug":"siege-auto-evolva-1-2-3-britax-romer","status":"publish","type":"product","link":"https:\/\/foryoubaby.ma\/ar\/product\/siege-auto-evolva-1-2-3-britax-romer\/","title":{"rendered":"Si\u00e8ge Auto EVOLVA 1-2-3 \u2013 BRITAX ROMER"},"content":{"rendered":"<p><strong>Si<\/strong><\/p>\n<p><strong>\u00e8ge Auto EVOLVA 1-2-3 \u2013 BRITAX ROMER<\/strong><\/p>\n<p>D\u00e9velopp\u00e9 pour grandir avec votre enfant, l\u2019EVOLVA 1-2-3 convient aux enfants de 9 \u00e0 36 kg. Son harnais \u00e0 5 points, ses coussinets de poitrine performants et la protection offerte par le dossier assurent un maximum de s\u00e9curit\u00e9 \u00e0 votre enfant d\u00e8s 9 mois jusqu\u2019\u00e0 12 ans. Adapt\u00e9 \u00e0 la plupart des voitures et approuv\u00e9 pour une utilisation en position inclin\u00e9e, il offre un grand confort pour des trajets sans souci.<\/p>\n<section class=\"highlights section\">\n<div class=\"container\">\n<div class=\"row\">\n<div class=\"col-md-10 offset-md-1\">\n<h2 class=\"section-heading\">Points forts<\/h2>\n<div class=\"row highlights-section flex-row-reverse\">\n<div class=\"col-md-8 side-image align-self-center col-md-pull-8\">\n<div class=\"highlights-section-image\">\n<div class=\"highlights-section-image-container\"><img decoding=\"async\" class=\"lazyloaded lazy-load-active\" src=\"https:\/\/www.britax-romer.fr\/dw\/image\/v2\/BBSR_PRD\/on\/demandware.static\/-\/Library-Sites-BritaxSharedLibrary\/default\/dw60f72e2b\/1350\/Highlights\/HIGHLIGHT_1350_1.jpg?sw=555\" sizes=\"(min-width: 1200px) 555px, 100vw\" srcset=\"https:\/\/www.britax-romer.fr\/dw\/image\/v2\/BBSR_PRD\/on\/demandware.static\/-\/Library-Sites-BritaxSharedLibrary\/default\/dw60f72e2b\/1350\/Highlights\/HIGHLIGHT_1350_1.jpg?sw=300 300w, https:\/\/www.britax-romer.fr\/dw\/image\/v2\/BBSR_PRD\/on\/demandware.static\/-\/Library-Sites-BritaxSharedLibrary\/default\/dw60f72e2b\/1350\/Highlights\/HIGHLIGHT_1350_1.jpg?sw=400 400w, https:\/\/www.britax-romer.fr\/dw\/image\/v2\/BBSR_PRD\/on\/demandware.static\/-\/Library-Sites-BritaxSharedLibrary\/default\/dw60f72e2b\/1350\/Highlights\/HIGHLIGHT_1350_1.jpg?sw=555 555w\" alt=\"Convient de 9 kg \u00e0 36 kg\" data-srcset=\"https:\/\/www.britax-romer.fr\/dw\/image\/v2\/BBSR_PRD\/on\/demandware.static\/-\/Library-Sites-BritaxSharedLibrary\/default\/dw60f72e2b\/1350\/Highlights\/HIGHLIGHT_1350_1.jpg?sw=300 300w, https:\/\/www.britax-romer.fr\/dw\/image\/v2\/BBSR_PRD\/on\/demandware.static\/-\/Library-Sites-BritaxSharedLibrary\/default\/dw60f72e2b\/1350\/Highlights\/HIGHLIGHT_1350_1.jpg?sw=400 400w, https:\/\/www.britax-romer.fr\/dw\/image\/v2\/BBSR_PRD\/on\/demandware.static\/-\/Library-Sites-BritaxSharedLibrary\/default\/dw60f72e2b\/1350\/Highlights\/HIGHLIGHT_1350_1.jpg?sw=555 555w\" data-src=\"https:\/\/www.britax-romer.fr\/dw\/image\/v2\/BBSR_PRD\/on\/demandware.static\/-\/Library-Sites-BritaxSharedLibrary\/default\/dw60f72e2b\/1350\/Highlights\/HIGHLIGHT_1350_1.jpg?sw=555\" \/><\/div>\n<\/div>\n<\/div>\n<div class=\"col-md-4 col-md-push-4 highlights-text align-self-center\">\n<h3>Convient de 9 kg \u00e0 36 kg<\/h3>\n<p>L\u2019EVOLVA 1-2-3 \u00e9volue avec votre enfant puisqu\u2019il peut \u00eatre utilis\u00e9 de 9 \u00e0 36 kg. Cela fait de ce si\u00e8ge-auto le seul dont vous aurez besoin apr\u00e8s le si\u00e8ge coque. Lorsque votre petit grandit, vous pouvez facilement passer du harnais int\u00e9gral (jusqu\u2019\u00e0 18 kg) \u00e0 la ceinture de s\u00e9curit\u00e9 de la voiture \u00e0 trois points (jusqu\u2019\u00e0 36 kg) pour s\u00e9curiser l\u2019enfant dans le si\u00e8ge.<\/p>\n<\/div>\n<\/div>\n<div class=\"row highlights-section\">\n<div class=\"col-md-8 side-image align-self-center col-md-pull-8\">\n<div class=\"highlights-section-image\">\n<div class=\"highlights-section-image-container\"><img decoding=\"async\" class=\"lazyloaded lazy-load-active\" src=\"https:\/\/www.britax-romer.fr\/dw\/image\/v2\/BBSR_PRD\/on\/demandware.static\/-\/Library-Sites-BritaxSharedLibrary\/default\/dw81c08a19\/1350\/Highlights\/HIGHLIGHT_1350_2.jpg?sw=555\" sizes=\"(min-width: 1200px) 555px, 100vw\" srcset=\"https:\/\/www.britax-romer.fr\/dw\/image\/v2\/BBSR_PRD\/on\/demandware.static\/-\/Library-Sites-BritaxSharedLibrary\/default\/dw81c08a19\/1350\/Highlights\/HIGHLIGHT_1350_2.jpg?sw=300 300w, https:\/\/www.britax-romer.fr\/dw\/image\/v2\/BBSR_PRD\/on\/demandware.static\/-\/Library-Sites-BritaxSharedLibrary\/default\/dw81c08a19\/1350\/Highlights\/HIGHLIGHT_1350_2.jpg?sw=400 400w, https:\/\/www.britax-romer.fr\/dw\/image\/v2\/BBSR_PRD\/on\/demandware.static\/-\/Library-Sites-BritaxSharedLibrary\/default\/dw81c08a19\/1350\/Highlights\/HIGHLIGHT_1350_2.jpg?sw=555 555w\" alt=\"Installation flexible dans la plupart des voitures\" data-srcset=\"https:\/\/www.britax-romer.fr\/dw\/image\/v2\/BBSR_PRD\/on\/demandware.static\/-\/Library-Sites-BritaxSharedLibrary\/default\/dw81c08a19\/1350\/Highlights\/HIGHLIGHT_1350_2.jpg?sw=300 300w, https:\/\/www.britax-romer.fr\/dw\/image\/v2\/BBSR_PRD\/on\/demandware.static\/-\/Library-Sites-BritaxSharedLibrary\/default\/dw81c08a19\/1350\/Highlights\/HIGHLIGHT_1350_2.jpg?sw=400 400w, https:\/\/www.britax-romer.fr\/dw\/image\/v2\/BBSR_PRD\/on\/demandware.static\/-\/Library-Sites-BritaxSharedLibrary\/default\/dw81c08a19\/1350\/Highlights\/HIGHLIGHT_1350_2.jpg?sw=555 555w\" data-src=\"https:\/\/www.britax-romer.fr\/dw\/image\/v2\/BBSR_PRD\/on\/demandware.static\/-\/Library-Sites-BritaxSharedLibrary\/default\/dw81c08a19\/1350\/Highlights\/HIGHLIGHT_1350_2.jpg?sw=555\" \/><\/div>\n<\/div>\n<\/div>\n<div class=\"col-md-4 col-md-push-4 highlights-text align-self-center\">\n<h3>Installation flexible dans la plupart des voitures<\/h3>\n<p>Au fil des ann\u00e9es, vous aurez sans doute l\u2019occasion de transf\u00e9rer le si\u00e8ge-auto de votre enfant dans une autre voiture. Ceci est tr\u00e8s facile \u00e0 r\u00e9aliser avec l\u2019EVOLVA 1-2-3, car il est tr\u00e8s l\u00e9ger et peut \u00eatre fix\u00e9 en toute s\u00e9curit\u00e9 dans la plupart des voitures. Son installation avec une ceinture de s\u00e9curit\u00e9 \u00e0 3 points vous offre toute la polyvalence dont vous avez besoin.<\/p>\n<\/div>\n<\/div>\n<div class=\"row highlights-section flex-row-reverse\">\n<div class=\"col-md-8 side-image align-self-center col-md-pull-8\">\n<div class=\"highlights-section-image\">\n<div class=\"highlights-section-image-container\"><img decoding=\"async\" class=\"lazyloaded lazy-load-active\" src=\"https:\/\/www.britax-romer.fr\/dw\/image\/v2\/BBSR_PRD\/on\/demandware.static\/-\/Library-Sites-BritaxSharedLibrary\/default\/dw6719e821\/1350\/Highlights\/HIGHLIGHT_1350_3.jpg?sw=555\" sizes=\"(min-width: 1200px) 555px, 100vw\" srcset=\"https:\/\/www.britax-romer.fr\/dw\/image\/v2\/BBSR_PRD\/on\/demandware.static\/-\/Library-Sites-BritaxSharedLibrary\/default\/dw6719e821\/1350\/Highlights\/HIGHLIGHT_1350_3.jpg?sw=300 300w, https:\/\/www.britax-romer.fr\/dw\/image\/v2\/BBSR_PRD\/on\/demandware.static\/-\/Library-Sites-BritaxSharedLibrary\/default\/dw6719e821\/1350\/Highlights\/HIGHLIGHT_1350_3.jpg?sw=400 400w, https:\/\/www.britax-romer.fr\/dw\/image\/v2\/BBSR_PRD\/on\/demandware.static\/-\/Library-Sites-BritaxSharedLibrary\/default\/dw6719e821\/1350\/Highlights\/HIGHLIGHT_1350_3.jpg?sw=555 555w\" alt=\"Confort pour les longs trajets\" data-srcset=\"https:\/\/www.britax-romer.fr\/dw\/image\/v2\/BBSR_PRD\/on\/demandware.static\/-\/Library-Sites-BritaxSharedLibrary\/default\/dw6719e821\/1350\/Highlights\/HIGHLIGHT_1350_3.jpg?sw=300 300w, https:\/\/www.britax-romer.fr\/dw\/image\/v2\/BBSR_PRD\/on\/demandware.static\/-\/Library-Sites-BritaxSharedLibrary\/default\/dw6719e821\/1350\/Highlights\/HIGHLIGHT_1350_3.jpg?sw=400 400w, https:\/\/www.britax-romer.fr\/dw\/image\/v2\/BBSR_PRD\/on\/demandware.static\/-\/Library-Sites-BritaxSharedLibrary\/default\/dw6719e821\/1350\/Highlights\/HIGHLIGHT_1350_3.jpg?sw=555 555w\" data-src=\"https:\/\/www.britax-romer.fr\/dw\/image\/v2\/BBSR_PRD\/on\/demandware.static\/-\/Library-Sites-BritaxSharedLibrary\/default\/dw6719e821\/1350\/Highlights\/HIGHLIGHT_1350_3.jpg?sw=555\" \/><\/div>\n<\/div>\n<\/div>\n<div class=\"col-md-4 col-md-push-4 highlights-text align-self-center\">\n<h3>Confort pour les longs trajets<\/h3>\n<p>Un enfant heureux et satisfait c\u2019est l\u2019assurance d\u2019un trajet serein. Et quand il s\u2019agit de r\u00e9aliser un long voyage, le confort de votre enfant est particuli\u00e8rement important. L\u2019EVOLVA 1-2-3 peut \u00eatre rapidement inclin\u00e9 avant d\u2019installer le si\u00e8ge pour que, quel que soit l\u2019\u00e2ge de votre enfant, vous puissiez choisir la position la plus confortable pour le voyage. De plus, des porte-gobelets pratiques sont situ\u00e9s de chaque c\u00f4t\u00e9 du si\u00e8ge et vous permettent d\u2019y laisser une boisson ou des friandises qui seront \u00e0 la port\u00e9e de votre enfant. Avec un enfant heureux et en s\u00e9curit\u00e9, vous pourrez profiter d\u2019un voyage sans souci.<\/p>\n<\/div>\n<\/div>\n<\/div>\n<\/div>\n<\/div>\n<\/section>\n<div class=\"infinite-scroll-placeholder\" data-trigger=\"infinite-scroll-pdp\" data-lazy=\"awards\"><\/div>\n<section class=\"awards-section section\">\n<div class=\"container\">\n<div class=\"row\">\n<div class=\"col-md-12\">\n<h2 class=\"section-heading __small __border-top\">R\u00e9compenses <strong>Si\u00e8ge Auto EVOLVA 1-2-3 \u2013 BRITAX ROMER<\/strong><\/h2>\n<\/div>\n<\/div>\n<\/div>\n<\/section>","protected":false},"excerpt":{"rendered":"<p>Si \u00e8ge Auto EVOLVA 1-2-3 \u2013 BRITAX ROMER D\u00e9velopp\u00e9 pour grandir avec votre enfant, l\u2019EVOLVA 1-2-3 convient aux enfants de 9 \u00e0 36 kg. Son harnais \u00e0 5 points, ses coussinets de poitrine performants et la protection offerte par le dossier assurent un maximum de s\u00e9curit\u00e9 \u00e0 votre enfant d\u00e8s 9 mois jusqu\u2019\u00e0 12 ans. [&hellip;]<\/p>\n","protected":false},"featured_media":8178,"comment_status":"open","ping_status":"closed","template":"","meta":[],"product_brand":[257],"product_cat":[96],"product_tag":[],"giftcard-category":[],"class_list":{"0":"post-8173","1":"product","2":"type-product","3":"status-publish","4":"has-post-thumbnail","6":"product_brand-britax","7":"product_cat-siege-auto","9":"first","10":"instock","11":"taxable","12":"shipping-taxable","13":"purchasable","14":"product-type-simple"},"jetpack_sharing_enabled":true,"_links":{"self":[{"href":"https:\/\/foryoubaby.ma\/ar\/wp-json\/wp\/v2\/product\/8173","targetHints":{"allow":["GET"]}}],"collection":[{"href":"https:\/\/foryoubaby.ma\/ar\/wp-json\/wp\/v2\/product"}],"about":[{"href":"https:\/\/foryoubaby.ma\/ar\/wp-json\/wp\/v2\/types\/product"}],"replies":[{"embeddable":true,"href":"https:\/\/foryoubaby.ma\/ar\/wp-json\/wp\/v2\/comments?post=8173"}],"wp:featuredmedia":[{"embeddable":true,"href":"https:\/\/foryoubaby.ma\/ar\/wp-json\/wp\/v2\/media\/8178"}],"wp:attachment":[{"href":"https:\/\/foryoubaby.ma\/ar\/wp-json\/wp\/v2\/media?parent=8173"}],"wp:term":[{"taxonomy":"product_brand","embeddable":true,"href":"https:\/\/foryoubaby.ma\/ar\/wp-json\/wp\/v2\/product_brand?post=8173"},{"taxonomy":"product_cat","embeddable":true,"href":"https:\/\/foryoubaby.ma\/ar\/wp-json\/wp\/v2\/product_cat?post=8173"},{"taxonomy":"product_tag","embeddable":true,"href":"https:\/\/foryoubaby.ma\/ar\/wp-json\/wp\/v2\/product_tag?post=8173"},{"taxonomy":"giftcard-category","embeddable":true,"href":"https:\/\/foryoubaby.ma\/ar\/wp-json\/wp\/v2\/giftcard-category?post=8173"}],"curies":[{"name":"wp","href":"https:\/\/api.w.org\/{rel}","templated":true}]}}