{"id":8170,"date":"2025-08-13T11:41:58","date_gmt":"2025-08-13T11:41:58","guid":{"rendered":"https:\/\/foryoubaby.ma\/?post_type=product&#038;p=8170"},"modified":"2025-08-13T11:41:58","modified_gmt":"2025-08-13T11:41:58","slug":"poussette-reversible-gold-premium-popypapa","status":"publish","type":"product","link":"https:\/\/foryoubaby.ma\/ar\/product\/poussette-reversible-gold-premium-popypapa\/","title":{"rendered":"Poussette R\u00e9versible Gold Premium \u2013 Popypapa"},"content":{"rendered":"<div class=\"product-short-description\">\n<p data-pm-slice=\"1 3 []\">Explorez le mod\u00e8le de poussette Gold Premium r\u00e9versible de chez Popypapa, en vente chez Allobebe stores au Maroc.<\/p>\n<p>Offrant <strong>confort<\/strong>, <strong>durabilit\u00e9<\/strong> et facilit\u00e9 d\u2019usage, cette poussette constitue le choix parfait pour les parents et leurs petits de la naissance \u00e0 l\u2019\u00e2ge de 4 ans.<\/p>\n<p><strong>Avantages cl\u00e9s :<\/strong><\/p>\n<ul>\n<li><strong>R\u00e9versible<\/strong> : Permet aux enfants de soit observer les alentours, soit d\u2019interagir avec vous.<\/li>\n<li><strong>Compacte et l\u00e9g\u00e8re<\/strong> : Se replie de mani\u00e8re simple pour un stockage sans souci.<\/li>\n<li><strong>Durable<\/strong> : Con\u00e7ue avec un cadre en aluminium pour r\u00e9sister \u00e0 l\u2019usage quotidien.<\/li>\n<li><strong>Confort maximis\u00e9<\/strong> : Si\u00e8ge spacieux avec rembourrage, dossier qui s\u2019incline enti\u00e8rement \u00e0 l\u2019horizontale.<\/li>\n<li><strong>Utile<\/strong> : \u00c9quip\u00e9e d\u2019un harnais \u00e0 5 points, d\u2019un canopy r\u00e9tractable contre les UV, d\u2019un panier volumineux.<\/li>\n<li><strong>Adapt\u00e9e \u00e0 tous les terrains<\/strong> : Dot\u00e9e de roues r\u00e9sistantes et de suspensions pour un trajet tout en douceur.<\/li>\n<li><strong>Tissus a\u00e9r\u00e9s et facile \u00e0 laver en machine.<\/strong><\/li>\n<\/ul>\n<\/div>","protected":false},"excerpt":{"rendered":"<p>Explorez le mod\u00e8le de poussette Gold Premium r\u00e9versible de chez Popypapa, en vente chez Allobebe stores au Maroc. Offrant confort, durabilit\u00e9 et facilit\u00e9 d\u2019usage, cette poussette constitue le choix parfait pour les parents et leurs petits de la naissance \u00e0 l\u2019\u00e2ge de 4 ans. Avantages cl\u00e9s : R\u00e9versible : Permet aux enfants de soit observer [&hellip;]<\/p>\n","protected":false},"featured_media":8172,"comment_status":"open","ping_status":"closed","template":"","meta":[],"product_brand":[256],"product_cat":[59],"product_tag":[],"giftcard-category":[],"class_list":{"0":"post-8170","1":"product","2":"type-product","3":"status-publish","4":"has-post-thumbnail","6":"product_brand-popypapa","7":"product_cat-poussettes","9":"first","10":"instock","11":"taxable","12":"shipping-taxable","13":"purchasable","14":"product-type-simple"},"jetpack_sharing_enabled":true,"_links":{"self":[{"href":"https:\/\/foryoubaby.ma\/ar\/wp-json\/wp\/v2\/product\/8170","targetHints":{"allow":["GET"]}}],"collection":[{"href":"https:\/\/foryoubaby.ma\/ar\/wp-json\/wp\/v2\/product"}],"about":[{"href":"https:\/\/foryoubaby.ma\/ar\/wp-json\/wp\/v2\/types\/product"}],"replies":[{"embeddable":true,"href":"https:\/\/foryoubaby.ma\/ar\/wp-json\/wp\/v2\/comments?post=8170"}],"wp:featuredmedia":[{"embeddable":true,"href":"https:\/\/foryoubaby.ma\/ar\/wp-json\/wp\/v2\/media\/8172"}],"wp:attachment":[{"href":"https:\/\/foryoubaby.ma\/ar\/wp-json\/wp\/v2\/media?parent=8170"}],"wp:term":[{"taxonomy":"product_brand","embeddable":true,"href":"https:\/\/foryoubaby.ma\/ar\/wp-json\/wp\/v2\/product_brand?post=8170"},{"taxonomy":"product_cat","embeddable":true,"href":"https:\/\/foryoubaby.ma\/ar\/wp-json\/wp\/v2\/product_cat?post=8170"},{"taxonomy":"product_tag","embeddable":true,"href":"https:\/\/foryoubaby.ma\/ar\/wp-json\/wp\/v2\/product_tag?post=8170"},{"taxonomy":"giftcard-category","embeddable":true,"href":"https:\/\/foryoubaby.ma\/ar\/wp-json\/wp\/v2\/giftcard-category?post=8170"}],"curies":[{"name":"wp","href":"https:\/\/api.w.org\/{rel}","templated":true}]}}