{"id":8158,"date":"2025-08-12T19:13:45","date_gmt":"2025-08-12T19:13:45","guid":{"rendered":"https:\/\/foryoubaby.ma\/?post_type=product&#038;p=8158"},"modified":"2025-12-08T15:39:54","modified_gmt":"2025-12-08T15:39:54","slug":"doona-i-siege-auto-et-poussette-nitro-noir","status":"publish","type":"product","link":"https:\/\/foryoubaby.ma\/ar\/product\/doona-i-siege-auto-et-poussette-nitro-noir\/","title":{"rendered":"Doona i Si\u00e8ge auto et poussette Nitro Noir"},"content":{"rendered":"<ul>\n<li class=\"text-align-justify\">Une simple op\u00e9ration de mouvement \u2013 si\u00e8ge auto pour poussette<\/li>\n<li>Poids du nourrisson appropri\u00e9: 1,8-13 kg<\/li>\n<li>Hauteur du nourrisson appropri\u00e9e: 40-85 cm<\/li>\n<li>R\u00e9gulation i-Size conforme \u00e0 la r\u00e9glementation<\/li>\n<li><\/li>\n<li>En rapide d&rsquo;arri\u00e8re seulement<\/li>\n<li>Harnais int\u00e9gr\u00e9 \u00e0 5 points<\/li>\n<li>R\u00e9silier-t\u00eate r\u00e9glable<\/li>\n<li>Roues \u00e0 d\u00e9verrouillage rapide<\/li>\n<li>Le guidon r\u00e9glable &#8211; agit \u00e9galement comme une barre antirebond<\/li>\n<li>Normes de s\u00e9curit\u00e9 et de qualit\u00e9 les plus \u00e9lev\u00e9es<\/li>\n<li>Mat\u00e9riaux pour b\u00e9b\u00e9s\/texicoles respirants et mousses int\u00e9rieures<\/li>\n<li>Textiles amovibles et lavables<\/li>\n<li>ECE R-129, FMVSS213, ASTM F833, ASTM F2050, ECE R44 EN1888, EN12790, TUV (UE), FAA (\u00c9tats-Unis) et a\u00e9ronefs agr\u00e9\u00e9s pour les voyages<\/li>\n<li>Garantie du constructeur de 2 ans<\/li>\n<\/ul>","protected":false},"excerpt":{"rendered":"<p>Une simple op\u00e9ration de mouvement \u2013 si\u00e8ge auto pour poussette Poids du nourrisson appropri\u00e9: 1,8-13 kg Hauteur du nourrisson appropri\u00e9e: 40-85 cm R\u00e9gulation i-Size conforme \u00e0 la r\u00e9glementation En rapide d&rsquo;arri\u00e8re seulement Harnais int\u00e9gr\u00e9 \u00e0 5 points R\u00e9silier-t\u00eate r\u00e9glable Roues \u00e0 d\u00e9verrouillage rapide Le guidon r\u00e9glable &#8211; agit \u00e9galement comme une barre antirebond Normes de [&hellip;]<\/p>\n","protected":false},"featured_media":8163,"comment_status":"open","ping_status":"closed","template":"","meta":[],"product_brand":[255],"product_cat":[59],"product_tag":[],"giftcard-category":[],"class_list":{"0":"post-8158","1":"product","2":"type-product","3":"status-publish","4":"has-post-thumbnail","6":"product_brand-doona","7":"product_cat-poussettes","9":"first","10":"outofstock","11":"taxable","12":"shipping-taxable","13":"purchasable","14":"product-type-simple"},"jetpack_sharing_enabled":true,"_links":{"self":[{"href":"https:\/\/foryoubaby.ma\/ar\/wp-json\/wp\/v2\/product\/8158","targetHints":{"allow":["GET"]}}],"collection":[{"href":"https:\/\/foryoubaby.ma\/ar\/wp-json\/wp\/v2\/product"}],"about":[{"href":"https:\/\/foryoubaby.ma\/ar\/wp-json\/wp\/v2\/types\/product"}],"replies":[{"embeddable":true,"href":"https:\/\/foryoubaby.ma\/ar\/wp-json\/wp\/v2\/comments?post=8158"}],"wp:featuredmedia":[{"embeddable":true,"href":"https:\/\/foryoubaby.ma\/ar\/wp-json\/wp\/v2\/media\/8163"}],"wp:attachment":[{"href":"https:\/\/foryoubaby.ma\/ar\/wp-json\/wp\/v2\/media?parent=8158"}],"wp:term":[{"taxonomy":"product_brand","embeddable":true,"href":"https:\/\/foryoubaby.ma\/ar\/wp-json\/wp\/v2\/product_brand?post=8158"},{"taxonomy":"product_cat","embeddable":true,"href":"https:\/\/foryoubaby.ma\/ar\/wp-json\/wp\/v2\/product_cat?post=8158"},{"taxonomy":"product_tag","embeddable":true,"href":"https:\/\/foryoubaby.ma\/ar\/wp-json\/wp\/v2\/product_tag?post=8158"},{"taxonomy":"giftcard-category","embeddable":true,"href":"https:\/\/foryoubaby.ma\/ar\/wp-json\/wp\/v2\/giftcard-category?post=8158"}],"curies":[{"name":"wp","href":"https:\/\/api.w.org\/{rel}","templated":true}]}}