{"id":8142,"date":"2025-08-12T18:08:11","date_gmt":"2025-08-12T18:08:11","guid":{"rendered":"https:\/\/foryoubaby.ma\/?post_type=product&#038;p=8142"},"modified":"2025-08-12T18:08:11","modified_gmt":"2025-08-12T18:08:11","slug":"mima-poussette-zigi-charcoal-protection-pluie-incluse","status":"publish","type":"product","link":"https:\/\/foryoubaby.ma\/ar\/product\/mima-poussette-zigi-charcoal-protection-pluie-incluse\/","title":{"rendered":"Mima Poussette Zigi Charcoal + Protection pluie incluse"},"content":{"rendered":"<div id=\"tab-description\" class=\"woocommerce-Tabs-panel woocommerce-Tabs-panel--description panel entry-content wc-tab  current col-md-10 col-md-offset-1\" role=\"tabpanel\" data-title=\"Description\" aria-labelledby=\"tab-title-description\">\n<h4><a href=\"https:\/\/www.bebemaman.ma\/marque\/mima\/\">Mima<\/a> Poussette Zigi Charcoal + Protection pluie incluse<\/h4>\n<div class=\"std\">\n<p><strong><a href=\"https:\/\/www.bebemaman.ma\/marque\/mima\/\">Mima<\/a><\/strong> Poussette Zigi Charcoal + Protection pluie incluse Destin\u00e9e aux parents exigeants qui privil\u00e9gient le <strong>confort<\/strong>\u00a0et la\u00a0<strong>s\u00e9curit\u00e9<\/strong>\u00a0de leur enfant, la poussette Zigi de Mima est id\u00e9ale pour les d\u00e9placements en ville. Ce mod\u00e8le est adapt\u00e9 pour les b\u00e9b\u00e9s et les jeunes trotteurs jusqu\u2019\u00e0 environ 17 kilos.<\/p>\n<p>Afin d\u2019adapter la position de votre petit dans son si\u00e8ge,\u00a0trois inclinaisons\u00a0diff\u00e9rentes sont disponibles, dont une position plus allong\u00e9e \u00e0 145\u00b0 pour un repos apaisant. Un harnais de s\u00e9curit\u00e9 rembourr\u00e9 et ajustable, permet \u00e0 votre enfant plein d\u2019\u00e9nergie de se balader en toute tranquillit\u00e9. Gr\u00e2ce \u00e0 son panier de rangement moderne et bien recouvert, un espace convivial est disponible pour d\u00e9poser vos affaires et celles de votre bambin.<\/p>\n<p><strong>Les avantages de la poussette Zigi de Mima<\/strong><\/p>\n<p>Compact et tr\u00e8s\u00a0facile \u00e0 plier, le pousse-pousse Zigi Mima se transporte facilement dans le train, le bus, la voiture ou l\u2019avion, pour faciliter la t\u00e2che des parents et agr\u00e9menter les trajets des enfants. Les suspensions de la poussette ont \u00e9t\u00e9 con\u00e7ues en mat\u00e9riau particulier pour rendre sa conduite simple et agr\u00e9able. Pour prot\u00e9ger votre enfant des variations climatiques, un m\u00e9canisme dot\u00e9 de\u00a03 pare-soleil\u00a0et d\u2019une fen\u00eatre de ventilation assure une protection optimale. En fonction de la taille du conducteur de la poussette, le guidon est r\u00e9glable sur diff\u00e9rentes hauteurs, pour pr\u00e9server votre dos et adopter une position ad\u00e9quate.<\/p>\n<p>De nombreux\u00a0accessoires, vendus s\u00e9par\u00e9ments, \u00a0sont compatibles avec la\u00a0<strong>poussette Zigi de Mima<\/strong>\u00a0: une chanceli\u00e8re, un habillage-pluie, la moustiquaire, un kit hiver avec finitions en fourrure, \u2026<\/p>\n<p><strong>Les caract\u00e9ristiques du buggy Zigi<\/strong>\u00a0<strong>Mima<\/strong><\/p>\n<p>Dot\u00e9 d\u2019un\u00a0design moderne, voici un r\u00e9capitulatif des attributs qui caract\u00e9risent la\u00a0poussette Zigi\u00a0:<\/p>\n<ul>\n<li>Zigi est un mod\u00e8le de poussette compact, id\u00e9al pour les parents qui voyagent souvent<\/li>\n<li>Utilisable \u00e0 partir de 6 mois jusqu\u2019\u00e0 max 17 kg<\/li>\n<li>Des adaptateurs sont vendus s\u00e9par\u00e9ment pour installer une coque b\u00e9b\u00e9 sur la structure de la poussette, permettant une utilisation d\u00e8s la naissance de b\u00e9b\u00e9<\/li>\n<li>Elle permet une inclinaison modulable sur 3 positions, dont une position \u00e0 145\u00b0 pour favoriser les siestes<\/li>\n<li>Le pliage se fait d\u2019une seule main, votre autre main reste libre pour b\u00e9b\u00e9<\/li>\n<li>Ses suspensions arri\u00e8re facilitent la conduite<\/li>\n<li>Le large panier permet de d\u00e9poser vos effets personnels<\/li>\n<li>Le pare-soleil en 3 parties prot\u00e8ge b\u00e9b\u00e9 contre les rayons UV<\/li>\n<li>Zigi est munie d\u2019une poign\u00e9e avec bouton pour ajuster le guidon sur diff\u00e9rents niveaux de hauteur, s\u2019adaptant aux parents de toute tailles<\/li>\n<li>Comprend un frein qui s\u2019enclenche et de d\u00e9clenche avec le pied<\/li>\n<li>Dot\u00e9 de 4 roues au design transparent, solides et l\u00e9g\u00e8res<\/li>\n<li>Dimensions ouverte: 67 x 45 x 102 cm<\/li>\n<li>Dimensions pli\u00e9e: 56 x 45 x 25 cm<\/li>\n<li>Poids: 8,6 kg<\/li>\n<\/ul>\n<\/div>\n<\/div>","protected":false},"excerpt":{"rendered":"<p>Mima Poussette Zigi Charcoal + Protection pluie incluse Mima Poussette Zigi Charcoal + Protection pluie incluse Destin\u00e9e aux parents exigeants qui privil\u00e9gient le confort\u00a0et la\u00a0s\u00e9curit\u00e9\u00a0de leur enfant, la poussette Zigi de Mima est id\u00e9ale pour les d\u00e9placements en ville. Ce mod\u00e8le est adapt\u00e9 pour les b\u00e9b\u00e9s et les jeunes trotteurs jusqu\u2019\u00e0 environ 17 kilos. Afin [&hellip;]<\/p>\n","protected":false},"featured_media":8145,"comment_status":"open","ping_status":"closed","template":"","meta":[],"product_brand":[100],"product_cat":[59],"product_tag":[],"giftcard-category":[],"class_list":{"0":"post-8142","1":"product","2":"type-product","3":"status-publish","4":"has-post-thumbnail","6":"product_brand-mima","7":"product_cat-poussettes","9":"first","10":"instock","11":"taxable","12":"shipping-taxable","13":"purchasable","14":"product-type-variable"},"jetpack_sharing_enabled":true,"_links":{"self":[{"href":"https:\/\/foryoubaby.ma\/ar\/wp-json\/wp\/v2\/product\/8142","targetHints":{"allow":["GET"]}}],"collection":[{"href":"https:\/\/foryoubaby.ma\/ar\/wp-json\/wp\/v2\/product"}],"about":[{"href":"https:\/\/foryoubaby.ma\/ar\/wp-json\/wp\/v2\/types\/product"}],"replies":[{"embeddable":true,"href":"https:\/\/foryoubaby.ma\/ar\/wp-json\/wp\/v2\/comments?post=8142"}],"wp:featuredmedia":[{"embeddable":true,"href":"https:\/\/foryoubaby.ma\/ar\/wp-json\/wp\/v2\/media\/8145"}],"wp:attachment":[{"href":"https:\/\/foryoubaby.ma\/ar\/wp-json\/wp\/v2\/media?parent=8142"}],"wp:term":[{"taxonomy":"product_brand","embeddable":true,"href":"https:\/\/foryoubaby.ma\/ar\/wp-json\/wp\/v2\/product_brand?post=8142"},{"taxonomy":"product_cat","embeddable":true,"href":"https:\/\/foryoubaby.ma\/ar\/wp-json\/wp\/v2\/product_cat?post=8142"},{"taxonomy":"product_tag","embeddable":true,"href":"https:\/\/foryoubaby.ma\/ar\/wp-json\/wp\/v2\/product_tag?post=8142"},{"taxonomy":"giftcard-category","embeddable":true,"href":"https:\/\/foryoubaby.ma\/ar\/wp-json\/wp\/v2\/giftcard-category?post=8142"}],"curies":[{"name":"wp","href":"https:\/\/api.w.org\/{rel}","templated":true}]}}