{"id":8130,"date":"2025-08-12T16:46:14","date_gmt":"2025-08-12T16:46:14","guid":{"rendered":"https:\/\/foryoubaby.ma\/?post_type=product&#038;p=8130"},"modified":"2025-08-12T16:46:14","modified_gmt":"2025-08-12T16:46:14","slug":"duo-poussette-naissance-citadine-et-siege-auto-sunlite-duo","status":"publish","type":"product","link":"https:\/\/foryoubaby.ma\/ar\/product\/duo-poussette-naissance-citadine-et-siege-auto-sunlite-duo\/","title":{"rendered":"Duo Poussette naissance citadine et si\u00e8ge auto Sunlite Duo"},"content":{"rendered":"<h1 class=\"pdp-description-title margin-b--1\">Duo Poussette naissance citadine et si\u00e8ge auto Sunlite Duo graphite min\u00e9ral BEBECONFORT<\/h1>\n<div id=\"mainProductDescription\">\n<p>D\u00e9couvrez Sunlite Duo, la toute derni\u00e8re poussette citadine Bebeconfort. Utilisable d\u00e8s la naissance et jusqu\u2019\u00e0 22 kg, la poussette Sunlite garantit un confort exceptionnel gr\u00e2ce \u00e0 sa position compl\u00e8tement allong\u00e9e et \u00e0 ses tissus rembourr\u00e9s.<\/p>\n<p>Pens\u00e9e pour faciliter le quotidien des parents, la poussette Sunlite se plie automatiquement et est remarquablement compacte. Son grand panier vous permettra d\u2019emporter tout ce dont vous avez besoin. Sa finition \u00e9l\u00e9gante en fait une partenaire de choix pour les sorties en ville. Le si\u00e8ge auto i-Size Bebeconfort s\u2019installe facilement sur la poussette et sur le si\u00e8ge de votre v\u00e9hicule.<\/p>\n<p>Caract\u00e9ristiques produit :<\/p>\n<ul>\n<li>Pliage automatique d&rsquo;une simple pression sur 2 boutons<\/li>\n<li>Si\u00e8ge auto i-Size<\/li>\n<li>Reste debout une fois pli\u00e9e<\/li>\n<li>L\u00e9g\u00e8re : 7 kg seulement<\/li>\n<li>Le panier peut \u00eatre charg\u00e9 jusqu&rsquo;\u00e0 5 kg<\/li>\n<li>Dossier inclinable \u00e0 l&rsquo;aide d&rsquo;une poign\u00e9e<\/li>\n<li>Si\u00e8ge avec position allong\u00e9e pour accueillir votre b\u00e9b\u00e9 d\u00e8s le premier jour<\/li>\n<li>Barre de s\u00e9curit\u00e9 incluse<\/li>\n<li>Harnais r\u00e9glable en hauteur sur 3 positions<\/li>\n<li>Repose-pied r\u00e9glable<\/li>\n<li>Grand panier facilement accessible<\/li>\n<li>Roues avant verrouillables<\/li>\n<li>4 suspensions int\u00e9gr\u00e9es \u00e0 chaque roue<\/li>\n<li>Dimensions pli\u00e9e : 63,5 cm x 46,5 cm x 31 cm<\/li>\n<\/ul>\n<\/div>","protected":false},"excerpt":{"rendered":"<p>Duo Poussette naissance citadine et si\u00e8ge auto Sunlite Duo graphite min\u00e9ral BEBECONFORT D\u00e9couvrez Sunlite Duo, la toute derni\u00e8re poussette citadine Bebeconfort. Utilisable d\u00e8s la naissance et jusqu\u2019\u00e0 22 kg, la poussette Sunlite garantit un confort exceptionnel gr\u00e2ce \u00e0 sa position compl\u00e8tement allong\u00e9e et \u00e0 ses tissus rembourr\u00e9s. Pens\u00e9e pour faciliter le quotidien des parents, la [&hellip;]<\/p>\n","protected":false},"featured_media":8131,"comment_status":"open","ping_status":"closed","template":"","meta":[],"product_brand":[253],"product_cat":[59],"product_tag":[],"giftcard-category":[],"class_list":{"0":"post-8130","1":"product","2":"type-product","3":"status-publish","4":"has-post-thumbnail","6":"product_brand-babyconfort","7":"product_cat-poussettes","9":"first","10":"instock","11":"taxable","12":"shipping-taxable","13":"purchasable","14":"product-type-simple"},"jetpack_sharing_enabled":true,"_links":{"self":[{"href":"https:\/\/foryoubaby.ma\/ar\/wp-json\/wp\/v2\/product\/8130","targetHints":{"allow":["GET"]}}],"collection":[{"href":"https:\/\/foryoubaby.ma\/ar\/wp-json\/wp\/v2\/product"}],"about":[{"href":"https:\/\/foryoubaby.ma\/ar\/wp-json\/wp\/v2\/types\/product"}],"replies":[{"embeddable":true,"href":"https:\/\/foryoubaby.ma\/ar\/wp-json\/wp\/v2\/comments?post=8130"}],"wp:featuredmedia":[{"embeddable":true,"href":"https:\/\/foryoubaby.ma\/ar\/wp-json\/wp\/v2\/media\/8131"}],"wp:attachment":[{"href":"https:\/\/foryoubaby.ma\/ar\/wp-json\/wp\/v2\/media?parent=8130"}],"wp:term":[{"taxonomy":"product_brand","embeddable":true,"href":"https:\/\/foryoubaby.ma\/ar\/wp-json\/wp\/v2\/product_brand?post=8130"},{"taxonomy":"product_cat","embeddable":true,"href":"https:\/\/foryoubaby.ma\/ar\/wp-json\/wp\/v2\/product_cat?post=8130"},{"taxonomy":"product_tag","embeddable":true,"href":"https:\/\/foryoubaby.ma\/ar\/wp-json\/wp\/v2\/product_tag?post=8130"},{"taxonomy":"giftcard-category","embeddable":true,"href":"https:\/\/foryoubaby.ma\/ar\/wp-json\/wp\/v2\/giftcard-category?post=8130"}],"curies":[{"name":"wp","href":"https:\/\/api.w.org\/{rel}","templated":true}]}}