{"id":8123,"date":"2025-08-12T16:06:45","date_gmt":"2025-08-12T16:06:45","guid":{"rendered":"https:\/\/foryoubaby.ma\/?post_type=product&#038;p=8123"},"modified":"2025-08-12T16:21:12","modified_gmt":"2025-08-12T16:21:12","slug":"poussette-a2-auto-pliante-confort-et-elegance-air-travel-kidilo","status":"publish","type":"product","link":"https:\/\/foryoubaby.ma\/ar\/product\/poussette-a2-auto-pliante-confort-et-elegance-air-travel-kidilo\/","title":{"rendered":"Poussette A2 AUTO-PLIANTE Confort et \u00c9l\u00e9gance Air Travel \u2013 Kidilo"},"content":{"rendered":"<h3>La poussette Kidilo AUTO-PLIANTE\u00a0 A2 allie confort, design et s\u00e9curit\u00e9. Con\u00e7ue pour les enfants de la naissance \u00e0 4 ans, elle offre un pliage ultra-compact, un canopy XXL anti-UV, un dossier inclinable et un harnais 5 points. Parfaite pour les d\u00e9placements quotidiens ou en voyage par avion.<\/h3>","protected":false},"excerpt":{"rendered":"<p>La poussette Kidilo AUTO-PLIANTE\u00a0 A2 allie confort, design et s\u00e9curit\u00e9. Con\u00e7ue pour les enfants de la naissance \u00e0 4 ans, elle offre un pliage ultra-compact, un canopy XXL anti-UV, un dossier inclinable et un harnais 5 points. Parfaite pour les d\u00e9placements quotidiens ou en voyage par avion.<\/p>","protected":false},"featured_media":8124,"comment_status":"open","ping_status":"closed","template":"","meta":[],"product_brand":[113],"product_cat":[59],"product_tag":[],"giftcard-category":[],"class_list":{"0":"post-8123","1":"product","2":"type-product","3":"status-publish","4":"has-post-thumbnail","6":"product_brand-kidilo","7":"product_cat-poussettes","9":"first","10":"instock","11":"taxable","12":"shipping-taxable","13":"purchasable","14":"product-type-variable"},"jetpack_sharing_enabled":true,"_links":{"self":[{"href":"https:\/\/foryoubaby.ma\/ar\/wp-json\/wp\/v2\/product\/8123","targetHints":{"allow":["GET"]}}],"collection":[{"href":"https:\/\/foryoubaby.ma\/ar\/wp-json\/wp\/v2\/product"}],"about":[{"href":"https:\/\/foryoubaby.ma\/ar\/wp-json\/wp\/v2\/types\/product"}],"replies":[{"embeddable":true,"href":"https:\/\/foryoubaby.ma\/ar\/wp-json\/wp\/v2\/comments?post=8123"}],"wp:featuredmedia":[{"embeddable":true,"href":"https:\/\/foryoubaby.ma\/ar\/wp-json\/wp\/v2\/media\/8124"}],"wp:attachment":[{"href":"https:\/\/foryoubaby.ma\/ar\/wp-json\/wp\/v2\/media?parent=8123"}],"wp:term":[{"taxonomy":"product_brand","embeddable":true,"href":"https:\/\/foryoubaby.ma\/ar\/wp-json\/wp\/v2\/product_brand?post=8123"},{"taxonomy":"product_cat","embeddable":true,"href":"https:\/\/foryoubaby.ma\/ar\/wp-json\/wp\/v2\/product_cat?post=8123"},{"taxonomy":"product_tag","embeddable":true,"href":"https:\/\/foryoubaby.ma\/ar\/wp-json\/wp\/v2\/product_tag?post=8123"},{"taxonomy":"giftcard-category","embeddable":true,"href":"https:\/\/foryoubaby.ma\/ar\/wp-json\/wp\/v2\/giftcard-category?post=8123"}],"curies":[{"name":"wp","href":"https:\/\/api.w.org\/{rel}","templated":true}]}}