{"id":8116,"date":"2025-08-12T15:31:27","date_gmt":"2025-08-12T15:31:27","guid":{"rendered":"https:\/\/foryoubaby.ma\/?post_type=product&#038;p=8116"},"modified":"2025-12-10T18:02:05","modified_gmt":"2025-12-10T18:02:05","slug":"poussette-trio-modulaire-3en1-z1-kidilo","status":"publish","type":"product","link":"https:\/\/foryoubaby.ma\/ar\/product\/poussette-trio-modulaire-3en1-z1-kidilo\/","title":{"rendered":"Poussette Trio modulaire 3en1 Z1 \u2013 KIDILO"},"content":{"rendered":"<p>La poussette trio modulaire 3 en 1 <strong data-start=\"386\" data-end=\"399\">KIDILO Z1<\/strong> est un syst\u00e8me de voyage complet et \u00e9l\u00e9gant, adapt\u00e9 aux enfants de la naissance jusqu\u2019\u00e0 4 ans. Elle comprend une poussette <strong>r\u00e9versible<\/strong>, un landeau, un si\u00e8ge auto avec couvre-jambes, un sac \u00e0 langer, ainsi qu\u2019un <strong data-start=\"610\" data-end=\"625\">cache-pluie<\/strong> et une <strong data-start=\"633\" data-end=\"649\">moustiquaire<\/strong>, pour garantir un maximum de confort et de protection en toute saison.<\/p>","protected":false},"excerpt":{"rendered":"<p>La poussette trio modulaire 3 en 1 KIDILO Z1 est un syst\u00e8me de voyage complet et \u00e9l\u00e9gant, adapt\u00e9 aux enfants de la naissance jusqu\u2019\u00e0 4 ans. Elle comprend une poussette r\u00e9versible, un landeau, un si\u00e8ge auto avec couvre-jambes, un sac \u00e0 langer, ainsi qu\u2019un cache-pluie et une moustiquaire, pour garantir un maximum de confort et [&hellip;]<\/p>\n","protected":false},"featured_media":8117,"comment_status":"open","ping_status":"closed","template":"","meta":[],"product_brand":[113],"product_cat":[59],"product_tag":[],"giftcard-category":[],"class_list":{"0":"post-8116","1":"product","2":"type-product","3":"status-publish","4":"has-post-thumbnail","6":"product_brand-kidilo","7":"product_cat-poussettes","9":"first","10":"outofstock","11":"taxable","12":"shipping-taxable","13":"purchasable","14":"product-type-simple"},"jetpack_sharing_enabled":true,"_links":{"self":[{"href":"https:\/\/foryoubaby.ma\/ar\/wp-json\/wp\/v2\/product\/8116","targetHints":{"allow":["GET"]}}],"collection":[{"href":"https:\/\/foryoubaby.ma\/ar\/wp-json\/wp\/v2\/product"}],"about":[{"href":"https:\/\/foryoubaby.ma\/ar\/wp-json\/wp\/v2\/types\/product"}],"replies":[{"embeddable":true,"href":"https:\/\/foryoubaby.ma\/ar\/wp-json\/wp\/v2\/comments?post=8116"}],"wp:featuredmedia":[{"embeddable":true,"href":"https:\/\/foryoubaby.ma\/ar\/wp-json\/wp\/v2\/media\/8117"}],"wp:attachment":[{"href":"https:\/\/foryoubaby.ma\/ar\/wp-json\/wp\/v2\/media?parent=8116"}],"wp:term":[{"taxonomy":"product_brand","embeddable":true,"href":"https:\/\/foryoubaby.ma\/ar\/wp-json\/wp\/v2\/product_brand?post=8116"},{"taxonomy":"product_cat","embeddable":true,"href":"https:\/\/foryoubaby.ma\/ar\/wp-json\/wp\/v2\/product_cat?post=8116"},{"taxonomy":"product_tag","embeddable":true,"href":"https:\/\/foryoubaby.ma\/ar\/wp-json\/wp\/v2\/product_tag?post=8116"},{"taxonomy":"giftcard-category","embeddable":true,"href":"https:\/\/foryoubaby.ma\/ar\/wp-json\/wp\/v2\/giftcard-category?post=8116"}],"curies":[{"name":"wp","href":"https:\/\/api.w.org\/{rel}","templated":true}]}}