{"id":8097,"date":"2025-08-08T20:04:45","date_gmt":"2025-08-08T20:04:45","guid":{"rendered":"https:\/\/foryoubaby.ma\/?post_type=product&#038;p=8097"},"modified":"2025-08-08T20:04:45","modified_gmt":"2025-08-08T20:04:45","slug":"electric-baby-nail-trimmer-nail-cutter-manicure-and-pedicure-set","status":"publish","type":"product","link":"https:\/\/foryoubaby.ma\/ar\/product\/electric-baby-nail-trimmer-nail-cutter-manicure-and-pedicure-set\/","title":{"rendered":"Electric Baby Nail Trimmer Nail Cutter Manicure and Pedicure Set"},"content":{"rendered":"<p>Clicknget.pk apporte du <strong>manucure et de la p\u00e9dicure pour<\/strong> les b\u00e9b\u00e9s et les adultes<\/p>\n<p>Tondeuse \u00e0 manucure pour les ongles en abb\u00e9, faite d&rsquo;ABS de haute qualit\u00e9, de forte et de long lasting. Il fonctionne en mode de meulage \u00e9lectrique plut\u00f4t qu&rsquo;un mode de coupe r\u00e9gulier, donc il n&rsquo;endommage pas les cticles ou les lits \u00e0 ongles sensibles. La taille raisonnable permet aux parents de l&rsquo;utiliser confortablement.<\/p>\n<p>6 dans 1 Kit de manucure &#8211; Cette tondeuse comprend 6 tampons connect\u00e9s. 3 papiers \u00e0 coussins adapt\u00e9s aux b\u00e9b\u00e9s et aux jeunes enfants \u00e2g\u00e9s de 0 \u00e0 12 mois, comme 3 papiers cosses cosmeux adapt\u00e9s aux adultes.<\/p>\n<p>Modes de travail (Ajustement de la vitesse (haute\/faible) et de la rotation (dans le sens des aiguilles des temps d&rsquo;une montre\/\u00e0 l&rsquo;arri\u00e8re) pour am\u00e9liorer les positions de classement des ongles et les ongles plus doux et plus mous. 2 piles AA (NO T INCLU\u00c9) sont utilis\u00e9es, ce qui le rend facile \u00e0 remplacer dans la vie quotidienne.<\/p>\n<p>La tondeuse \u00e0 ongles pour b\u00e9b\u00e9 est con\u00e7ue avec une Lumi\u00e8re avant, ce qui permet \u00e0 elle d&rsquo;\u00eatre utilis\u00e9e dans l&rsquo;obscurit\u00e9. Lorsqu&rsquo;il est utilis\u00e9, le son est inf\u00e9rieur \u00e0 60 db, le fait de le fouet de secouer assez pour se r\u00e9veiller un b\u00e9b\u00e9 endormi<\/p>\n<p>Ce tondeur \u00e0 ongles se trouve avec un \u00e9tui et un support, et toutes les pi\u00e8ces s&rsquo;ins\u00e8rent dans l&rsquo;\u00e9tui de la taille de la paume adulte, ce qui le rend tr\u00e8s simple pour l&rsquo;utiliser n&rsquo;importe o\u00f9 et n&rsquo;importe quand.<\/p>","protected":false},"excerpt":{"rendered":"<p>Clicknget.pk apporte du manucure et de la p\u00e9dicure pour les b\u00e9b\u00e9s et les adultes Tondeuse \u00e0 manucure pour les ongles en abb\u00e9, faite d&rsquo;ABS de haute qualit\u00e9, de forte et de long lasting. Il fonctionne en mode de meulage \u00e9lectrique plut\u00f4t qu&rsquo;un mode de coupe r\u00e9gulier, donc il n&rsquo;endommage pas les cticles ou les lits [&hellip;]<\/p>\n","protected":false},"featured_media":8098,"comment_status":"open","ping_status":"closed","template":"","meta":[],"product_brand":[],"product_cat":[63],"product_tag":[],"giftcard-category":[],"class_list":{"0":"post-8097","1":"product","2":"type-product","3":"status-publish","4":"has-post-thumbnail","6":"product_cat-hygiene-et-soin","8":"first","9":"instock","10":"taxable","11":"shipping-taxable","12":"purchasable","13":"product-type-simple"},"jetpack_sharing_enabled":true,"_links":{"self":[{"href":"https:\/\/foryoubaby.ma\/ar\/wp-json\/wp\/v2\/product\/8097","targetHints":{"allow":["GET"]}}],"collection":[{"href":"https:\/\/foryoubaby.ma\/ar\/wp-json\/wp\/v2\/product"}],"about":[{"href":"https:\/\/foryoubaby.ma\/ar\/wp-json\/wp\/v2\/types\/product"}],"replies":[{"embeddable":true,"href":"https:\/\/foryoubaby.ma\/ar\/wp-json\/wp\/v2\/comments?post=8097"}],"wp:featuredmedia":[{"embeddable":true,"href":"https:\/\/foryoubaby.ma\/ar\/wp-json\/wp\/v2\/media\/8098"}],"wp:attachment":[{"href":"https:\/\/foryoubaby.ma\/ar\/wp-json\/wp\/v2\/media?parent=8097"}],"wp:term":[{"taxonomy":"product_brand","embeddable":true,"href":"https:\/\/foryoubaby.ma\/ar\/wp-json\/wp\/v2\/product_brand?post=8097"},{"taxonomy":"product_cat","embeddable":true,"href":"https:\/\/foryoubaby.ma\/ar\/wp-json\/wp\/v2\/product_cat?post=8097"},{"taxonomy":"product_tag","embeddable":true,"href":"https:\/\/foryoubaby.ma\/ar\/wp-json\/wp\/v2\/product_tag?post=8097"},{"taxonomy":"giftcard-category","embeddable":true,"href":"https:\/\/foryoubaby.ma\/ar\/wp-json\/wp\/v2\/giftcard-category?post=8097"}],"curies":[{"name":"wp","href":"https:\/\/api.w.org\/{rel}","templated":true}]}}