{"id":8075,"date":"2025-08-08T18:31:27","date_gmt":"2025-08-08T18:31:27","guid":{"rendered":"https:\/\/foryoubaby.ma\/?post_type=product&#038;p=8075"},"modified":"2025-08-08T18:31:27","modified_gmt":"2025-08-08T18:31:27","slug":"notre-bebe-25-sachets-de-conservation-du-lait-maternel","status":"publish","type":"product","link":"https:\/\/foryoubaby.ma\/ar\/product\/notre-bebe-25-sachets-de-conservation-du-lait-maternel\/","title":{"rendered":"Notre-B\u00e9b\u00e9 \u2013 25 Sachets de Conservation du Lait Maternel"},"content":{"rendered":"<div class=\"product-short-description\">\n<h2 data-start=\"260\" data-end=\"567\">Les sachets de conservation <strong data-start=\"288\" data-end=\"302\">Notre-B\u00e9b\u00e9<\/strong> ont \u00e9t\u00e9 con\u00e7us pour faciliter la vie des mamans allaitantes. Avec leur design s\u00e9curis\u00e9, leur grande capacit\u00e9 et leur praticit\u00e9, ils permettent de <strong data-start=\"449\" data-end=\"502\">stocker, congeler et transporter le lait maternel<\/strong> en toute tranquillit\u00e9, aussi bien \u00e0 la maison qu\u2019en d\u00e9placement.<\/h2>\n<h2 data-start=\"260\" data-end=\"567\"><strong data-start=\"194\" data-end=\"258\">Pratiques, hygi\u00e9niques et fiables pour un allaitement serein<\/strong><\/h2>\n<\/div>","protected":false},"excerpt":{"rendered":"<p>Les sachets de conservation Notre-B\u00e9b\u00e9 ont \u00e9t\u00e9 con\u00e7us pour faciliter la vie des mamans allaitantes. Avec leur design s\u00e9curis\u00e9, leur grande capacit\u00e9 et leur praticit\u00e9, ils permettent de stocker, congeler et transporter le lait maternel en toute tranquillit\u00e9, aussi bien \u00e0 la maison qu\u2019en d\u00e9placement. Pratiques, hygi\u00e9niques et fiables pour un allaitement serein<\/p>","protected":false},"featured_media":8076,"comment_status":"open","ping_status":"closed","template":"","meta":[],"product_brand":[249],"product_cat":[65],"product_tag":[],"giftcard-category":[],"class_list":{"0":"post-8075","1":"product","2":"type-product","3":"status-publish","4":"has-post-thumbnail","6":"product_brand-notre-bebe","7":"product_cat-pour-elle-maman","9":"first","10":"instock","11":"taxable","12":"shipping-taxable","13":"purchasable","14":"product-type-simple"},"jetpack_sharing_enabled":true,"_links":{"self":[{"href":"https:\/\/foryoubaby.ma\/ar\/wp-json\/wp\/v2\/product\/8075","targetHints":{"allow":["GET"]}}],"collection":[{"href":"https:\/\/foryoubaby.ma\/ar\/wp-json\/wp\/v2\/product"}],"about":[{"href":"https:\/\/foryoubaby.ma\/ar\/wp-json\/wp\/v2\/types\/product"}],"replies":[{"embeddable":true,"href":"https:\/\/foryoubaby.ma\/ar\/wp-json\/wp\/v2\/comments?post=8075"}],"wp:featuredmedia":[{"embeddable":true,"href":"https:\/\/foryoubaby.ma\/ar\/wp-json\/wp\/v2\/media\/8076"}],"wp:attachment":[{"href":"https:\/\/foryoubaby.ma\/ar\/wp-json\/wp\/v2\/media?parent=8075"}],"wp:term":[{"taxonomy":"product_brand","embeddable":true,"href":"https:\/\/foryoubaby.ma\/ar\/wp-json\/wp\/v2\/product_brand?post=8075"},{"taxonomy":"product_cat","embeddable":true,"href":"https:\/\/foryoubaby.ma\/ar\/wp-json\/wp\/v2\/product_cat?post=8075"},{"taxonomy":"product_tag","embeddable":true,"href":"https:\/\/foryoubaby.ma\/ar\/wp-json\/wp\/v2\/product_tag?post=8075"},{"taxonomy":"giftcard-category","embeddable":true,"href":"https:\/\/foryoubaby.ma\/ar\/wp-json\/wp\/v2\/giftcard-category?post=8075"}],"curies":[{"name":"wp","href":"https:\/\/api.w.org\/{rel}","templated":true}]}}