{"id":8060,"date":"2025-08-08T17:44:06","date_gmt":"2025-08-08T17:44:06","guid":{"rendered":"https:\/\/foryoubaby.ma\/?post_type=product&#038;p=8060"},"modified":"2025-08-08T17:45:39","modified_gmt":"2025-08-08T17:45:39","slug":"medela-set-de-180-ml-de-sacs-de-conservation-du-lait-maternel-25-piece","status":"publish","type":"product","link":"https:\/\/foryoubaby.ma\/ar\/product\/medela-set-de-180-ml-de-sacs-de-conservation-du-lait-maternel-25-piece\/","title":{"rendered":"Medela Set de 180 ml de sacs de conservation du lait maternel 25 piece"},"content":{"rendered":"<h3>Sacs de stockage de lait de Medela<\/h3>\n<p>Quand vous allaitez et pompez du lait pour votre b\u00e9b\u00e9, il y aura des moments o\u00f9 vous devrez le stocker plus tard. Medela<br \/>\nLes sacs de conservation du lait maternel vous aident \u00e0 travailler \u00e0 plein temps, \u00e0 sortir pour une soir\u00e9e ou simplement \u00e0 garder un<br \/>\nstock de lait exprim\u00e9 pour toute occasion. Si vous exprimez votre lait directement dans des bouteilles, en le transf\u00e9rant \u00e0 Medela<br \/>\nLes sacs de lait maternel pour le stockage et le transport ont du sens. Nos sacs se tiennent debout pour une manipulation ais\u00e9e, mais peuvent rester plats une fois scell\u00e9s-<br \/>\ned, pour stockage au r\u00e9frig\u00e9rateur ou au cong\u00e9lateur. Les sacs de stockage \u00e0 usage unique facilitent \u00e9galement la vie plus tard lorsque vous devez d\u00e9givrer et<br \/>\nr\u00e9chauffer votre lait maternel congel\u00e9 pour le nourrir \u00e0 votre b\u00e9b\u00e9. Cette bo\u00eete est livr\u00e9e avec un sachet de transport pratique qui conserve votre entreposage<br \/>\nsacs ensemble et organis\u00e9s sans prendre beaucoup de place.<\/p>\n<p><span class=\"a-text-bold\">D\u00e9tails du produit<\/span><\/p>\n<ul class=\"a-unordered-list a-vertical\">\n<li><span class=\"a-list-item\">25 sacs de conservation du lait maternel de 180 ml<\/span><\/li>\n<li><span class=\"a-list-item\">Double protection contre la fermeture \u00e0 glissi\u00e8re<\/span><\/li>\n<li><span class=\"a-list-item\">Crameaux scell\u00e9s \u00e0 la chaleur<\/span><\/li>\n<li><span class=\"a-list-item\">Stockage : Tenez-vous en position verticale, \u00e0 plat<\/span><\/li>\n<li><span class=\"a-list-item\">Poche de transport incluse<\/span><\/li>\n<li><span class=\"a-list-item\">Sans BPA<\/span><\/li>\n<\/ul>\n<p><span class=\"a-text-bold\">\u00c0 propos de Medela<\/span><\/p>\n<p>Medela est l&rsquo;une des principales entreprises des technologies m\u00e9dicales de vide respect\u00e9es et dignes de confiance des m\u00e9decins et des soins de sant\u00e9.<br \/>\nfessionnels du monde entier. Medela, entreprise familiale suisse, am\u00e9liore la sant\u00e9 et le bien-\u00eatre gr\u00e2ce \u00e0 la poursuite<br \/>\nde la connaissance et du d\u00e9veloppement de produits et de services innovants, les moyens d&rsquo;action des m\u00e8res, des b\u00e9b\u00e9s et des patients<br \/>\nvit dans toute la main. Medela appuie pleinement la recommandation de l&rsquo;Organisation mondiale de la sant\u00e9 sur la dur\u00e9e de l&rsquo;allaitement maternel.<\/p>\n<p>&nbsp;<\/p>\n<p>&nbsp;<\/p>\n<p>&nbsp;<\/p>\n<h3>Ingr\u00e9dients<\/h3>\n<p>Les sachets de conservation pour lait maternel<\/p>\n<div class=\"a-row a-expander-container a-expander-extend-container\" data-a-expander-name=\"toggle_description\">\n<div class=\"a-expander-content a-expander-extend-content a-expander-content-expanded\" data-expanded=\"true\">\n<h3>Bo\u00eete Contient<\/h3>\n<p>Les emballages contiennent 25 sacs et sont livr\u00e9s avec un sachet de transport pour garder les sacs propres et organis\u00e9s.<\/p>\n<\/div>\n<\/div>","protected":false},"excerpt":{"rendered":"<p>Sacs de stockage de lait de Medela Quand vous allaitez et pompez du lait pour votre b\u00e9b\u00e9, il y aura des moments o\u00f9 vous devrez le stocker plus tard. Medela Les sacs de conservation du lait maternel vous aident \u00e0 travailler \u00e0 plein temps, \u00e0 sortir pour une soir\u00e9e ou simplement \u00e0 garder un stock [&hellip;]<\/p>\n","protected":false},"featured_media":8061,"comment_status":"open","ping_status":"closed","template":"","meta":[],"product_brand":[88],"product_cat":[65],"product_tag":[],"giftcard-category":[],"class_list":{"0":"post-8060","1":"product","2":"type-product","3":"status-publish","4":"has-post-thumbnail","6":"product_brand-medela","7":"product_cat-pour-elle-maman","9":"first","10":"instock","11":"taxable","12":"shipping-taxable","13":"purchasable","14":"product-type-simple"},"jetpack_sharing_enabled":true,"_links":{"self":[{"href":"https:\/\/foryoubaby.ma\/ar\/wp-json\/wp\/v2\/product\/8060","targetHints":{"allow":["GET"]}}],"collection":[{"href":"https:\/\/foryoubaby.ma\/ar\/wp-json\/wp\/v2\/product"}],"about":[{"href":"https:\/\/foryoubaby.ma\/ar\/wp-json\/wp\/v2\/types\/product"}],"replies":[{"embeddable":true,"href":"https:\/\/foryoubaby.ma\/ar\/wp-json\/wp\/v2\/comments?post=8060"}],"wp:featuredmedia":[{"embeddable":true,"href":"https:\/\/foryoubaby.ma\/ar\/wp-json\/wp\/v2\/media\/8061"}],"wp:attachment":[{"href":"https:\/\/foryoubaby.ma\/ar\/wp-json\/wp\/v2\/media?parent=8060"}],"wp:term":[{"taxonomy":"product_brand","embeddable":true,"href":"https:\/\/foryoubaby.ma\/ar\/wp-json\/wp\/v2\/product_brand?post=8060"},{"taxonomy":"product_cat","embeddable":true,"href":"https:\/\/foryoubaby.ma\/ar\/wp-json\/wp\/v2\/product_cat?post=8060"},{"taxonomy":"product_tag","embeddable":true,"href":"https:\/\/foryoubaby.ma\/ar\/wp-json\/wp\/v2\/product_tag?post=8060"},{"taxonomy":"giftcard-category","embeddable":true,"href":"https:\/\/foryoubaby.ma\/ar\/wp-json\/wp\/v2\/giftcard-category?post=8060"}],"curies":[{"name":"wp","href":"https:\/\/api.w.org\/{rel}","templated":true}]}}