{"id":8051,"date":"2025-08-08T17:19:10","date_gmt":"2025-08-08T17:19:10","guid":{"rendered":"https:\/\/foryoubaby.ma\/?post_type=product&#038;p=8051"},"modified":"2025-08-08T17:19:10","modified_gmt":"2025-08-08T17:19:10","slug":"puressentiel-anti-pique-roller-repulsif-visage-et-corps-50-ml","status":"publish","type":"product","link":"https:\/\/foryoubaby.ma\/ar\/product\/puressentiel-anti-pique-roller-repulsif-visage-et-corps-50-ml\/","title":{"rendered":"PURESSENTIEL ANTI PIQUE ROLLER REPULSIF VISAGE ET CORPS 50 ML"},"content":{"rendered":"<div id=\"description\" class=\"wc-tab tab-pane active js-product-tab-active\">\n<div class=\"product-description\">\n<p>Le <strong>Roller R\u00e9pulsif visage &amp; corps Anti-Pique<\/strong>\u00a0est efficace jusqu&rsquo;\u00e0 7h<sup>1<\/sup>\u00a0en zone infest\u00e9e sur les moustiques communs, tigres et tropicaux.<\/p>\n<p>Sa formule lact\u00e9e est compos\u00e9e d&rsquo;huiles essentielles bio et d&rsquo;un puissant actif d&rsquo;origine v\u00e9g\u00e9tale d\u00e9riv\u00e9 de l&rsquo;huile essentielle d&rsquo;eucalyptus citronn\u00e9. Cet anti moustique est sans insectifuge neurotoxique, sans conservateur et sans parfum de synth\u00e8se. Test\u00e9 sous contr\u00f4le dermatologique, le roller r\u00e9pulsif visage &amp; corps convient aux peaux sensibles et hydrate jusqu&rsquo;\u00e0 6 heures\u00b2.<\/p>\n<p><strong>Conseils d&rsquo;utilisation:<\/strong><\/p>\n<p>Bien agiter avant emploi.<br \/>\nAppliquer directement sur les zones d\u00e9couvertes du corps et du visage, puis \u00e9taler si besoin uniform\u00e9ment avec les mains. Se laver soigneusement les mains apr\u00e8s utilisation. Il est possible de renouveler l&rsquo;application 2 \u00e0 3 fois par jour.<\/p>\n<\/div>\n<\/div>","protected":false},"excerpt":{"rendered":"<p>Le Roller R\u00e9pulsif visage &amp; corps Anti-Pique\u00a0est efficace jusqu&rsquo;\u00e0 7h1\u00a0en zone infest\u00e9e sur les moustiques communs, tigres et tropicaux. Sa formule lact\u00e9e est compos\u00e9e d&rsquo;huiles essentielles bio et d&rsquo;un puissant actif d&rsquo;origine v\u00e9g\u00e9tale d\u00e9riv\u00e9 de l&rsquo;huile essentielle d&rsquo;eucalyptus citronn\u00e9. Cet anti moustique est sans insectifuge neurotoxique, sans conservateur et sans parfum de synth\u00e8se. Test\u00e9 sous [&hellip;]<\/p>\n","protected":false},"featured_media":8053,"comment_status":"open","ping_status":"closed","template":"","meta":[],"product_brand":[243],"product_cat":[63],"product_tag":[],"giftcard-category":[],"class_list":{"0":"post-8051","1":"product","2":"type-product","3":"status-publish","4":"has-post-thumbnail","6":"product_brand-puressentiel","7":"product_cat-hygiene-et-soin","9":"first","10":"instock","11":"taxable","12":"shipping-taxable","13":"purchasable","14":"product-type-simple"},"jetpack_sharing_enabled":true,"_links":{"self":[{"href":"https:\/\/foryoubaby.ma\/ar\/wp-json\/wp\/v2\/product\/8051","targetHints":{"allow":["GET"]}}],"collection":[{"href":"https:\/\/foryoubaby.ma\/ar\/wp-json\/wp\/v2\/product"}],"about":[{"href":"https:\/\/foryoubaby.ma\/ar\/wp-json\/wp\/v2\/types\/product"}],"replies":[{"embeddable":true,"href":"https:\/\/foryoubaby.ma\/ar\/wp-json\/wp\/v2\/comments?post=8051"}],"wp:featuredmedia":[{"embeddable":true,"href":"https:\/\/foryoubaby.ma\/ar\/wp-json\/wp\/v2\/media\/8053"}],"wp:attachment":[{"href":"https:\/\/foryoubaby.ma\/ar\/wp-json\/wp\/v2\/media?parent=8051"}],"wp:term":[{"taxonomy":"product_brand","embeddable":true,"href":"https:\/\/foryoubaby.ma\/ar\/wp-json\/wp\/v2\/product_brand?post=8051"},{"taxonomy":"product_cat","embeddable":true,"href":"https:\/\/foryoubaby.ma\/ar\/wp-json\/wp\/v2\/product_cat?post=8051"},{"taxonomy":"product_tag","embeddable":true,"href":"https:\/\/foryoubaby.ma\/ar\/wp-json\/wp\/v2\/product_tag?post=8051"},{"taxonomy":"giftcard-category","embeddable":true,"href":"https:\/\/foryoubaby.ma\/ar\/wp-json\/wp\/v2\/giftcard-category?post=8051"}],"curies":[{"name":"wp","href":"https:\/\/api.w.org\/{rel}","templated":true}]}}