{"id":8043,"date":"2025-08-08T16:55:25","date_gmt":"2025-08-08T16:55:25","guid":{"rendered":"https:\/\/foryoubaby.ma\/?post_type=product&#038;p=8043"},"modified":"2025-08-08T16:55:25","modified_gmt":"2025-08-08T16:55:25","slug":"carryboo-liniment-oleo-calcaire-4en1-a-lhuile-dolive-bio-sans-parfum-450ml","status":"publish","type":"product","link":"https:\/\/foryoubaby.ma\/ar\/product\/carryboo-liniment-oleo-calcaire-4en1-a-lhuile-dolive-bio-sans-parfum-450ml\/","title":{"rendered":"CARRYBOO LINIMENT OLEO-CALCAIRE 4EN1 A L&rsquo;HUILE D&rsquo;OLIVE BIO SANS PARFUM 450ML"},"content":{"rendered":"<p><strong>Carryboo Liniment Ol\u00e9o-Calcaire Bio Olive &#8211; 450ml :<\/strong><\/p>\n<p>Le liniment ol\u00e9o-calcaire Carryboo est une solution compl\u00e8te pour nettoyer, apaiser et prot\u00e9ger la peau d\u00e9licate de b\u00e9b\u00e9 d\u00e8s sa naissance. Enrichi en huile d&rsquo;olive vierge bio aux propri\u00e9t\u00e9s hydratantes, nourrissantes et protectrices, il offre un soin optimal m\u00eame pour les peaux les plus sensibles.<\/p>\n<p>Cette \u00e9mulsion cr\u00e9meuse, associant de l&rsquo;huile v\u00e9g\u00e9tale \u00e0 de l&rsquo;eau de chaux selon une recette traditionnelle, pr\u00e9vient efficacement les irritations et les rougeurs tout en formant un film protecteur.<\/p>\n<p>Il peut \u00e9galement \u00eatre utilis\u00e9 pour masser b\u00e9b\u00e9, offrant ainsi un moment de complicit\u00e9 agr\u00e9able. Compos\u00e9 de seulement 4 ingr\u00e9dients d&rsquo;origine naturelle, ce liniment est exempt de parfum, d&rsquo;alcool et de tous les 180 allerg\u00e8nes r\u00e9pertori\u00e9s par Safelife.<\/p>","protected":false},"excerpt":{"rendered":"<p>Carryboo Liniment Ol\u00e9o-Calcaire Bio Olive &#8211; 450ml : Le liniment ol\u00e9o-calcaire Carryboo est une solution compl\u00e8te pour nettoyer, apaiser et prot\u00e9ger la peau d\u00e9licate de b\u00e9b\u00e9 d\u00e8s sa naissance. Enrichi en huile d&rsquo;olive vierge bio aux propri\u00e9t\u00e9s hydratantes, nourrissantes et protectrices, il offre un soin optimal m\u00eame pour les peaux les plus sensibles. Cette \u00e9mulsion [&hellip;]<\/p>\n","protected":false},"featured_media":8044,"comment_status":"open","ping_status":"closed","template":"","meta":[],"product_brand":[234],"product_cat":[63],"product_tag":[],"giftcard-category":[],"class_list":{"0":"post-8043","1":"product","2":"type-product","3":"status-publish","4":"has-post-thumbnail","6":"product_brand-carryboo","7":"product_cat-hygiene-et-soin","9":"first","10":"instock","11":"taxable","12":"shipping-taxable","13":"purchasable","14":"product-type-simple"},"jetpack_sharing_enabled":true,"_links":{"self":[{"href":"https:\/\/foryoubaby.ma\/ar\/wp-json\/wp\/v2\/product\/8043","targetHints":{"allow":["GET"]}}],"collection":[{"href":"https:\/\/foryoubaby.ma\/ar\/wp-json\/wp\/v2\/product"}],"about":[{"href":"https:\/\/foryoubaby.ma\/ar\/wp-json\/wp\/v2\/types\/product"}],"replies":[{"embeddable":true,"href":"https:\/\/foryoubaby.ma\/ar\/wp-json\/wp\/v2\/comments?post=8043"}],"wp:featuredmedia":[{"embeddable":true,"href":"https:\/\/foryoubaby.ma\/ar\/wp-json\/wp\/v2\/media\/8044"}],"wp:attachment":[{"href":"https:\/\/foryoubaby.ma\/ar\/wp-json\/wp\/v2\/media?parent=8043"}],"wp:term":[{"taxonomy":"product_brand","embeddable":true,"href":"https:\/\/foryoubaby.ma\/ar\/wp-json\/wp\/v2\/product_brand?post=8043"},{"taxonomy":"product_cat","embeddable":true,"href":"https:\/\/foryoubaby.ma\/ar\/wp-json\/wp\/v2\/product_cat?post=8043"},{"taxonomy":"product_tag","embeddable":true,"href":"https:\/\/foryoubaby.ma\/ar\/wp-json\/wp\/v2\/product_tag?post=8043"},{"taxonomy":"giftcard-category","embeddable":true,"href":"https:\/\/foryoubaby.ma\/ar\/wp-json\/wp\/v2\/giftcard-category?post=8043"}],"curies":[{"name":"wp","href":"https:\/\/api.w.org\/{rel}","templated":true}]}}