{"id":8041,"date":"2025-08-08T16:33:26","date_gmt":"2025-08-08T16:33:26","guid":{"rendered":"https:\/\/foryoubaby.ma\/?post_type=product&#038;p=8041"},"modified":"2025-08-08T16:33:26","modified_gmt":"2025-08-08T16:33:26","slug":"dodie-lingettes-nettoyantes-compostables-3-en-1-peaux-sensibles-60-pieces","status":"publish","type":"product","link":"https:\/\/foryoubaby.ma\/ar\/product\/dodie-lingettes-nettoyantes-compostables-3-en-1-peaux-sensibles-60-pieces\/","title":{"rendered":"Dodie Lingettes Nettoyantes Compostables 3-En-1 Peaux Sensibles 60 Pi\u00e8ces"},"content":{"rendered":"<p>Fabriqu\u00e9es en France avec des fibres d\u2019origine v\u00e9g\u00e9tales, les Lingettes Nettoyantes Dermo-Apaisantes Dodie nettoient en douceur le visage le corps et le si\u00e8ge de votre b\u00e9b\u00e9.<br \/>\nAvec leur toucher doux et leur parfum d\u00e9licat, elles laissent la peau propre et souple. Particuli\u00e8rement adapt\u00e9es aux peaux sensibles des plus petits et test\u00e9es sous contr\u00f4le dermatologique, les Lingettes Nettoyantes Dermo-Apaisantes apaisent, hydratent et prot\u00e8gent des irritations.<br \/>\nCertifi\u00e9e OK compost Home les lingettes Dodie sont compostables \u00e0 domicile dans votre compost de jardin ou de cuisine.<\/p>\n<p><strong>Indications :<\/strong><br \/>\nVisage, corps et si\u00e8ge<\/p>\n<p><strong>Contra-i<\/strong><strong>ndications<\/strong><strong> :<\/strong><br \/>\nPr\u00e9matur\u00e9s et grands pr\u00e9matur\u00e9s<\/p>\n<p><strong>Ingr\u00e9dients<\/strong><strong> :<\/strong><br \/>\nAqua, glycerin, sodium benzoate, chlorphenesin, polysorbate 20, parfum, sweet almond oil polyglyceryl-4 esters, Acacia senegal gum, disodium EDTA, Aloe barbadensis leaf juice, xanthan gum, propylene glycol, citric acid, Gossypium herbaceum seed extract, potassium sorbate, sorbic acid<br \/>\n<strong><br \/>\nConseils d\u2019utilisation :<\/strong><br \/>\nBien repositionner la languette adh\u00e9sive apr\u00e8s utilisation.<\/p>\n<p><strong>Pr\u00e9cautions d\u2019emploi :<\/strong><br \/>\nAppliquer sur peau saine uniquement.<br \/>\nNe pas laisser \u00e0 la port\u00e9e des enfants.<br \/>\n\u00c9viter le contour des yeux.<br \/>\nUsage externe uniquement<br \/>\nNe pas jeter dans les toilettes ou dans la nature.<\/p>\n<p><strong>Pr\u00e9sentation :<\/strong><br \/>\n60 pi\u00e8ces<\/p>","protected":false},"excerpt":{"rendered":"<p>Fabriqu\u00e9es en France avec des fibres d\u2019origine v\u00e9g\u00e9tales, les Lingettes Nettoyantes Dermo-Apaisantes Dodie nettoient en douceur le visage le corps et le si\u00e8ge de votre b\u00e9b\u00e9. Avec leur toucher doux et leur parfum d\u00e9licat, elles laissent la peau propre et souple. Particuli\u00e8rement adapt\u00e9es aux peaux sensibles des plus petits et test\u00e9es sous contr\u00f4le dermatologique, les [&hellip;]<\/p>\n","protected":false},"featured_media":8042,"comment_status":"open","ping_status":"closed","template":"","meta":[],"product_brand":[242],"product_cat":[63],"product_tag":[],"giftcard-category":[],"class_list":{"0":"post-8041","1":"product","2":"type-product","3":"status-publish","4":"has-post-thumbnail","6":"product_brand-dodie","7":"product_cat-hygiene-et-soin","9":"first","10":"instock","11":"taxable","12":"shipping-taxable","13":"purchasable","14":"product-type-simple"},"jetpack_sharing_enabled":true,"_links":{"self":[{"href":"https:\/\/foryoubaby.ma\/ar\/wp-json\/wp\/v2\/product\/8041","targetHints":{"allow":["GET"]}}],"collection":[{"href":"https:\/\/foryoubaby.ma\/ar\/wp-json\/wp\/v2\/product"}],"about":[{"href":"https:\/\/foryoubaby.ma\/ar\/wp-json\/wp\/v2\/types\/product"}],"replies":[{"embeddable":true,"href":"https:\/\/foryoubaby.ma\/ar\/wp-json\/wp\/v2\/comments?post=8041"}],"wp:featuredmedia":[{"embeddable":true,"href":"https:\/\/foryoubaby.ma\/ar\/wp-json\/wp\/v2\/media\/8042"}],"wp:attachment":[{"href":"https:\/\/foryoubaby.ma\/ar\/wp-json\/wp\/v2\/media?parent=8041"}],"wp:term":[{"taxonomy":"product_brand","embeddable":true,"href":"https:\/\/foryoubaby.ma\/ar\/wp-json\/wp\/v2\/product_brand?post=8041"},{"taxonomy":"product_cat","embeddable":true,"href":"https:\/\/foryoubaby.ma\/ar\/wp-json\/wp\/v2\/product_cat?post=8041"},{"taxonomy":"product_tag","embeddable":true,"href":"https:\/\/foryoubaby.ma\/ar\/wp-json\/wp\/v2\/product_tag?post=8041"},{"taxonomy":"giftcard-category","embeddable":true,"href":"https:\/\/foryoubaby.ma\/ar\/wp-json\/wp\/v2\/giftcard-category?post=8041"}],"curies":[{"name":"wp","href":"https:\/\/api.w.org\/{rel}","templated":true}]}}