{"id":8039,"date":"2025-08-08T16:29:34","date_gmt":"2025-08-08T16:29:34","guid":{"rendered":"https:\/\/foryoubaby.ma\/?post_type=product&#038;p=8039"},"modified":"2025-08-08T16:30:33","modified_gmt":"2025-08-08T16:30:33","slug":"dodie-lingettes-nettoyantes-a-leau-50-pieces","status":"publish","type":"product","link":"https:\/\/foryoubaby.ma\/ar\/product\/dodie-lingettes-nettoyantes-a-leau-50-pieces\/","title":{"rendered":"DODIE LINGETTES NETTOYANTES A L&rsquo;EAU 50 PIECES"},"content":{"rendered":"<p>Lingettes 3 en 1 : si\u00e8ge, visage et mains<br \/>\nApprouv\u00e9 en cabinet p\u00e9diatrique<br \/>\nFormule hypoallerg\u00e9nique, sans paraben, sans ph\u00e9noxyethanol, sans alcool, sans MIT<br \/>\nParfum frais et d\u00e9licat qui respecte la peau sensible des b\u00e9b\u00e9s<br \/>\nTest\u00e9es dermatologiquement et ophtalmologiquement<\/p>","protected":false},"excerpt":{"rendered":"<p>Lingettes 3 en 1 : si\u00e8ge, visage et mains Approuv\u00e9 en cabinet p\u00e9diatrique Formule hypoallerg\u00e9nique, sans paraben, sans ph\u00e9noxyethanol, sans alcool, sans MIT Parfum frais et d\u00e9licat qui respecte la peau sensible des b\u00e9b\u00e9s Test\u00e9es dermatologiquement et ophtalmologiquement<\/p>","protected":false},"featured_media":8040,"comment_status":"open","ping_status":"closed","template":"","meta":[],"product_brand":[242],"product_cat":[63],"product_tag":[],"giftcard-category":[],"class_list":{"0":"post-8039","1":"product","2":"type-product","3":"status-publish","4":"has-post-thumbnail","6":"product_brand-dodie","7":"product_cat-hygiene-et-soin","9":"first","10":"instock","11":"taxable","12":"shipping-taxable","13":"purchasable","14":"product-type-simple"},"jetpack_sharing_enabled":true,"_links":{"self":[{"href":"https:\/\/foryoubaby.ma\/ar\/wp-json\/wp\/v2\/product\/8039","targetHints":{"allow":["GET"]}}],"collection":[{"href":"https:\/\/foryoubaby.ma\/ar\/wp-json\/wp\/v2\/product"}],"about":[{"href":"https:\/\/foryoubaby.ma\/ar\/wp-json\/wp\/v2\/types\/product"}],"replies":[{"embeddable":true,"href":"https:\/\/foryoubaby.ma\/ar\/wp-json\/wp\/v2\/comments?post=8039"}],"wp:featuredmedia":[{"embeddable":true,"href":"https:\/\/foryoubaby.ma\/ar\/wp-json\/wp\/v2\/media\/8040"}],"wp:attachment":[{"href":"https:\/\/foryoubaby.ma\/ar\/wp-json\/wp\/v2\/media?parent=8039"}],"wp:term":[{"taxonomy":"product_brand","embeddable":true,"href":"https:\/\/foryoubaby.ma\/ar\/wp-json\/wp\/v2\/product_brand?post=8039"},{"taxonomy":"product_cat","embeddable":true,"href":"https:\/\/foryoubaby.ma\/ar\/wp-json\/wp\/v2\/product_cat?post=8039"},{"taxonomy":"product_tag","embeddable":true,"href":"https:\/\/foryoubaby.ma\/ar\/wp-json\/wp\/v2\/product_tag?post=8039"},{"taxonomy":"giftcard-category","embeddable":true,"href":"https:\/\/foryoubaby.ma\/ar\/wp-json\/wp\/v2\/giftcard-category?post=8039"}],"curies":[{"name":"wp","href":"https:\/\/api.w.org\/{rel}","templated":true}]}}