{"id":8037,"date":"2025-08-11T21:04:10","date_gmt":"2025-08-11T21:04:10","guid":{"rendered":"https:\/\/foryoubaby.ma\/?post_type=product&#038;p=8037"},"modified":"2025-08-11T21:04:56","modified_gmt":"2025-08-11T21:04:56","slug":"dodie-creme-de-change-sans-parfum-75-ml","status":"publish","type":"product","link":"https:\/\/foryoubaby.ma\/ar\/product\/dodie-creme-de-change-sans-parfum-75-ml\/","title":{"rendered":"DODIE CREME DE CHANGE SANS PARFUM 75 ML"},"content":{"rendered":"<p>L<\/p>\n<p>a texture \u00e9paisse et cr\u00e9meuse de la cr\u00e8me est facile \u00e0 appliquer, assurant une couverture compl\u00e8te et durable sur la peau de b\u00e9b\u00e9. En lissant la peau tout en la nourrissant, elle cr\u00e9e une sensation de confort tout au long de la journ\u00e9e, rendant le change de b\u00e9b\u00e9 plus agr\u00e9able. Hypoallerg\u00e9nique et test\u00e9e sous contr\u00f4le dermatologique, cette cr\u00e8me est formul\u00e9e sans parfum, minimisant ainsi le risque de r\u00e9actions allergiques. De plus, avec 99% d&rsquo;ingr\u00e9dients d&rsquo;origine naturelle, elle respecte l\u2019environnement cutan\u00e9 fragile des tout-petits.<\/p>\n<p>Fabriqu\u00e9e en France, la Cr\u00e8me de Change Dodie incarne un soin de haute qualit\u00e9, s&rsquo;adaptant aux besoins quotidiens de la peau sensible des nouveau-n\u00e9s et des nourrissons. Chaque application aide \u00e0 apaiser, prot\u00e9ger et nourrir, assurant une hydratation et une douceur durables.<\/p>\n<p><strong>Composition<\/strong><\/p>\n<p>Aqua (eau), oxyde de zinc, triglyc\u00e9ride caprylique\/caprique, huile de Prunus Amygdalus Dulcis (amande douce), huile d&rsquo;Olus (v\u00e9g\u00e9tale), glyc\u00e9rine, diisost\u00e9aroyl polyglyc\u00e9ryl-3 dim\u00e8re dilinol\u00e9ate, Cera Alba, sulfate de magn\u00e9sium, huile de fruit d&rsquo;Olea Europaea (olive), polyglyc\u00e9rides ol\u00e9ique\/linol\u00e9ique\/linol\u00e9nique, benzoate de sodium, bisabolol, extrait de feuille d&rsquo;Aloe Barbadensis*, eau d&rsquo;Hamamelis Virginiana (hamam\u00e9lis)*, extrait de Gossypium Herbaceum (coton)*, acide citrique, sorbate de potassium, hydroxyde de sodium.<\/p>\n<p><strong>Conseils d\u2019utilisation<\/strong><\/p>\n<p>&nbsp;<\/p>\n<p>\u00c0 chaque change, nettoyez et s\u00e9chez soigneusement les fesses de b\u00e9b\u00e9 avec un produit adapt\u00e9.<\/p>\n<p>&nbsp;<\/p>\n<p>Appliquez la Cr\u00e8me de Change Dodie en couche \u00e9paisse sur la peau propre et s\u00e8che.<\/p>\n<p>&nbsp;<\/p>\n<p>Renouvelez l&rsquo;application aussi souvent que n\u00e9cessaire, notamment en cas d&rsquo;irritations visibles.<\/p>\n<p>&nbsp;<\/p>\n<p>Ne pas appliquer sur une peau l\u00e9s\u00e9e ou ab\u00eem\u00e9e.<\/p>\n<p>&nbsp;<\/p>\n<p>Usage externe uniquement. \u00c9viter le contact avec les yeux. Tenir hors de port\u00e9e des enfants.<\/p>","protected":false},"excerpt":{"rendered":"<p>L a texture \u00e9paisse et cr\u00e9meuse de la cr\u00e8me est facile \u00e0 appliquer, assurant une couverture compl\u00e8te et durable sur la peau de b\u00e9b\u00e9. En lissant la peau tout en la nourrissant, elle cr\u00e9e une sensation de confort tout au long de la journ\u00e9e, rendant le change de b\u00e9b\u00e9 plus agr\u00e9able. Hypoallerg\u00e9nique et test\u00e9e sous [&hellip;]<\/p>\n","protected":false},"featured_media":8038,"comment_status":"open","ping_status":"closed","template":"","meta":[],"product_brand":[242],"product_cat":[63],"product_tag":[],"giftcard-category":[],"class_list":{"0":"post-8037","1":"product","2":"type-product","3":"status-publish","4":"has-post-thumbnail","6":"product_brand-dodie","7":"product_cat-hygiene-et-soin","9":"first","10":"instock","11":"taxable","12":"shipping-taxable","13":"purchasable","14":"product-type-simple"},"jetpack_sharing_enabled":true,"_links":{"self":[{"href":"https:\/\/foryoubaby.ma\/ar\/wp-json\/wp\/v2\/product\/8037","targetHints":{"allow":["GET"]}}],"collection":[{"href":"https:\/\/foryoubaby.ma\/ar\/wp-json\/wp\/v2\/product"}],"about":[{"href":"https:\/\/foryoubaby.ma\/ar\/wp-json\/wp\/v2\/types\/product"}],"replies":[{"embeddable":true,"href":"https:\/\/foryoubaby.ma\/ar\/wp-json\/wp\/v2\/comments?post=8037"}],"wp:featuredmedia":[{"embeddable":true,"href":"https:\/\/foryoubaby.ma\/ar\/wp-json\/wp\/v2\/media\/8038"}],"wp:attachment":[{"href":"https:\/\/foryoubaby.ma\/ar\/wp-json\/wp\/v2\/media?parent=8037"}],"wp:term":[{"taxonomy":"product_brand","embeddable":true,"href":"https:\/\/foryoubaby.ma\/ar\/wp-json\/wp\/v2\/product_brand?post=8037"},{"taxonomy":"product_cat","embeddable":true,"href":"https:\/\/foryoubaby.ma\/ar\/wp-json\/wp\/v2\/product_cat?post=8037"},{"taxonomy":"product_tag","embeddable":true,"href":"https:\/\/foryoubaby.ma\/ar\/wp-json\/wp\/v2\/product_tag?post=8037"},{"taxonomy":"giftcard-category","embeddable":true,"href":"https:\/\/foryoubaby.ma\/ar\/wp-json\/wp\/v2\/giftcard-category?post=8037"}],"curies":[{"name":"wp","href":"https:\/\/api.w.org\/{rel}","templated":true}]}}