{"id":8030,"date":"2025-08-08T16:04:27","date_gmt":"2025-08-08T16:04:27","guid":{"rendered":"https:\/\/foryoubaby.ma\/?post_type=product&#038;p=8030"},"modified":"2025-08-08T16:04:28","modified_gmt":"2025-08-08T16:04:28","slug":"centifolia-liquide-vaisselle-bebe-500ml","status":"publish","type":"product","link":"https:\/\/foryoubaby.ma\/ar\/product\/centifolia-liquide-vaisselle-bebe-500ml\/","title":{"rendered":"Centifolia liquide vaisselle b\u00e9b\u00e9 500ml"},"content":{"rendered":"<p data-start=\"258\" data-end=\"329\">Un nettoyage doux, efficace et 100 % naturel pour toute la famille.<\/p>\n<p data-start=\"331\" data-end=\"687\">Sp\u00e9cialement formul\u00e9 pour respecter la peau sensible des b\u00e9b\u00e9s et des parents, le liquide vaisselle Centifolia est l\u2019alli\u00e9 id\u00e9al pour laver biberons, t\u00e9tines et vaisselle familiale, tout en douceur. Sa formule concentr\u00e9e \u00e0 98 % d\u2019ingr\u00e9dients d\u2019origine naturelle garantit une propret\u00e9 impeccable sans agresser la peau ni nuire \u00e0 l\u2019environnement.<\/p>\n<p data-start=\"331\" data-end=\"687\"><strong>Ce que vous allez adorer :<\/strong><\/p>\n<p data-start=\"723\" data-end=\"1046\">\u2013 Efficace sur les graisses et salet\u00e9s tenaces<br data-start=\"773\" data-end=\"776\" \/>\u2013 Sans parfum, sans colorant, sans sulfates ni azurants optiques<br data-start=\"844\" data-end=\"847\" \/>\u2013 Test\u00e9 dermatologiquement : parfait pour les peaux sensibles<br data-start=\"912\" data-end=\"915\" \/>\u2013 Flacon pompe pratique pour un dosage facile et \u00e9conomique<br data-start=\"978\" data-end=\"981\" \/>\u2013 Certifi\u00e9 Ecocert &amp; Cosm\u00e9bio \u2013 un choix responsable et s\u00fbr<\/p>\n<p data-start=\"723\" data-end=\"1046\"><strong>Une formule propre et engag\u00e9e :<\/strong><\/p>\n<p data-start=\"1089\" data-end=\"1128\">\u2013 Agents nettoyants doux mais puissants<\/p>\n<p>\u2013 pH adapt\u00e9 pour pr\u00e9server la peau<\/p>\n<p>\u2013 Biod\u00e9gradable &amp; respectueux de la plan\u00e8te<\/p>\n<p data-start=\"1214\" data-end=\"1270\">\u2013 0,05 % d\u2019ingr\u00e9dients issus de l\u2019agriculture biologique<\/p>\n<p data-start=\"1214\" data-end=\"1270\"><strong>Conseils d\u2019utilisation :<\/strong><\/p>\n<p data-start=\"1304\" data-end=\"1468\">\u2013 Une simple pression (10ml) dans 10L d\u2019eau ti\u00e8de<br data-start=\"1355\" data-end=\"1358\" \/>\u2013 Nettoyez, puis rincez \u00e0 l\u2019eau claire<br data-start=\"1398\" data-end=\"1401\" \/>\u2013 Pour plus d\u2019\u00e9conomie, \u00e9vitez de faire couler l\u2019eau en continu<\/p>","protected":false},"excerpt":{"rendered":"<p>Un nettoyage doux, efficace et 100 % naturel pour toute la famille. Sp\u00e9cialement formul\u00e9 pour respecter la peau sensible des b\u00e9b\u00e9s et des parents, le liquide vaisselle Centifolia est l\u2019alli\u00e9 id\u00e9al pour laver biberons, t\u00e9tines et vaisselle familiale, tout en douceur. Sa formule concentr\u00e9e \u00e0 98 % d\u2019ingr\u00e9dients d\u2019origine naturelle garantit une propret\u00e9 impeccable sans [&hellip;]<\/p>\n","protected":false},"featured_media":8032,"comment_status":"open","ping_status":"closed","template":"","meta":[],"product_brand":[241],"product_cat":[63],"product_tag":[],"giftcard-category":[],"class_list":{"0":"post-8030","1":"product","2":"type-product","3":"status-publish","4":"has-post-thumbnail","6":"product_brand-centifolia","7":"product_cat-hygiene-et-soin","9":"first","10":"instock","11":"taxable","12":"shipping-taxable","13":"purchasable","14":"product-type-simple"},"jetpack_sharing_enabled":true,"_links":{"self":[{"href":"https:\/\/foryoubaby.ma\/ar\/wp-json\/wp\/v2\/product\/8030","targetHints":{"allow":["GET"]}}],"collection":[{"href":"https:\/\/foryoubaby.ma\/ar\/wp-json\/wp\/v2\/product"}],"about":[{"href":"https:\/\/foryoubaby.ma\/ar\/wp-json\/wp\/v2\/types\/product"}],"replies":[{"embeddable":true,"href":"https:\/\/foryoubaby.ma\/ar\/wp-json\/wp\/v2\/comments?post=8030"}],"wp:featuredmedia":[{"embeddable":true,"href":"https:\/\/foryoubaby.ma\/ar\/wp-json\/wp\/v2\/media\/8032"}],"wp:attachment":[{"href":"https:\/\/foryoubaby.ma\/ar\/wp-json\/wp\/v2\/media?parent=8030"}],"wp:term":[{"taxonomy":"product_brand","embeddable":true,"href":"https:\/\/foryoubaby.ma\/ar\/wp-json\/wp\/v2\/product_brand?post=8030"},{"taxonomy":"product_cat","embeddable":true,"href":"https:\/\/foryoubaby.ma\/ar\/wp-json\/wp\/v2\/product_cat?post=8030"},{"taxonomy":"product_tag","embeddable":true,"href":"https:\/\/foryoubaby.ma\/ar\/wp-json\/wp\/v2\/product_tag?post=8030"},{"taxonomy":"giftcard-category","embeddable":true,"href":"https:\/\/foryoubaby.ma\/ar\/wp-json\/wp\/v2\/giftcard-category?post=8030"}],"curies":[{"name":"wp","href":"https:\/\/api.w.org\/{rel}","templated":true}]}}