{"id":8021,"date":"2025-08-05T18:58:32","date_gmt":"2025-08-05T18:58:32","guid":{"rendered":"https:\/\/foryoubaby.ma\/?post_type=product&#038;p=8021"},"modified":"2025-08-05T18:58:32","modified_gmt":"2025-08-05T18:58:32","slug":"1ers-soins-bebe-1er-cold-cream","status":"publish","type":"product","link":"https:\/\/foryoubaby.ma\/ar\/product\/1ers-soins-bebe-1er-cold-cream\/","title":{"rendered":"1ERS SOINS B\u00c9B\u00c9 &#8211; 1er COLD CREAM"},"content":{"rendered":"<div class=\"c-product__intro u-intro\">\n<p>Ce soin nourrit intens\u00e9ment et prot\u00e8ge la peau s\u00e8che et d\u00e9licate de b\u00e9b\u00e9 contre les agressions ext\u00e9rieures (vent, froid, eau calcaire\u2026).<br \/>\nSa formule au complexe naturel [Eau Thermale d&rsquo;Uriage + Edelweiss bio] apaise et apporte un confort imm\u00e9diat. Cette cr\u00e8me \u00e0 base d&rsquo;actifs surgraissants dont le Squalane V\u00e9g\u00e9tal riche en acides gras essentiels, restaure le film hydrolipidique de la peau.<\/p>\n<\/div>\n<div class=\"c-product__description c-content\">\n<h2>1. NOURRIT INTENS\u00c9MENT<\/h2>\n<p>Enrichi en cire d&rsquo;abeille et en huile de tournesol, ce soin est ultra-nourrissant et adoucissant.\u00a0 Le Squalane V\u00e9g\u00e9tal aide \u00e0 restaurer le film hydrolipidique.<\/p>\n<h2>2. APAISE &amp; PROT\u00c8GE<\/h2>\n<p>Sa formule au complexe [Eau Thermale d\u2019Uriage + Edelweiss bio], associ\u00e9e \u00e0 l\u2019huile de jojoba prot\u00e8ge et apaise la peau d\u00e9licate de b\u00e9b\u00e9.<\/p>\n<h2>D\u00c9MARCHE \u00c9CO-RESPONSABLE<\/h2>\n<p><strong>\u2022 FORMULE D\u2019ORIGINE NATURELLE<\/strong><br \/>\n&#8211; <strong>96%<\/strong> d\u2019ingr\u00e9dients d\u2019origine naturelle<br \/>\n&#8211; Complexe sourc\u00e9 localement (Alpes) 100% naturel : <strong>[Eau Thermale d\u2019Uriage + Edelweiss bio]<\/strong><\/p>\n<p><strong>\u2022 PACKAGING\u00a0<\/strong><strong>\u00c9<\/strong><strong>CO-CONCU<\/strong><br \/>\n<em>&#8211; Etui :<\/em> 100% recyclable<br \/>\n<em>&#8211; Tube en aluminium :<\/em> 100% recyclable<\/p>\n<\/div>\n","protected":false},"excerpt":{"rendered":"<p>Ce soin nourrit intens\u00e9ment et prot\u00e8ge la peau s\u00e8che et d\u00e9licate de b\u00e9b\u00e9 contre les agressions ext\u00e9rieures (vent, froid, eau calcaire\u2026). Sa formule au complexe naturel [Eau Thermale d&rsquo;Uriage + Edelweiss bio] apaise et apporte un confort imm\u00e9diat. Cette cr\u00e8me \u00e0 base d&rsquo;actifs surgraissants dont le Squalane V\u00e9g\u00e9tal riche en acides gras essentiels, restaure le [&hellip;]<\/p>\n","protected":false},"featured_media":8022,"comment_status":"open","ping_status":"closed","template":"","meta":[],"product_brand":[237],"product_cat":[63],"product_tag":[],"giftcard-category":[],"class_list":{"0":"post-8021","1":"product","2":"type-product","3":"status-publish","4":"has-post-thumbnail","6":"product_brand-uriage","7":"product_cat-hygiene-et-soin","9":"first","10":"instock","11":"taxable","12":"shipping-taxable","13":"purchasable","14":"product-type-simple"},"jetpack_sharing_enabled":true,"_links":{"self":[{"href":"https:\/\/foryoubaby.ma\/ar\/wp-json\/wp\/v2\/product\/8021","targetHints":{"allow":["GET"]}}],"collection":[{"href":"https:\/\/foryoubaby.ma\/ar\/wp-json\/wp\/v2\/product"}],"about":[{"href":"https:\/\/foryoubaby.ma\/ar\/wp-json\/wp\/v2\/types\/product"}],"replies":[{"embeddable":true,"href":"https:\/\/foryoubaby.ma\/ar\/wp-json\/wp\/v2\/comments?post=8021"}],"wp:featuredmedia":[{"embeddable":true,"href":"https:\/\/foryoubaby.ma\/ar\/wp-json\/wp\/v2\/media\/8022"}],"wp:attachment":[{"href":"https:\/\/foryoubaby.ma\/ar\/wp-json\/wp\/v2\/media?parent=8021"}],"wp:term":[{"taxonomy":"product_brand","embeddable":true,"href":"https:\/\/foryoubaby.ma\/ar\/wp-json\/wp\/v2\/product_brand?post=8021"},{"taxonomy":"product_cat","embeddable":true,"href":"https:\/\/foryoubaby.ma\/ar\/wp-json\/wp\/v2\/product_cat?post=8021"},{"taxonomy":"product_tag","embeddable":true,"href":"https:\/\/foryoubaby.ma\/ar\/wp-json\/wp\/v2\/product_tag?post=8021"},{"taxonomy":"giftcard-category","embeddable":true,"href":"https:\/\/foryoubaby.ma\/ar\/wp-json\/wp\/v2\/giftcard-category?post=8021"}],"curies":[{"name":"wp","href":"https:\/\/api.w.org\/{rel}","templated":true}]}}