{"id":8016,"date":"2025-08-05T18:56:28","date_gmt":"2025-08-05T18:56:28","guid":{"rendered":"https:\/\/foryoubaby.ma\/?post_type=product&#038;p=8016"},"modified":"2025-08-05T18:56:28","modified_gmt":"2025-08-05T18:56:28","slug":"uriage-bebe-1er-soin-croutes-de-lait-40ml","status":"publish","type":"product","link":"https:\/\/foryoubaby.ma\/ar\/product\/uriage-bebe-1er-soin-croutes-de-lait-40ml\/","title":{"rendered":"Uriage B\u00e9b\u00e9 1er Soin Cro\u00fbtes de lait 40ml"},"content":{"rendered":"<p><a class=\"\" title=\"Produits et Soins Uriage B\u00e9b\u00e9 au Maroc\" href=\"https:\/\/babyandmom.ma\/produits-uriage.html\">Uriage<\/a> <a class=\"\" title=\"\" href=\"https:\/\/babyandmom.ma\/univers-bebe\">B\u00e9b\u00e9<\/a> 1er Soin Cro\u00fbtes de lait 40ml.<\/p>\n<p>Le 1er Soin Cro\u00fbtes de Lait <a class=\"\" title=\"Produits et Soins Uriage B\u00e9b\u00e9 au Maroc\" href=\"https:\/\/babyandmom.ma\/produits-uriage.html\">Uriage<\/a> <a class=\"\" title=\"\" href=\"https:\/\/babyandmom.ma\/univers-bebe\">B\u00e9b\u00e9<\/a> est un soin sp\u00e9cialement formul\u00e9 pour \u00e9liminer efficacement les cro\u00fbtes de lait chez le nourrisson, tout en respectant la sensibilit\u00e9 de son cuir chevelu fragile. Gr\u00e2ce \u00e0 une combinaison exclusive d\u2019actifs dermatologiques, ce soin favorise une action assainissante, apaisante et non irritante d\u00e8s les premi\u00e8res applications.<\/p>\n<p><strong>Avantages :<\/strong><\/p>\n<p>&#8211; \u00c9limine les cro\u00fbtes de lait : gr\u00e2ce \u00e0 un complexe brevet\u00e9 TLR2 anti-irritant, associ\u00e9 \u00e0 un actif assainissant et \u00e0 l\u2019Eau Thermale d\u2019<a class=\"\" title=\"Produits et Soins Uriage B\u00e9b\u00e9 au Maroc\" href=\"https:\/\/babyandmom.ma\/produits-uriage.html\">Uriage<\/a>, ce soin purifie en douceur le cuir chevelu de <a class=\"\" title=\"\" href=\"https:\/\/babyandmom.ma\/univers-bebe\">b\u00e9b\u00e9<\/a>.<\/p>\n<p>&#8211; Apaise les irritations : enrichie en Eau Thermale d\u2019<a class=\"\" title=\"Produits et Soins Uriage B\u00e9b\u00e9 au Maroc\" href=\"https:\/\/babyandmom.ma\/produits-uriage.html\">Uriage<\/a> et en agents apaisants, la formule calme les d\u00e9mangeaisons et r\u00e9duit l\u2019inconfort li\u00e9 aux cro\u00fbtes de lait.<\/p>\n<p>&#8211; Texture l\u00e9g\u00e8re et non grasse : \u00e9mulsion fluide qui p\u00e9n\u00e8tre rapidement sans laisser de r\u00e9sidus gras, id\u00e9ale pour une utilisation quotidienne.<\/p>\n<p>&#8211; Haute tol\u00e9rance : formul\u00e9 sans parfum, sans paraben, sp\u00e9cialement con\u00e7u pour la peau d\u00e9licate des nourrissons. Test\u00e9 sous contr\u00f4le dermatologique et p\u00e9diatrique.<\/p>\n<p><strong>Conseils d\u2019utilisation :<\/strong><\/p>\n<p>Appliquer d\u00e9licatement sur les cro\u00fbtes de lait en massant l\u00e9g\u00e8rement le cuir chevelu sec.<\/p>\n<p>Laisser agir toute la nuit pour une efficacit\u00e9 optimale.<\/p>\n<p>Le lendemain matin, rincer \u00e0 l\u2019aide du 1er Shampooing <a class=\"\" title=\"Produits et Soins Uriage B\u00e9b\u00e9 au Maroc\" href=\"https:\/\/babyandmom.ma\/produits-uriage.html\">Uriage<\/a> <a class=\"\" title=\"\" href=\"https:\/\/babyandmom.ma\/univers-bebe\">B\u00e9b\u00e9<\/a> pour \u00e9liminer les r\u00e9sidus.<\/p>\n<p>\u26a0\ufe0f Pr\u00e9cautions d&#8217;emploi : \u00e9viter le contact avec les yeux.<\/p>\n<p>Indication : Soin du cuir chevelu des b\u00e9b\u00e9s sujets aux cro\u00fbtes de lait<\/p>","protected":false},"excerpt":{"rendered":"<p>Uriage B\u00e9b\u00e9 1er Soin Cro\u00fbtes de lait 40ml. Le 1er Soin Cro\u00fbtes de Lait Uriage B\u00e9b\u00e9 est un soin sp\u00e9cialement formul\u00e9 pour \u00e9liminer efficacement les cro\u00fbtes de lait chez le nourrisson, tout en respectant la sensibilit\u00e9 de son cuir chevelu fragile. Gr\u00e2ce \u00e0 une combinaison exclusive d\u2019actifs dermatologiques, ce soin favorise une action assainissante, apaisante [&hellip;]<\/p>\n","protected":false},"featured_media":8018,"comment_status":"open","ping_status":"closed","template":"","meta":[],"product_brand":[237],"product_cat":[63],"product_tag":[],"giftcard-category":[],"class_list":{"0":"post-8016","1":"product","2":"type-product","3":"status-publish","4":"has-post-thumbnail","6":"product_brand-uriage","7":"product_cat-hygiene-et-soin","9":"first","10":"instock","11":"taxable","12":"shipping-taxable","13":"purchasable","14":"product-type-simple"},"jetpack_sharing_enabled":true,"_links":{"self":[{"href":"https:\/\/foryoubaby.ma\/ar\/wp-json\/wp\/v2\/product\/8016","targetHints":{"allow":["GET"]}}],"collection":[{"href":"https:\/\/foryoubaby.ma\/ar\/wp-json\/wp\/v2\/product"}],"about":[{"href":"https:\/\/foryoubaby.ma\/ar\/wp-json\/wp\/v2\/types\/product"}],"replies":[{"embeddable":true,"href":"https:\/\/foryoubaby.ma\/ar\/wp-json\/wp\/v2\/comments?post=8016"}],"wp:featuredmedia":[{"embeddable":true,"href":"https:\/\/foryoubaby.ma\/ar\/wp-json\/wp\/v2\/media\/8018"}],"wp:attachment":[{"href":"https:\/\/foryoubaby.ma\/ar\/wp-json\/wp\/v2\/media?parent=8016"}],"wp:term":[{"taxonomy":"product_brand","embeddable":true,"href":"https:\/\/foryoubaby.ma\/ar\/wp-json\/wp\/v2\/product_brand?post=8016"},{"taxonomy":"product_cat","embeddable":true,"href":"https:\/\/foryoubaby.ma\/ar\/wp-json\/wp\/v2\/product_cat?post=8016"},{"taxonomy":"product_tag","embeddable":true,"href":"https:\/\/foryoubaby.ma\/ar\/wp-json\/wp\/v2\/product_tag?post=8016"},{"taxonomy":"giftcard-category","embeddable":true,"href":"https:\/\/foryoubaby.ma\/ar\/wp-json\/wp\/v2\/giftcard-category?post=8016"}],"curies":[{"name":"wp","href":"https:\/\/api.w.org\/{rel}","templated":true}]}}