{"id":8014,"date":"2025-08-05T18:23:45","date_gmt":"2025-08-05T18:23:45","guid":{"rendered":"https:\/\/foryoubaby.ma\/?post_type=product&#038;p=8014"},"modified":"2025-08-05T18:23:45","modified_gmt":"2025-08-05T18:23:45","slug":"1ers-soins-bebe-1ere-creme-hydratante","status":"publish","type":"product","link":"https:\/\/foryoubaby.ma\/ar\/product\/1ers-soins-bebe-1ere-creme-hydratante\/","title":{"rendered":"1ERS SOINS B\u00c9B\u00c9 &#8211; 1\u00e8re CR\u00c8ME HYDRATANTE"},"content":{"rendered":"<div class=\"c-product__intro u-intro\">\n<p>Cette cr\u00e8me hydrate intens\u00e9ment la peau d\u00e9licate de b\u00e9b\u00e9 et la pr\u00e9serve du dess\u00e8chement.<br \/>\nSa formule au complexe naturel [Eau Thermale d&rsquo;Uriage + Edelweiss bio] associ\u00e9e au Squalane V\u00e9g\u00e9tal, cr\u00e9\u00e9 un film protecteur. La peau est imm\u00e9diatement et durablement hydrat\u00e9e, douce et d\u00e9licatement parfum\u00e9e.<\/p>\n<\/div>\n<div class=\"c-product__description c-content\">\n<h2>1. HYDRATE<\/h2>\n<p>Gr\u00e2ce au complexe [Eau Thermale d\u2019Uriage + Edelweiss Bio], ce soin hydrate de fa\u00e7on optimale la peau d\u00e9licate de b\u00e9b\u00e9.<\/p>\n<h2>2. APAISE &amp; PROT\u00c8GE<\/h2>\n<p>Cette cr\u00e8me l\u00e9g\u00e8re prot\u00e8ge et renforce les d\u00e9fenses naturelles de la peau en renfor\u00e7ant la barri\u00e8re cutan\u00e9e. Enrichie en Beurre de Karit\u00e9 et Squalane v\u00e9g\u00e9tal, la peau de b\u00e9b\u00e9 est pr\u00e9serv\u00e9e du dess\u00e8chement.<\/p>\n<h2>D\u00c9MARCHE \u00c9CO-RESPONSABLE<\/h2>\n<p><strong>\u2022 FORMULE D\u2019ORIGINE NATURELLE<\/strong><br \/>\n&#8211; <strong>97%<\/strong> d\u2019ingr\u00e9dients d\u2019origine naturelle<br \/>\n&#8211; Complexe sourc\u00e9 localement (Alpes) 100% naturel : <strong>[Eau Thermale d\u2019Uriage + Edelweiss Bio]<\/strong><\/p>\n<p><strong>\u2022 PACKAGING\u00a0<\/strong><strong>\u00c9<\/strong><strong>CO-CON<\/strong><strong>\u00c7<\/strong><strong>U<\/strong><br \/>\n<em>&#8211; Etui :<\/em> 100% recyclable<\/p>\n<\/div>\n","protected":false},"excerpt":{"rendered":"<p>Cette cr\u00e8me hydrate intens\u00e9ment la peau d\u00e9licate de b\u00e9b\u00e9 et la pr\u00e9serve du dess\u00e8chement. Sa formule au complexe naturel [Eau Thermale d&rsquo;Uriage + Edelweiss bio] associ\u00e9e au Squalane V\u00e9g\u00e9tal, cr\u00e9\u00e9 un film protecteur. La peau est imm\u00e9diatement et durablement hydrat\u00e9e, douce et d\u00e9licatement parfum\u00e9e. 1. HYDRATE Gr\u00e2ce au complexe [Eau Thermale d\u2019Uriage + Edelweiss Bio], [&hellip;]<\/p>\n","protected":false},"featured_media":8015,"comment_status":"open","ping_status":"closed","template":"","meta":[],"product_brand":[237],"product_cat":[63],"product_tag":[],"giftcard-category":[],"class_list":{"0":"post-8014","1":"product","2":"type-product","3":"status-publish","4":"has-post-thumbnail","6":"product_brand-uriage","7":"product_cat-hygiene-et-soin","9":"first","10":"instock","11":"taxable","12":"shipping-taxable","13":"purchasable","14":"product-type-simple"},"jetpack_sharing_enabled":true,"_links":{"self":[{"href":"https:\/\/foryoubaby.ma\/ar\/wp-json\/wp\/v2\/product\/8014","targetHints":{"allow":["GET"]}}],"collection":[{"href":"https:\/\/foryoubaby.ma\/ar\/wp-json\/wp\/v2\/product"}],"about":[{"href":"https:\/\/foryoubaby.ma\/ar\/wp-json\/wp\/v2\/types\/product"}],"replies":[{"embeddable":true,"href":"https:\/\/foryoubaby.ma\/ar\/wp-json\/wp\/v2\/comments?post=8014"}],"wp:featuredmedia":[{"embeddable":true,"href":"https:\/\/foryoubaby.ma\/ar\/wp-json\/wp\/v2\/media\/8015"}],"wp:attachment":[{"href":"https:\/\/foryoubaby.ma\/ar\/wp-json\/wp\/v2\/media?parent=8014"}],"wp:term":[{"taxonomy":"product_brand","embeddable":true,"href":"https:\/\/foryoubaby.ma\/ar\/wp-json\/wp\/v2\/product_brand?post=8014"},{"taxonomy":"product_cat","embeddable":true,"href":"https:\/\/foryoubaby.ma\/ar\/wp-json\/wp\/v2\/product_cat?post=8014"},{"taxonomy":"product_tag","embeddable":true,"href":"https:\/\/foryoubaby.ma\/ar\/wp-json\/wp\/v2\/product_tag?post=8014"},{"taxonomy":"giftcard-category","embeddable":true,"href":"https:\/\/foryoubaby.ma\/ar\/wp-json\/wp\/v2\/giftcard-category?post=8014"}],"curies":[{"name":"wp","href":"https:\/\/api.w.org\/{rel}","templated":true}]}}