{"id":8012,"date":"2025-08-05T18:16:28","date_gmt":"2025-08-05T18:16:28","guid":{"rendered":"https:\/\/foryoubaby.ma\/?post_type=product&#038;p=8012"},"modified":"2025-08-05T18:16:28","modified_gmt":"2025-08-05T18:16:28","slug":"uriage-bebe-1er-change-100ml","status":"publish","type":"product","link":"https:\/\/foryoubaby.ma\/ar\/product\/uriage-bebe-1er-change-100ml\/","title":{"rendered":"Uriage B\u00e9b\u00e9 1er Change 100ml."},"content":{"rendered":"<p>Cette cr\u00e8me pr\u00e9vient efficacement l\u2019apparition des rougeurs et r\u00e9pare l\u2019\u00e9piderme fragilis\u00e9 au quotidien par les couches.<\/p>\n<p>Sa formule au complexe naturel [Eau Thermale d&rsquo;<a class=\"\" title=\"Produits et Soins Uriage B\u00e9b\u00e9 au Maroc\" href=\"https:\/\/babyandmom.ma\/produits-uriage.html\">Uriage<\/a> + Edelweiss bio] apaise les sensations d&rsquo;inconfort, favorise la diminution des rougeurs et renforce la barri\u00e8re cutan\u00e9e.<\/p>\n<p>Enrichie en oxyde de zinc et en cire d&rsquo;abeille, elle isole l\u2019\u00e9piderme en surface sans effet occlusif et favorise sa r\u00e9paration en laissant un film protecteur invisible. La peau est apais\u00e9e et prot\u00e9g\u00e9e.<\/p>\n","protected":false},"excerpt":{"rendered":"<p>Cette cr\u00e8me pr\u00e9vient efficacement l\u2019apparition des rougeurs et r\u00e9pare l\u2019\u00e9piderme fragilis\u00e9 au quotidien par les couches. Sa formule au complexe naturel [Eau Thermale d&rsquo;Uriage + Edelweiss bio] apaise les sensations d&rsquo;inconfort, favorise la diminution des rougeurs et renforce la barri\u00e8re cutan\u00e9e. Enrichie en oxyde de zinc et en cire d&rsquo;abeille, elle isole l\u2019\u00e9piderme en surface [&hellip;]<\/p>\n","protected":false},"featured_media":8013,"comment_status":"open","ping_status":"closed","template":"","meta":[],"product_brand":[],"product_cat":[63],"product_tag":[],"giftcard-category":[],"class_list":{"0":"post-8012","1":"product","2":"type-product","3":"status-publish","4":"has-post-thumbnail","6":"product_cat-hygiene-et-soin","8":"first","9":"instock","10":"taxable","11":"shipping-taxable","12":"purchasable","13":"product-type-simple"},"jetpack_sharing_enabled":true,"_links":{"self":[{"href":"https:\/\/foryoubaby.ma\/ar\/wp-json\/wp\/v2\/product\/8012","targetHints":{"allow":["GET"]}}],"collection":[{"href":"https:\/\/foryoubaby.ma\/ar\/wp-json\/wp\/v2\/product"}],"about":[{"href":"https:\/\/foryoubaby.ma\/ar\/wp-json\/wp\/v2\/types\/product"}],"replies":[{"embeddable":true,"href":"https:\/\/foryoubaby.ma\/ar\/wp-json\/wp\/v2\/comments?post=8012"}],"wp:featuredmedia":[{"embeddable":true,"href":"https:\/\/foryoubaby.ma\/ar\/wp-json\/wp\/v2\/media\/8013"}],"wp:attachment":[{"href":"https:\/\/foryoubaby.ma\/ar\/wp-json\/wp\/v2\/media?parent=8012"}],"wp:term":[{"taxonomy":"product_brand","embeddable":true,"href":"https:\/\/foryoubaby.ma\/ar\/wp-json\/wp\/v2\/product_brand?post=8012"},{"taxonomy":"product_cat","embeddable":true,"href":"https:\/\/foryoubaby.ma\/ar\/wp-json\/wp\/v2\/product_cat?post=8012"},{"taxonomy":"product_tag","embeddable":true,"href":"https:\/\/foryoubaby.ma\/ar\/wp-json\/wp\/v2\/product_tag?post=8012"},{"taxonomy":"giftcard-category","embeddable":true,"href":"https:\/\/foryoubaby.ma\/ar\/wp-json\/wp\/v2\/giftcard-category?post=8012"}],"curies":[{"name":"wp","href":"https:\/\/api.w.org\/{rel}","templated":true}]}}